{"id":2009,"date":"2018-12-27T07:32:08","date_gmt":"2018-12-27T07:32:08","guid":{"rendered":"http:\/\/www.taizyfoodmachine.com\/?page_id=2"},"modified":"2026-01-21T17:42:06","modified_gmt":"2026-01-21T09:42:06","slug":"about-us","status":"publish","type":"page","link":"https:\/\/www.taizyfoodmachine.com\/de\/about-us","title":{"rendered":"\u00dcber uns"},"content":{"rendered":"<p class=\"translation-block\"><span style=\"font-size: 20px\"><strong>UNSERE RUFBEKANNTHEIT<\/strong><\/span><br>Zhengzhou Taizy Machinery Co., LTD., gegr\u00fcndet im Jahr 2011, ist der f\u00fchrende Maschinenhersteller und Au\u00dfenhandelsunternehmen aus China mit Hauptsitz in Zhengzhou, der Hauptstadt der Provinz Henan im mittleren China. Taizy steht f\u00fcr Integrit\u00e4t in Forschung und Entwicklung (F&amp;E), Herstellung, technischen Service und Au\u00dfenhandel hochwertiger Lebensmittelverarbeitungsger\u00e4te.<\/p>    <p>Bemerkenswert ist, dass Taizy durch ihre streng geschulte Ingenieurmannschaft, talentierte Designer, professionelle ausl\u00e4ndische Vertriebsteams und qualitativ hochwertige Produkte mit langer Lebensdauer sowie herzliche Dienstleistungen unterst\u00fctzt wird. Taizy hat Kunden in Asien, Europa und Afrika bedient \u2013 in den letzten Jahren wurden Taizy-Produkte in mehr als 100 L\u00e4ndern und Regionen verkauft, darunter Australien, Japan, Singapur, Amerika, Nigeria, Kenia, Ghana, Kongo, \u00c4thiopien, Namibia, Marokko, Botswana, Simbabwe, Uganda, Algerien, Kamerun, Indonesien, Indien, Bangladesch, Dominica usw. Taizy ist ein unverzichtbarer Bestandteil der globalen Lebensmittelindustrie und genie\u00dft gro\u00dfe Popularit\u00e4t auf internationalen Lebensmittelm\u00e4rkten.<\/p>   <div class=\"wp-block-image\"> <figure class=\"aligncenter\"><img decoding=\"async\" src=\"https:\/\/www.taizyfoodmachine.com\/wp-content\/uploads\/2019\/01\/zhengshu.jpg\" alt=\"\" title=\"\"><\/figure> <\/div>   <div align=\"center\"><\/div>    <p class=\"translation-block\"><span style=\"font-size: 20px\"><strong>TECHNOLOGISCHER SUPPORT<\/strong><\/span><br>Spezialteam: Taizy, von der Materialauswahl bis zum Maschinendesign und -herstellung, hat erheblich in die Verbesserung der Humanressourcen investiert, indem es modernste Designer, gut ausgebildete Ingenieure und hervorragende Hersteller eingestellt hat. Zudem hat Taizy eine Reihe von Qualit\u00e4tstestger\u00e4ten eingef\u00fchrt, um die Maschinen vor der Auslieferung zu pr\u00fcfen und so die langlebige Nutzung und die hohe Qualit\u00e4t unserer fertigen Ger\u00e4te zu gew\u00e4hrleisten.<\/p>    <p>Aus diesem Grund behauptete Taizy mehr als zehn Jahre lang seine F\u00fchrungsposition in Technologie, Design und Fertigung in der Lebensmittelausr\u00fcstungsindustrie und gilt als einer der ehrlichsten und vertrauensw\u00fcrdigsten Kooperationspartner in China.<\/p>   <div class=\"wp-block-image\"> <figure class=\"aligncenter size-large is-resized\"><img loading=\"lazy\" decoding=\"async\" width=\"519\" height=\"540\" src=\"https:\/\/www.taizyfoodmachine.com\/wp-content\/uploads\/2026\/01\/Taizys-clients-519x540.webp\" alt=\"Taizys Kunden\" class=\"wp-image-20354\" style=\"aspect-ratio:0.9611307420494699;width:609px;height:auto\" title=\"\" srcset=\"https:\/\/www.taizyfoodmachine.com\/wp-content\/uploads\/2026\/01\/Taizys-clients-519x540.webp 519w, https:\/\/www.taizyfoodmachine.com\/wp-content\/uploads\/2026\/01\/Taizys-clients-346x360.webp 346w, https:\/\/www.taizyfoodmachine.com\/wp-content\/uploads\/2026\/01\/Taizys-clients-144x150.webp 144w, https:\/\/www.taizyfoodmachine.com\/wp-content\/uploads\/2026\/01\/Taizys-clients-12x12.webp 12w, https:\/\/www.taizyfoodmachine.com\/wp-content\/uploads\/2026\/01\/Taizys-clients.webp 750w\" sizes=\"auto, (max-width: 519px) 100vw, 519px\" \/><figcaption class=\"wp-element-caption\">Taizys Kunden<\/figcaption><\/figure> <\/div>   <p class=\"translation-block\"><span style=\"font-size: 20px\"><strong>UNSERE OPTIMIERTE L\u00d6SUNG<\/strong><\/span><br>Das Unternehmen verf\u00fcgt \u00fcber ein fortschrittliches Bearbeitungszentrum f\u00fcr automatisches Schwei\u00dfen und Laserschneiden f\u00fcr spezielle Formteile sowie manuelle Polierung, um das Erscheinungsbild der Ger\u00e4te sauber und exquisit zu gestalten. Zudem gibt es eine vollst\u00e4ndige Inspektionseinrichtung, um die hohe Qualit\u00e4t der fertigen Ger\u00e4te zu garantieren, um eine glatte Verarbeitung, sichere Arbeit, Einhaltung der Hygienestandards sowie eine exzellente und effiziente Produktion zu gew\u00e4hrleisten. Zu den meistverkauften Produkten von Taizy geh\u00f6ren: Gem\u00fcsereinigungsmaschine, Wurzelgem\u00fcse-Reinigungs- und Sch\u00e4ummaschine, Schneidemaschine f\u00fcr Gem\u00fcse und Obst, Blanchierungs- und K\u00fchlmaschine, Lufttrocknungsanlage, Verpackungsausr\u00fcstung usw., die breit in der Sterilisation und Verarbeitung verschiedener Gem\u00fcse, Fr\u00fcchte, Freizeitnahrungsmittel sowie in der tiefgehenden Verarbeitung landwirtschaftlicher Produkte eingesetzt werden k\u00f6nnen. Das ultimative Ziel von Taizy ist es, Kunden praktische, erschwingliche und profitable L\u00f6sungen f\u00fcr die Lebensmittelproduktion anzubieten, um die Entwicklung der Kunden zu f\u00f6rdern, die Produktionslinie aufzur\u00fcsten, das Unternehmensprofil zu st\u00e4rken und das Ansehen der Kunden zu steigern.<\/p>    <p>Bislang hat Taizy bemerkenswerte Lebensmittelverarbeitungsl\u00f6sungen erfunden und entwickelt, darunter eine Produktionslinie f\u00fcr tiefgefrorene Kartoffelchips\/Pommes frites; Produktionslinie f\u00fcr Bananenchips; Reinigungs- und Waschverarbeitungslinie f\u00fcr Gem\u00fcse und Obst usw.<\/p>    <div style=\"margin-top: 10px;\"> <\/div>   <div id='gallery-1' class='gallery galleryid-2009 gallery-columns-2 gallery-size-herald-lay-a'><figure class='gallery-item'> \t\t\t<div class='gallery-icon landscape'> \t\t\t\t<a class=\"herald-popup\" href='https:\/\/www.taizyfoodmachine.com\/wp-content\/uploads\/2022\/02\/QQ\u56fe\u724720191022115603-tuya_\u7ed3\u679c.jpg'><img loading=\"lazy\" decoding=\"async\" width=\"720\" height=\"540\" src=\"https:\/\/www.taizyfoodmachine.com\/wp-content\/uploads\/2022\/02\/QQ\u56fe\u724720191022115603-tuya_\u7ed3\u679c.jpg\" class=\"attachment-herald-lay-a size-herald-lay-a\" alt=\"\" srcset=\"https:\/\/www.taizyfoodmachine.com\/wp-content\/uploads\/2022\/02\/QQ\u56fe\u724720191022115603-tuya_\u7ed3\u679c.jpg 720w, https:\/\/www.taizyfoodmachine.com\/wp-content\/uploads\/2022\/02\/QQ\u56fe\u724720191022115603-tuya_\u7ed3\u679c-480x360.jpg 480w, https:\/\/www.taizyfoodmachine.com\/wp-content\/uploads\/2022\/02\/QQ\u56fe\u724720191022115603-tuya_\u7ed3\u679c-150x113.jpg 150w, https:\/\/www.taizyfoodmachine.com\/wp-content\/uploads\/2022\/02\/QQ\u56fe\u724720191022115603-tuya_\u7ed3\u679c-16x12.jpg 16w, https:\/\/www.taizyfoodmachine.com\/wp-content\/uploads\/2022\/02\/QQ\u56fe\u724720191022115603-tuya_\u7ed3\u679c-74x55.jpg 74w, https:\/\/www.taizyfoodmachine.com\/wp-content\/uploads\/2022\/02\/QQ\u56fe\u724720191022115603-tuya_\u7ed3\u679c-111x83.jpg 111w\" sizes=\"auto, (max-width: 720px) 100vw, 720px\" title=\"\"><\/a> \t\t\t<\/div><\/figure><figure class='gallery-item'> \t\t\t<div class='gallery-icon landscape'> \t\t\t\t<a class=\"herald-popup\" href='https:\/\/www.taizyfoodmachine.com\/wp-content\/uploads\/2022\/02\/IMG_20191022_111715-tuya_\u7ed3\u679c.jpg'><img loading=\"lazy\" decoding=\"async\" width=\"720\" height=\"540\" src=\"https:\/\/www.taizyfoodmachine.com\/wp-content\/uploads\/2022\/02\/IMG_20191022_111715-tuya_\u7ed3\u679c.jpg\" class=\"attachment-herald-lay-a size-herald-lay-a\" alt=\"\" srcset=\"https:\/\/www.taizyfoodmachine.com\/wp-content\/uploads\/2022\/02\/IMG_20191022_111715-tuya_\u7ed3\u679c.jpg 720w, https:\/\/www.taizyfoodmachine.com\/wp-content\/uploads\/2022\/02\/IMG_20191022_111715-tuya_\u7ed3\u679c-480x360.jpg 480w, https:\/\/www.taizyfoodmachine.com\/wp-content\/uploads\/2022\/02\/IMG_20191022_111715-tuya_\u7ed3\u679c-150x113.jpg 150w, https:\/\/www.taizyfoodmachine.com\/wp-content\/uploads\/2022\/02\/IMG_20191022_111715-tuya_\u7ed3\u679c-16x12.jpg 16w, https:\/\/www.taizyfoodmachine.com\/wp-content\/uploads\/2022\/02\/IMG_20191022_111715-tuya_\u7ed3\u679c-74x55.jpg 74w, https:\/\/www.taizyfoodmachine.com\/wp-content\/uploads\/2022\/02\/IMG_20191022_111715-tuya_\u7ed3\u679c-111x83.jpg 111w\" sizes=\"auto, (max-width: 720px) 100vw, 720px\" title=\"\"><\/a> \t\t\t<\/div><\/figure><figure class='gallery-item'> \t\t\t<div class='gallery-icon landscape'> \t\t\t\t<a class=\"herald-popup\" href='https:\/\/www.taizyfoodmachine.com\/wp-content\/uploads\/2022\/02\/98@YN2PEVMHK3FWSRU-tuya_\u7ed3\u679c.jpg'><img loading=\"lazy\" decoding=\"async\" width=\"720\" height=\"540\" src=\"https:\/\/www.taizyfoodmachine.com\/wp-content\/uploads\/2022\/02\/98@YN2PEVMHK3FWSRU-tuya_\u7ed3\u679c.jpg\" class=\"attachment-herald-lay-a size-herald-lay-a\" alt=\"\" srcset=\"https:\/\/www.taizyfoodmachine.com\/wp-content\/uploads\/2022\/02\/98@YN2PEVMHK3FWSRU-tuya_\u7ed3\u679c.jpg 720w, https:\/\/www.taizyfoodmachine.com\/wp-content\/uploads\/2022\/02\/98@YN2PEVMHK3FWSRU-tuya_\u7ed3\u679c-480x360.jpg 480w, https:\/\/www.taizyfoodmachine.com\/wp-content\/uploads\/2022\/02\/98@YN2PEVMHK3FWSRU-tuya_\u7ed3\u679c-150x113.jpg 150w, https:\/\/www.taizyfoodmachine.com\/wp-content\/uploads\/2022\/02\/98@YN2PEVMHK3FWSRU-tuya_\u7ed3\u679c-16x12.jpg 16w, https:\/\/www.taizyfoodmachine.com\/wp-content\/uploads\/2022\/02\/98@YN2PEVMHK3FWSRU-tuya_\u7ed3\u679c-74x55.jpg 74w, https:\/\/www.taizyfoodmachine.com\/wp-content\/uploads\/2022\/02\/98@YN2PEVMHK3FWSRU-tuya_\u7ed3\u679c-111x83.jpg 111w\" sizes=\"auto, (max-width: 720px) 100vw, 720px\" title=\"\"><\/a> \t\t\t<\/div><\/figure><figure class='gallery-item'> \t\t\t<div class='gallery-icon landscape'> \t\t\t\t<a class=\"herald-popup\" href='https:\/\/www.taizyfoodmachine.com\/wp-content\/uploads\/2022\/02\/stock2-tuya_\u7ed3\u679c.jpg'><img loading=\"lazy\" decoding=\"async\" width=\"720\" height=\"540\" src=\"https:\/\/www.taizyfoodmachine.com\/wp-content\/uploads\/2022\/02\/stock2-tuya_\u7ed3\u679c.jpg\" class=\"attachment-herald-lay-a size-herald-lay-a\" alt=\"\" srcset=\"https:\/\/www.taizyfoodmachine.com\/wp-content\/uploads\/2022\/02\/stock2-tuya_\u7ed3\u679c.jpg 720w, https:\/\/www.taizyfoodmachine.com\/wp-content\/uploads\/2022\/02\/stock2-tuya_\u7ed3\u679c-480x360.jpg 480w, https:\/\/www.taizyfoodmachine.com\/wp-content\/uploads\/2022\/02\/stock2-tuya_\u7ed3\u679c-150x113.jpg 150w, https:\/\/www.taizyfoodmachine.com\/wp-content\/uploads\/2022\/02\/stock2-tuya_\u7ed3\u679c-16x12.jpg 16w, https:\/\/www.taizyfoodmachine.com\/wp-content\/uploads\/2022\/02\/stock2-tuya_\u7ed3\u679c-74x55.jpg 74w, https:\/\/www.taizyfoodmachine.com\/wp-content\/uploads\/2022\/02\/stock2-tuya_\u7ed3\u679c-111x83.jpg 111w\" sizes=\"auto, (max-width: 720px) 100vw, 720px\" title=\"\"><\/a> \t\t\t<\/div><\/figure> \t\t<\/div>    <p class=\"translation-block\"><span style=\"font-size: 20px\"><strong>UNSER KONZEPT<\/strong><\/span><\/p>    <p>Drei Hauptkonzepte, die Taizy Machinery sch\u00e4tzt: Integrit\u00e4t, Dankbarkeit, Altruismus, gegenseitige Unterst\u00fctzung;<\/p>    <p>Einhaltung der Mission von Taizy Machinery: weltweit exportieren, China-Maschinen weltbekannt machen;<\/p>    <p>Die Vision von Taizy Machinery: die beste Plattform f\u00fcr die Entwicklung der Mitarbeiter zu schaffen.<\/p>    <p>Taizy ist ein marktorientiertes Unternehmen, dessen Entwicklung \u201edie Nutzung von Prestige durch den Verkauf hochwertiger Produkte und die Bereitstellung personalisierter Dienstleistungen\u201c zum Ziel hat. Es hat in der Produktentwicklung fortschrittliche Technologie, hochwertige Produktionsanlagen und ein technisches Schulungsteam zu Hause und an Bord eingef\u00fchrt. Ger\u00e4teherstellung und Qualit\u00e4tskontrolle der fertigen Produkte. Aufgrund der Anforderungen des internationalen Marktes f\u00fcr Lebensmittelverarbeitungsger\u00e4te erfreuen sich die von Taizy erfundenen und entwickelten Ger\u00e4te und Maschinen auf dem internationalen Markt gro\u00dfer Beliebtheit.<\/p>    <p>Die Mitarbeiter des Unternehmens von Taizy arbeiten mit voller Begeisterung und aufrichtiger Einstellung, um das Konzept der Win-Win-Gesch\u00e4ftsbeziehungen aufrechtzuerhalten, begr\u00fc\u00dfen neue und alte Kunden herzlich zu Gesch\u00e4ftsbesuchen und bauen die Kooperationsbeziehungen mit uns auf. Mit Blick auf die Zukunft widmet sich Taizy der Entwicklung erstklassiger Energiespar- und Produktionsl\u00f6sungen, um unseren Kunden zu helfen, die Zukunft durch die Erzielung h\u00f6herer Gewinne zu gewinnen. Taizy schenkt den Anforderungen und Erwartungen der Kunden mit gr\u00f6\u00dfter Anstrengung mehr Aufmerksamkeit.<br>Sich f\u00fcr Taizy zu entscheiden, um ein erfolgreiches Gesch\u00e4ft zu verwirklichen!<\/p>    <p class=\"translation-block\"><span style=\"font-size: 20px\"><strong>TAIZY-ZERTIFIKAT<\/strong><\/span><br>Taizy wurde durch den Erhalt von SGS-, ISO-, CE- und BV-Zertifikaten zertifiziert. Gleichzeitig wurde Taizy in der Provinz Henan, China, als \u201eJ\u00e4hrlich zuverl\u00e4ssiges Unternehmen\u201c und \u201eFortschrittliches Unternehmen f\u00fcr sichere Arbeit\u201c ausgezeichnet. Taizy widmet sich der Diversifizierung und ist ein weltweit bekanntes Unternehmen f\u00fcr Maschineninnovation und -herstellung.<\/p>   <div id='gallery-2' class='gallery galleryid-2009 gallery-columns-3 gallery-size-herald-lay-c1'><figure class='gallery-item'> \t\t\t<div class='gallery-icon portrait'> \t\t\t\t<a class=\"herald-popup\" href='https:\/\/www.taizyfoodmachine.com\/wp-content\/uploads\/2022\/02\/black-garlic-fermentation-machine-CE.jpg'><img loading=\"lazy\" decoding=\"async\" width=\"720\" height=\"1018\" src=\"https:\/\/www.taizyfoodmachine.com\/wp-content\/uploads\/2022\/02\/black-garlic-fermentation-machine-CE.jpg\" class=\"attachment-herald-lay-c1 size-herald-lay-c1\" alt=\"\" srcset=\"https:\/\/www.taizyfoodmachine.com\/wp-content\/uploads\/2022\/02\/black-garlic-fermentation-machine-CE.jpg 720w, https:\/\/www.taizyfoodmachine.com\/wp-content\/uploads\/2022\/02\/black-garlic-fermentation-machine-CE-255x360.jpg 255w, https:\/\/www.taizyfoodmachine.com\/wp-content\/uploads\/2022\/02\/black-garlic-fermentation-machine-CE-382x540.jpg 382w, https:\/\/www.taizyfoodmachine.com\/wp-content\/uploads\/2022\/02\/black-garlic-fermentation-machine-CE-106x150.jpg 106w, https:\/\/www.taizyfoodmachine.com\/wp-content\/uploads\/2022\/02\/black-garlic-fermentation-machine-CE-8x12.jpg 8w\" sizes=\"auto, (max-width: 720px) 100vw, 720px\" title=\"\"><\/a> \t\t\t<\/div><\/figure><figure class='gallery-item'> \t\t\t<div class='gallery-icon portrait'> \t\t\t\t<a class=\"herald-popup\" href='https:\/\/www.taizyfoodmachine.com\/wp-content\/uploads\/2022\/02\/blanching-machine-CE.jpg'><img loading=\"lazy\" decoding=\"async\" width=\"720\" height=\"1018\" src=\"https:\/\/www.taizyfoodmachine.com\/wp-content\/uploads\/2022\/02\/blanching-machine-CE.jpg\" class=\"attachment-herald-lay-c1 size-herald-lay-c1\" alt=\"\" srcset=\"https:\/\/www.taizyfoodmachine.com\/wp-content\/uploads\/2022\/02\/blanching-machine-CE.jpg 720w, https:\/\/www.taizyfoodmachine.com\/wp-content\/uploads\/2022\/02\/blanching-machine-CE-255x360.jpg 255w, https:\/\/www.taizyfoodmachine.com\/wp-content\/uploads\/2022\/02\/blanching-machine-CE-382x540.jpg 382w, https:\/\/www.taizyfoodmachine.com\/wp-content\/uploads\/2022\/02\/blanching-machine-CE-106x150.jpg 106w, https:\/\/www.taizyfoodmachine.com\/wp-content\/uploads\/2022\/02\/blanching-machine-CE-8x12.jpg 8w\" sizes=\"auto, (max-width: 720px) 100vw, 720px\" title=\"\"><\/a> \t\t\t<\/div><\/figure><figure class='gallery-item'> \t\t\t<div class='gallery-icon portrait'> \t\t\t\t<a class=\"herald-popup\" href='https:\/\/www.taizyfoodmachine.com\/wp-content\/uploads\/2022\/02\/fruit-processing-production-line-CE.jpg'><img loading=\"lazy\" decoding=\"async\" width=\"720\" height=\"1018\" src=\"https:\/\/www.taizyfoodmachine.com\/wp-content\/uploads\/2022\/02\/fruit-processing-production-line-CE.jpg\" class=\"attachment-herald-lay-c1 size-herald-lay-c1\" alt=\"\" srcset=\"https:\/\/www.taizyfoodmachine.com\/wp-content\/uploads\/2022\/02\/fruit-processing-production-line-CE.jpg 720w, https:\/\/www.taizyfoodmachine.com\/wp-content\/uploads\/2022\/02\/fruit-processing-production-line-CE-255x360.jpg 255w, https:\/\/www.taizyfoodmachine.com\/wp-content\/uploads\/2022\/02\/fruit-processing-production-line-CE-382x540.jpg 382w, https:\/\/www.taizyfoodmachine.com\/wp-content\/uploads\/2022\/02\/fruit-processing-production-line-CE-106x150.jpg 106w, https:\/\/www.taizyfoodmachine.com\/wp-content\/uploads\/2022\/02\/fruit-processing-production-line-CE-8x12.jpg 8w\" sizes=\"auto, (max-width: 720px) 100vw, 720px\" title=\"\"><\/a> \t\t\t<\/div><\/figure><figure class='gallery-item'> \t\t\t<div class='gallery-icon portrait'> \t\t\t\t<a class=\"herald-popup\" href='https:\/\/www.taizyfoodmachine.com\/wp-content\/uploads\/2022\/02\/popcorn-making-machine-CE.jpg'><img loading=\"lazy\" decoding=\"async\" width=\"720\" height=\"1018\" src=\"https:\/\/www.taizyfoodmachine.com\/wp-content\/uploads\/2022\/02\/popcorn-making-machine-CE.jpg\" class=\"attachment-herald-lay-c1 size-herald-lay-c1\" alt=\"\" srcset=\"https:\/\/www.taizyfoodmachine.com\/wp-content\/uploads\/2022\/02\/popcorn-making-machine-CE.jpg 720w, https:\/\/www.taizyfoodmachine.com\/wp-content\/uploads\/2022\/02\/popcorn-making-machine-CE-255x360.jpg 255w, https:\/\/www.taizyfoodmachine.com\/wp-content\/uploads\/2022\/02\/popcorn-making-machine-CE-382x540.jpg 382w, https:\/\/www.taizyfoodmachine.com\/wp-content\/uploads\/2022\/02\/popcorn-making-machine-CE-106x150.jpg 106w, https:\/\/www.taizyfoodmachine.com\/wp-content\/uploads\/2022\/02\/popcorn-making-machine-CE-8x12.jpg 8w\" sizes=\"auto, (max-width: 720px) 100vw, 720px\" title=\"\"><\/a> \t\t\t<\/div><\/figure><figure class='gallery-item'> \t\t\t<div class='gallery-icon portrait'> \t\t\t\t<a class=\"herald-popup\" href='https:\/\/www.taizyfoodmachine.com\/wp-content\/uploads\/2022\/02\/separator-machine-CE.jpg'><img loading=\"lazy\" decoding=\"async\" width=\"720\" height=\"1018\" src=\"https:\/\/www.taizyfoodmachine.com\/wp-content\/uploads\/2022\/02\/separator-machine-CE.jpg\" class=\"attachment-herald-lay-c1 size-herald-lay-c1\" alt=\"\" srcset=\"https:\/\/www.taizyfoodmachine.com\/wp-content\/uploads\/2022\/02\/separator-machine-CE.jpg 720w, https:\/\/www.taizyfoodmachine.com\/wp-content\/uploads\/2022\/02\/separator-machine-CE-255x360.jpg 255w, https:\/\/www.taizyfoodmachine.com\/wp-content\/uploads\/2022\/02\/separator-machine-CE-382x540.jpg 382w, https:\/\/www.taizyfoodmachine.com\/wp-content\/uploads\/2022\/02\/separator-machine-CE-106x150.jpg 106w, https:\/\/www.taizyfoodmachine.com\/wp-content\/uploads\/2022\/02\/separator-machine-CE-8x12.jpg 8w\" sizes=\"auto, (max-width: 720px) 100vw, 720px\" title=\"\"><\/a> \t\t\t<\/div><\/figure><figure class='gallery-item'> \t\t\t<div class='gallery-icon portrait'> \t\t\t\t<a class=\"herald-popup\" href='https:\/\/www.taizyfoodmachine.com\/wp-content\/uploads\/2022\/02\/sesame-washing-peeling-machine-CE.jpg'><img loading=\"lazy\" decoding=\"async\" width=\"720\" height=\"1018\" src=\"https:\/\/www.taizyfoodmachine.com\/wp-content\/uploads\/2022\/02\/sesame-washing-peeling-machine-CE.jpg\" class=\"attachment-herald-lay-c1 size-herald-lay-c1\" alt=\"\" srcset=\"https:\/\/www.taizyfoodmachine.com\/wp-content\/uploads\/2022\/02\/sesame-washing-peeling-machine-CE.jpg 720w, https:\/\/www.taizyfoodmachine.com\/wp-content\/uploads\/2022\/02\/sesame-washing-peeling-machine-CE-255x360.jpg 255w, https:\/\/www.taizyfoodmachine.com\/wp-content\/uploads\/2022\/02\/sesame-washing-peeling-machine-CE-382x540.jpg 382w, https:\/\/www.taizyfoodmachine.com\/wp-content\/uploads\/2022\/02\/sesame-washing-peeling-machine-CE-106x150.jpg 106w, https:\/\/www.taizyfoodmachine.com\/wp-content\/uploads\/2022\/02\/sesame-washing-peeling-machine-CE-8x12.jpg 8w\" sizes=\"auto, (max-width: 720px) 100vw, 720px\" title=\"\"><\/a> \t\t\t<\/div><\/figure><figure class='gallery-item'> \t\t\t<div class='gallery-icon portrait'> \t\t\t\t<a class=\"herald-popup\" href='https:\/\/www.taizyfoodmachine.com\/wp-content\/uploads\/2022\/02\/vegetable-cutting-machine-CE.jpg'><img loading=\"lazy\" decoding=\"async\" width=\"720\" height=\"1018\" src=\"https:\/\/www.taizyfoodmachine.com\/wp-content\/uploads\/2022\/02\/vegetable-cutting-machine-CE.jpg\" class=\"attachment-herald-lay-c1 size-herald-lay-c1\" alt=\"\" srcset=\"https:\/\/www.taizyfoodmachine.com\/wp-content\/uploads\/2022\/02\/vegetable-cutting-machine-CE.jpg 720w, https:\/\/www.taizyfoodmachine.com\/wp-content\/uploads\/2022\/02\/vegetable-cutting-machine-CE-255x360.jpg 255w, https:\/\/www.taizyfoodmachine.com\/wp-content\/uploads\/2022\/02\/vegetable-cutting-machine-CE-382x540.jpg 382w, https:\/\/www.taizyfoodmachine.com\/wp-content\/uploads\/2022\/02\/vegetable-cutting-machine-CE-106x150.jpg 106w, https:\/\/www.taizyfoodmachine.com\/wp-content\/uploads\/2022\/02\/vegetable-cutting-machine-CE-8x12.jpg 8w\" sizes=\"auto, (max-width: 720px) 100vw, 720px\" title=\"\"><\/a> \t\t\t<\/div><\/figure><figure class='gallery-item'> \t\t\t<div class='gallery-icon portrait'> \t\t\t\t<a class=\"herald-popup\" href='https:\/\/www.taizyfoodmachine.com\/wp-content\/uploads\/2022\/02\/Uganda-POVC.jpg'><img loading=\"lazy\" decoding=\"async\" width=\"720\" height=\"1018\" src=\"https:\/\/www.taizyfoodmachine.com\/wp-content\/uploads\/2022\/02\/Uganda-POVC.jpg\" class=\"attachment-herald-lay-c1 size-herald-lay-c1\" alt=\"\" srcset=\"https:\/\/www.taizyfoodmachine.com\/wp-content\/uploads\/2022\/02\/Uganda-POVC.jpg 720w, https:\/\/www.taizyfoodmachine.com\/wp-content\/uploads\/2022\/02\/Uganda-POVC-255x360.jpg 255w, https:\/\/www.taizyfoodmachine.com\/wp-content\/uploads\/2022\/02\/Uganda-POVC-382x540.jpg 382w, https:\/\/www.taizyfoodmachine.com\/wp-content\/uploads\/2022\/02\/Uganda-POVC-106x150.jpg 106w, https:\/\/www.taizyfoodmachine.com\/wp-content\/uploads\/2022\/02\/Uganda-POVC-8x12.jpg 8w\" sizes=\"auto, (max-width: 720px) 100vw, 720px\" title=\"\"><\/a> \t\t\t<\/div><\/figure> \t\t<\/div>","protected":false},"excerpt":{"rendered":"<p>OUR REPUTATIONZhengzhou Taizy Machinery Co., LTD., established in 2011, the leading machinery manufacturer and foreign trading enterprise from China, is headquartered in Zhengzhou, the capital city of Henan province in the middle region of China. Taizy is the integrity of scientific research and development (R&amp;D), manufacturing, technical service and oversea trading of high quality food [&hellip;]<\/p>\n","protected":false},"author":1,"featured_media":0,"parent":0,"menu_order":0,"comment_status":"open","ping_status":"closed","template":"","meta":{"footnotes":""},"class_list":["post-2009","page","type-page","status-publish","hentry"],"_links":{"self":[{"href":"https:\/\/www.taizyfoodmachine.com\/de\/wp-json\/wp\/v2\/pages\/2009","targetHints":{"allow":["GET"]}}],"collection":[{"href":"https:\/\/www.taizyfoodmachine.com\/de\/wp-json\/wp\/v2\/pages"}],"about":[{"href":"https:\/\/www.taizyfoodmachine.com\/de\/wp-json\/wp\/v2\/types\/page"}],"author":[{"embeddable":true,"href":"https:\/\/www.taizyfoodmachine.com\/de\/wp-json\/wp\/v2\/users\/1"}],"replies":[{"embeddable":true,"href":"https:\/\/www.taizyfoodmachine.com\/de\/wp-json\/wp\/v2\/comments?post=2009"}],"version-history":[{"count":0,"href":"https:\/\/www.taizyfoodmachine.com\/de\/wp-json\/wp\/v2\/pages\/2009\/revisions"}],"wp:attachment":[{"href":"https:\/\/www.taizyfoodmachine.com\/de\/wp-json\/wp\/v2\/media?parent=2009"}],"curies":[{"name":"wp","href":"https:\/\/api.w.org\/{rel}","templated":true}]}}