{"id":2010,"date":"2018-12-27T07:37:08","date_gmt":"2018-12-27T07:37:08","guid":{"rendered":"http:\/\/www.taizyfoodmachine.com\/?page_id=6"},"modified":"2025-12-05T11:40:22","modified_gmt":"2025-12-05T03:40:22","slug":"contact-us","status":"publish","type":"page","link":"https:\/\/www.taizyfoodmachine.com\/de\/contact-us","title":{"rendered":"Kontaktieren Sie uns"},"content":{"rendered":"<div class=\"wp-block-columns is-layout-flex wp-container-core-columns-is-layout-9d6595d7 wp-block-columns-is-layout-flex\"> <div class=\"wp-block-column is-layout-flow wp-block-column-is-layout-flow\"> <p>Willkommen bei Zhengzhou Taizy Machinery Equipment Co., Ltd. Unser Serviceteam steht Ihnen gerne zur Verf\u00fcgung und ist bereit, Sie bei allen Fragen vor dem Verkauf, w\u00e4hrend des Verkaufs oder nach dem Verkauf zu unterst\u00fctzen. Sie k\u00f6nnen uns jederzeit kontaktieren und unser Kundenservice-Team wird sich umgehend um Ihre Bed\u00fcrfnisse k\u00fcmmern.<\/p>    <p>Dar\u00fcber hinaus laden wir Interessenten aller Branchen herzlich ein, unser Unternehmen f\u00fcr Besichtigungen und Besichtigungen zu besuchen. Wir sind bestrebt, Ihnen bei Flughafentransfers und Ein-\/Ausreiseverfahren behilflich zu sein.<\/p>    <p>Taizy Machinery freut sich aufrichtig auf eine intensive Zusammenarbeit mit Kunden aller Gr\u00f6\u00dfen aus der ganzen Welt. Wir freuen uns \u00fcber Ihr Vertrauen und Ihre Zuversicht!<\/p> <\/div>    <div class=\"wp-block-column is-layout-flow wp-block-column-is-layout-flow\"> <figure class=\"wp-block-image\"><img decoding=\"async\" src=\"https:\/\/www.taizyfoodmachine.com\/wp-content\/uploads\/2018\/12\/Contact-Us.jpg\" alt=\"\" title=\"\"><\/figure>    <p class=\"translation-block\"><strong>Zhengzhou Taizy Machinery Co., Ltd<\/strong><br><strong>E-Mail: info@taizyfoodmachine.com<\/strong><br><strong>WhatsApp\/Tel\/WeChat:  86 15838192276<\/strong><br><strong>Adresse: Nautical Road East, Zhengzhou Wirtschaftszone, Henan, China<\/strong><\/p> <\/div> <\/div>","protected":false},"excerpt":{"rendered":"<p>Welcome to Zhengzhou Taizy Machinery Equipment Co., Ltd. Our service team is at your disposal, ready to assist you with any pre-sales, during-sales, or after-sales inquiries. Feel free to contact us anytime, and our customer service team will promptly address your needs. Furthermore, we extend a warm invitation to individuals from all sectors to visit [&hellip;]<\/p>\n","protected":false},"author":1,"featured_media":0,"parent":0,"menu_order":0,"comment_status":"open","ping_status":"closed","template":"","meta":{"footnotes":""},"class_list":["post-2010","page","type-page","status-publish","hentry"],"_links":{"self":[{"href":"https:\/\/www.taizyfoodmachine.com\/de\/wp-json\/wp\/v2\/pages\/2010","targetHints":{"allow":["GET"]}}],"collection":[{"href":"https:\/\/www.taizyfoodmachine.com\/de\/wp-json\/wp\/v2\/pages"}],"about":[{"href":"https:\/\/www.taizyfoodmachine.com\/de\/wp-json\/wp\/v2\/types\/page"}],"author":[{"embeddable":true,"href":"https:\/\/www.taizyfoodmachine.com\/de\/wp-json\/wp\/v2\/users\/1"}],"replies":[{"embeddable":true,"href":"https:\/\/www.taizyfoodmachine.com\/de\/wp-json\/wp\/v2\/comments?post=2010"}],"version-history":[{"count":0,"href":"https:\/\/www.taizyfoodmachine.com\/de\/wp-json\/wp\/v2\/pages\/2010\/revisions"}],"wp:attachment":[{"href":"https:\/\/www.taizyfoodmachine.com\/de\/wp-json\/wp\/v2\/media?parent=2010"}],"curies":[{"name":"wp","href":"https:\/\/api.w.org\/{rel}","templated":true}]}}