{"id":24,"date":"2018-12-27T10:44:19","date_gmt":"2018-12-27T10:44:19","guid":{"rendered":"http:\/\/www.taizyfoodmachine.com\/?page_id=24"},"modified":"2025-02-06T14:10:39","modified_gmt":"2025-02-06T06:10:39","slug":"service","status":"publish","type":"page","link":"https:\/\/www.taizyfoodmachine.com\/de\/service","title":{"rendered":"Service"},"content":{"rendered":"<p class=\"translation-block\"><b>QUALIT\u00c4TSKONTROLLE<\/b><\/p>    <p>&nbsp;&nbsp;&nbsp;&nbsp;Die erstklassigen Lebensmittelverarbeitungsger\u00e4te als Kombination aus praktischer Nutzung und \u00e4sthetischem Anspruch wurden von unserem talentierten Designer entworfen. Dar\u00fcber hinaus k\u00f6nnen die von Taizy entworfenen Lebensmittelverarbeitungsger\u00e4te je nach Marktnachfrage und Produktionsanforderungen in Bezug auf Gr\u00f6\u00dfe, Form, Farbe und Mittel individuell angepasst werden Stromversorgung usw.<\/p>    <p>&nbsp;&nbsp;&nbsp;&nbsp;Da sich Taizy seit mehr als zehn Jahren der Herstellung von Lebensmitteln widmet, hat Taizy hinsichtlich der Qualit\u00e4tskontrolle die optimierten schl\u00fcsselfertigen L\u00f6sungen f\u00fcr die Lebensmittelproduktionslinie zusammengefasst und durch eine Reihe st\u00e4ndiger Forschungen und Pilottests der neu erfundenen Ausr\u00fcstung verbessert: Antriebsteile, F\u00f6rderteile und Hilfsger\u00e4te werden von unserem speziellen technischen Personal gepr\u00fcft, um das sichere Arbeiten und den effizienten Betrieb neuer Maschinen in der Praxis auch in Zukunft zu gew\u00e4hrleisten.<\/p>    <p>&nbsp;&nbsp;&nbsp;&nbsp;Bemerkenswert ist, dass alle Teile, aus denen die gesamte Lebensmittelverarbeitungsmaschine besteht, einschlie\u00dflich der speziell geformten Teile, durch hochwertige Laserschneidekunst hergestellt werden, wodurch die Probleme der rauen Schnittkanten der traditionellen Herstellungsmethode dauerhaft gel\u00f6st wurden.<\/p>    <figure class=\"wp-block-image\"><img decoding=\"async\" src=\"https:\/\/www.taizyfoodmachine.com\/wp-content\/uploads\/2018\/12\/Service.jpg\" alt=\"\" title=\"\"><\/figure>    <p><\/p>    <p class=\"translation-block\"><b>GESCH\u00c4FTSBESUCH<\/b><\/p>    <p>&nbsp;&nbsp;&nbsp;&nbsp;Bisher hat Taizy Fabriken betrieben, die sich auf verschiedene Zwecke spezialisiert haben, von der Teileformung und -formung \u00fcber die Maschinenmontage bis hin zur Pr\u00fcfung fertiger Maschinen. Taizy hei\u00dft Kunden herzlich willkommen, unserer Fabrik einen Gesch\u00e4ftsbesuch abzustatten, um unter Anleitung des technischen Personals die Einzel- oder Serienmaschine vor Ort zu testen.<\/p>    <p class=\"translation-block\"><b>LIEFERUNG<\/b><\/p>    <p>&nbsp;&nbsp;&nbsp;&nbsp;Aufgrund der strengen Anforderungen an die hygienische Verarbeitung der Produktionslinie werden die fertigen Maschinen in unserem gut bel\u00fcfteten Lager gelagert, falls sie durch Regen, Korrosion oder Verunreinigungen besch\u00e4digt werden.<\/p>    <p>&nbsp;&nbsp;&nbsp;&nbsp;Durch die zuverl\u00e4ssige Zusammenarbeit mit dem Logistikunternehmen im Ausland kann eine p\u00fcnktliche Lieferung und Versendung gew\u00e4hrleistet werden. F\u00fcr den Fall, dass es w\u00e4hrend des Transports zu Sch\u00e4den kommt, wird die fertige Maschine fest verpackt, um die Unversehrtheit der Komponenten, einschlie\u00dflich Hauptteile, Zubeh\u00f6rteile und Ger\u00e4te, w\u00e4hrend des Transports zu gew\u00e4hrleisten.<\/p>    <p class=\"translation-block\"><strong>MONTAGE &amp; WARTUNG &amp; REPARATUR<\/strong><\/p>    <p>&nbsp;&nbsp;&nbsp;&nbsp;Der Zusammenbau der fertigen Maschine wird Schritt f\u00fcr Schritt unter Anleitung des Montagevideos durchgef\u00fchrt, au\u00dferdem k\u00f6nnen Techniker oder Personal die Montage und den Produktionslinienvertrieb vor Ort durchf\u00fchren. Obwohl sich das Angebot von Taizy durch geringen Wartungsaufwand und einfache Bedienung und Reinigung auszeichnet, bietet Taizy seinen Kunden auch Bedienungsanleitungen und professionelle Kundendienste an, einschlie\u00dflich regelm\u00e4\u00dfiger \u00dcberholungen und Reparaturen.<\/p>","protected":false},"excerpt":{"rendered":"<p>QUALITY CONTROL &nbsp;&nbsp;&nbsp;&nbsp;The premium food processing equipment as the combination of practical use and aesthetic request are designed by our talented designer, besides, in accordance with different market demand and production requirement, food processing equipment Taizy designed can be customized by size, shape, color, means of power supply, et cetera. &nbsp;&nbsp;&nbsp;&nbsp;For quality control, given that [&hellip;]<\/p>\n","protected":false},"author":1,"featured_media":0,"parent":0,"menu_order":0,"comment_status":"open","ping_status":"closed","template":"","meta":{"footnotes":""},"class_list":["post-24","page","type-page","status-publish","hentry"],"_links":{"self":[{"href":"https:\/\/www.taizyfoodmachine.com\/de\/wp-json\/wp\/v2\/pages\/24","targetHints":{"allow":["GET"]}}],"collection":[{"href":"https:\/\/www.taizyfoodmachine.com\/de\/wp-json\/wp\/v2\/pages"}],"about":[{"href":"https:\/\/www.taizyfoodmachine.com\/de\/wp-json\/wp\/v2\/types\/page"}],"author":[{"embeddable":true,"href":"https:\/\/www.taizyfoodmachine.com\/de\/wp-json\/wp\/v2\/users\/1"}],"replies":[{"embeddable":true,"href":"https:\/\/www.taizyfoodmachine.com\/de\/wp-json\/wp\/v2\/comments?post=24"}],"version-history":[{"count":0,"href":"https:\/\/www.taizyfoodmachine.com\/de\/wp-json\/wp\/v2\/pages\/24\/revisions"}],"wp:attachment":[{"href":"https:\/\/www.taizyfoodmachine.com\/de\/wp-json\/wp\/v2\/media?parent=24"}],"curies":[{"name":"wp","href":"https:\/\/api.w.org\/{rel}","templated":true}]}}