{"id":2009,"date":"2018-12-27T07:32:08","date_gmt":"2018-12-27T07:32:08","guid":{"rendered":"http:\/\/www.taizyfoodmachine.com\/?page_id=2"},"modified":"2026-01-21T17:42:06","modified_gmt":"2026-01-21T09:42:06","slug":"about-us","status":"publish","type":"page","link":"https:\/\/www.taizyfoodmachine.com\/es\/about-us","title":{"rendered":"Acerca de nosotros"},"content":{"rendered":"<p class=\"translation-block\"><span style=\"font-size: 20px\"><strong>NUESTRA REPUTACI\u00d3N<\/strong><\/span><br>Zhengzhou Taizy Machinery Co., LTD., fundada en 2011, es el principal fabricante de maquinaria y empresa de comercio exterior de China, con sede en Zhengzhou, la capital de la provincia de Henan en la regi\u00f3n central de China. Taizy combina investigaci\u00f3n y desarrollo (I D), fabricaci\u00f3n, servicio t\u00e9cnico y comercio internacional de equipos de procesamiento de alimentos de alta calidad.<\/p>    <p>Destacablemente, respaldada por su grupo de ingenier\u00eda rigurosamente capacitado, dise\u00f1adores talentosos, equipo profesional de ventas internacionales y productos de calidad con larga vida \u00fatil, y servicios reconfortantes, Taizy ha atendido a clientes que van desde Asia hasta Europa y \u00c1frica\u2014En\u00a0los \u00faltimos a\u00f1os, los productos de Taizy se han vendido en m\u00e1s de 100 pa\u00edses y regiones, incluyendo Australia, Jap\u00f3n, Singapur,\u00a0Am\u00e9rica, Nigeria, Kenia, Ghana, Congo, Etiop\u00eda, Namibia, Marruecos, Botsuana, Zimbabue, Uganda, Argelia,\u00a0Camer\u00fan, Indonesia, India, Bangladesh, Dominica, etc. Taizy se ha convertido en una parte indispensable de la industria alimentaria global y goza de gran popularidad en los mercados internacionales de alimentos.<\/p>   <div class=\"wp-block-image\"> <figure class=\"aligncenter\"><img decoding=\"async\" src=\"https:\/\/www.taizyfoodmachine.com\/wp-content\/uploads\/2019\/01\/zhengshu.jpg\" alt=\"\" title=\"\"><\/figure> <\/div>   <div align=\"center\"><\/div>    <p class=\"translation-block\"><span style=\"font-size: 20px\"><strong>APOYO TECNOL\u00d3GICO<\/strong><\/span><br>Equipo t\u00e9cnico especializado: Desde la selecci\u00f3n de materiales hasta el dise\u00f1o y fabricaci\u00f3n de m\u00e1quinas, Taizy ha invertido en la mejora de recursos humanos contratando a dise\u00f1adores de \u00faltima generaci\u00f3n, ingenieros bien capacitados y excelentes fabricantes. Adem\u00e1s, Taizy ha incorporado una serie de dispositivos de prueba de calidad para la inspecci\u00f3n de m\u00e1quinas antes de la entrega, asegurando un uso duradero y la alta calidad de nuestros equipos terminados.<\/p>    <p>Por esta raz\u00f3n, Taizy mantuvo su liderazgo en tecnolog\u00eda, dise\u00f1o y fabricaci\u00f3n durante m\u00e1s de diez a\u00f1os en la industria de equipos alimentarios y ha sido considerado uno de los cooperadores m\u00e1s honestos y dignos de confianza de China.<\/p>   <div class=\"wp-block-image\"> <figure class=\"aligncenter size-large is-resized\"><img loading=\"lazy\" decoding=\"async\" width=\"519\" height=\"540\" src=\"https:\/\/www.taizyfoodmachine.com\/wp-content\/uploads\/2026\/01\/Taizys-clients-519x540.webp\" alt=\"Clientes de Taizy\" class=\"wp-image-20354\" style=\"aspect-ratio:0.9611307420494699;width:609px;height:auto\" title=\"\" srcset=\"https:\/\/www.taizyfoodmachine.com\/wp-content\/uploads\/2026\/01\/Taizys-clients-519x540.webp 519w, https:\/\/www.taizyfoodmachine.com\/wp-content\/uploads\/2026\/01\/Taizys-clients-346x360.webp 346w, https:\/\/www.taizyfoodmachine.com\/wp-content\/uploads\/2026\/01\/Taizys-clients-144x150.webp 144w, https:\/\/www.taizyfoodmachine.com\/wp-content\/uploads\/2026\/01\/Taizys-clients-12x12.webp 12w, https:\/\/www.taizyfoodmachine.com\/wp-content\/uploads\/2026\/01\/Taizys-clients.webp 750w\" sizes=\"auto, (max-width: 519px) 100vw, 519px\" \/><figcaption class=\"wp-element-caption\">Clientes de Taizy<\/figcaption><\/figure> <\/div>   <p class=\"translation-block\"><span style=\"font-size: 20px\"><strong>NUESTRA SOLUCI\u00d3N OPTIMIZADA<\/strong><\/span><br>La empresa posee un centro de mecanizado avanzado para soldadura autom\u00e1tica y corte por l\u00e1ser para fragmentos de piezas de formas especiales y pulido manual para que la apariencia del equipo sea ordenada y exquisita, y cuenta con un conjunto completo de equipos de inspecci\u00f3n para garantizar la buena calidad del equipo terminado con el fin de lograr un efecto de procesamiento suave, trabajo seguro, cumplimiento de las normas de higiene y una producci\u00f3n excelente y eficiente. Los productos m\u00e1s vendidos de Taizy son: m\u00e1quina de limpieza de verduras, m\u00e1quina de pelado y lavado de ra\u00edces, cortadora de verduras y frutas, m\u00e1quina de blanqueo y enfriamiento, l\u00ednea de secado por aire, equipo de envasado, etc., que pueden aplicarse ampliamente a la esterilizaci\u00f3n y procesamiento de diversas verduras, frutas, alimentos de ocio, as\u00ed como al procesamiento profundo de productos agr\u00edcolas. El objetivo final de Taizy es ofrecer a los clientes soluciones pr\u00e1cticas, asequibles y rentables para la producci\u00f3n de alimentos, facilitar y acelerar el desarrollo de los clientes, materializar la actualizaci\u00f3n en la l\u00ednea de producci\u00f3n, potenciar el perfil de la empresa y construir la prestigio del cliente.<\/p>    <p>Por ahora, Taizy ha inventado y desarrollado notables soluciones de procesamiento de alimentos, incluida la l\u00ednea de producci\u00f3n de papas fritas congeladas r\u00e1pidamente; l\u00ednea de producci\u00f3n de chips de pl\u00e1tano; L\u00ednea de procesamiento de limpieza y lavado de verduras y frutas, etc\u00e9tera.<\/p>    <div style=\"margin-top: 10px;\"> <\/div>   <div id='gallery-1' class='gallery galleryid-2009 gallery-columns-2 gallery-size-herald-lay-a'><figure class='gallery-item'> \t\t\t<div class='gallery-icon landscape'> \t\t\t\t<a class=\"herald-popup\" href='https:\/\/www.taizyfoodmachine.com\/wp-content\/uploads\/2022\/02\/QQ\u56fe\u724720191022115603-tuya_\u7ed3\u679c.jpg'><img loading=\"lazy\" decoding=\"async\" width=\"720\" height=\"540\" src=\"https:\/\/www.taizyfoodmachine.com\/wp-content\/uploads\/2022\/02\/QQ\u56fe\u724720191022115603-tuya_\u7ed3\u679c.jpg\" class=\"attachment-herald-lay-a size-herald-lay-a\" alt=\"\" srcset=\"https:\/\/www.taizyfoodmachine.com\/wp-content\/uploads\/2022\/02\/QQ\u56fe\u724720191022115603-tuya_\u7ed3\u679c.jpg 720w, https:\/\/www.taizyfoodmachine.com\/wp-content\/uploads\/2022\/02\/QQ\u56fe\u724720191022115603-tuya_\u7ed3\u679c-480x360.jpg 480w, https:\/\/www.taizyfoodmachine.com\/wp-content\/uploads\/2022\/02\/QQ\u56fe\u724720191022115603-tuya_\u7ed3\u679c-150x113.jpg 150w, https:\/\/www.taizyfoodmachine.com\/wp-content\/uploads\/2022\/02\/QQ\u56fe\u724720191022115603-tuya_\u7ed3\u679c-16x12.jpg 16w, https:\/\/www.taizyfoodmachine.com\/wp-content\/uploads\/2022\/02\/QQ\u56fe\u724720191022115603-tuya_\u7ed3\u679c-74x55.jpg 74w, https:\/\/www.taizyfoodmachine.com\/wp-content\/uploads\/2022\/02\/QQ\u56fe\u724720191022115603-tuya_\u7ed3\u679c-111x83.jpg 111w\" sizes=\"auto, (max-width: 720px) 100vw, 720px\" title=\"\"><\/a> \t\t\t<\/div><\/figure><figure class='gallery-item'> \t\t\t<div class='gallery-icon landscape'> \t\t\t\t<a class=\"herald-popup\" href='https:\/\/www.taizyfoodmachine.com\/wp-content\/uploads\/2022\/02\/IMG_20191022_111715-tuya_\u7ed3\u679c.jpg'><img loading=\"lazy\" decoding=\"async\" width=\"720\" height=\"540\" src=\"https:\/\/www.taizyfoodmachine.com\/wp-content\/uploads\/2022\/02\/IMG_20191022_111715-tuya_\u7ed3\u679c.jpg\" class=\"attachment-herald-lay-a size-herald-lay-a\" alt=\"\" srcset=\"https:\/\/www.taizyfoodmachine.com\/wp-content\/uploads\/2022\/02\/IMG_20191022_111715-tuya_\u7ed3\u679c.jpg 720w, https:\/\/www.taizyfoodmachine.com\/wp-content\/uploads\/2022\/02\/IMG_20191022_111715-tuya_\u7ed3\u679c-480x360.jpg 480w, https:\/\/www.taizyfoodmachine.com\/wp-content\/uploads\/2022\/02\/IMG_20191022_111715-tuya_\u7ed3\u679c-150x113.jpg 150w, https:\/\/www.taizyfoodmachine.com\/wp-content\/uploads\/2022\/02\/IMG_20191022_111715-tuya_\u7ed3\u679c-16x12.jpg 16w, https:\/\/www.taizyfoodmachine.com\/wp-content\/uploads\/2022\/02\/IMG_20191022_111715-tuya_\u7ed3\u679c-74x55.jpg 74w, https:\/\/www.taizyfoodmachine.com\/wp-content\/uploads\/2022\/02\/IMG_20191022_111715-tuya_\u7ed3\u679c-111x83.jpg 111w\" sizes=\"auto, (max-width: 720px) 100vw, 720px\" title=\"\"><\/a> \t\t\t<\/div><\/figure><figure class='gallery-item'> \t\t\t<div class='gallery-icon landscape'> \t\t\t\t<a class=\"herald-popup\" href='https:\/\/www.taizyfoodmachine.com\/wp-content\/uploads\/2022\/02\/98@YN2PEVMHK3FWSRU-tuya_\u7ed3\u679c.jpg'><img loading=\"lazy\" decoding=\"async\" width=\"720\" height=\"540\" src=\"https:\/\/www.taizyfoodmachine.com\/wp-content\/uploads\/2022\/02\/98@YN2PEVMHK3FWSRU-tuya_\u7ed3\u679c.jpg\" class=\"attachment-herald-lay-a size-herald-lay-a\" alt=\"\" srcset=\"https:\/\/www.taizyfoodmachine.com\/wp-content\/uploads\/2022\/02\/98@YN2PEVMHK3FWSRU-tuya_\u7ed3\u679c.jpg 720w, https:\/\/www.taizyfoodmachine.com\/wp-content\/uploads\/2022\/02\/98@YN2PEVMHK3FWSRU-tuya_\u7ed3\u679c-480x360.jpg 480w, https:\/\/www.taizyfoodmachine.com\/wp-content\/uploads\/2022\/02\/98@YN2PEVMHK3FWSRU-tuya_\u7ed3\u679c-150x113.jpg 150w, https:\/\/www.taizyfoodmachine.com\/wp-content\/uploads\/2022\/02\/98@YN2PEVMHK3FWSRU-tuya_\u7ed3\u679c-16x12.jpg 16w, https:\/\/www.taizyfoodmachine.com\/wp-content\/uploads\/2022\/02\/98@YN2PEVMHK3FWSRU-tuya_\u7ed3\u679c-74x55.jpg 74w, https:\/\/www.taizyfoodmachine.com\/wp-content\/uploads\/2022\/02\/98@YN2PEVMHK3FWSRU-tuya_\u7ed3\u679c-111x83.jpg 111w\" sizes=\"auto, (max-width: 720px) 100vw, 720px\" title=\"\"><\/a> \t\t\t<\/div><\/figure><figure class='gallery-item'> \t\t\t<div class='gallery-icon landscape'> \t\t\t\t<a class=\"herald-popup\" href='https:\/\/www.taizyfoodmachine.com\/wp-content\/uploads\/2022\/02\/stock2-tuya_\u7ed3\u679c.jpg'><img loading=\"lazy\" decoding=\"async\" width=\"720\" height=\"540\" src=\"https:\/\/www.taizyfoodmachine.com\/wp-content\/uploads\/2022\/02\/stock2-tuya_\u7ed3\u679c.jpg\" class=\"attachment-herald-lay-a size-herald-lay-a\" alt=\"\" srcset=\"https:\/\/www.taizyfoodmachine.com\/wp-content\/uploads\/2022\/02\/stock2-tuya_\u7ed3\u679c.jpg 720w, https:\/\/www.taizyfoodmachine.com\/wp-content\/uploads\/2022\/02\/stock2-tuya_\u7ed3\u679c-480x360.jpg 480w, https:\/\/www.taizyfoodmachine.com\/wp-content\/uploads\/2022\/02\/stock2-tuya_\u7ed3\u679c-150x113.jpg 150w, https:\/\/www.taizyfoodmachine.com\/wp-content\/uploads\/2022\/02\/stock2-tuya_\u7ed3\u679c-16x12.jpg 16w, https:\/\/www.taizyfoodmachine.com\/wp-content\/uploads\/2022\/02\/stock2-tuya_\u7ed3\u679c-74x55.jpg 74w, https:\/\/www.taizyfoodmachine.com\/wp-content\/uploads\/2022\/02\/stock2-tuya_\u7ed3\u679c-111x83.jpg 111w\" sizes=\"auto, (max-width: 720px) 100vw, 720px\" title=\"\"><\/a> \t\t\t<\/div><\/figure> \t\t<\/div>    <p class=\"translation-block\"><span style=\"font-size: 20px\"><strong>NUESTRO CONCEPTO<\/strong><\/span><\/p>    <p>Tres conceptos principales que Taizy Machinery valora: integridad, agradecimiento, altruismo, asistencia mutua;<\/p>    <p>Misi\u00f3n que Taizy Machinery mantiene: exportar a nivel mundial, hacer que la maquinaria china sea mundialmente reconocida;<\/p>    <p>Visi\u00f3n que valoramos la maquinaria de Taizy: construir la mejor plataforma para el desarrollo de los empleados.<\/p>    <p>Taizy, como empresa orientada al mercado, que toma como medio de desarrollo \"aprovechar el prestigio vendiendo productos de alta calidad y brindando un servicio personalizado\", ha introducido tecnolog\u00eda avanzada, instalaciones de fabricaci\u00f3n de alta gama, un equipo de instrucci\u00f3n t\u00e9cnica en casa y a bordo en el desarrollo de productos. fabricaci\u00f3n de equipos y control de calidad de productos terminados. Por lo tanto, bas\u00e1ndose en los requisitos del mercado internacional de equipos de procesamiento de alimentos, los equipos y m\u00e1quinas que Taizy invent\u00f3 y desarroll\u00f3 gozan de gran popularidad en el mercado internacional.<\/p>    <p>El personal de la empresa Taizy est\u00e1 trabajando con pleno entusiasmo y actitud sincera defendiendo el concepto de relaciones comerciales beneficiosas para todos, dando una calurosa bienvenida a clientes nuevos y antiguos para que realicen visitas comerciales y establezcan relaciones de cooperaci\u00f3n con nosotros. Taizy, con la vista puesta en el futuro, se dedica a crear soluciones de producci\u00f3n y ahorro de energ\u00eda de clase mundial para ayudar a nuestros clientes a ganar el futuro obteniendo m\u00e1s ganancias. Taizy presta m\u00e1s atenci\u00f3n a los requisitos y expectativas de los clientes con nuestros mayores esfuerzos.<br>\u00a1Elegir Taizy, para materializar un negocio exitoso!<\/p>    <p class=\"translation-block\"><span style=\"font-size: 20px\"><strong>CERTIFICADO TAIZY<\/strong><\/span><br>Taizy fue certificado mediante la obtenci\u00f3n de certificaciones SGS, ISO, CE y BV. Adem\u00e1s, Taizy fue reconocido como \u201cEmpresa confiable anual\u201d y \u201cEmpresa avanzada de trabajo seguro\u201d en la provincia de Henan, China. Taizy se dedica a ser una empresa diversificada y de renombre mundial en invenci\u00f3n y fabricaci\u00f3n de maquinaria.<\/p>   <div id='gallery-2' class='gallery galleryid-2009 gallery-columns-3 gallery-size-herald-lay-c1'><figure class='gallery-item'> \t\t\t<div class='gallery-icon portrait'> \t\t\t\t<a class=\"herald-popup\" href='https:\/\/www.taizyfoodmachine.com\/wp-content\/uploads\/2022\/02\/black-garlic-fermentation-machine-CE.jpg'><img loading=\"lazy\" decoding=\"async\" width=\"720\" height=\"1018\" src=\"https:\/\/www.taizyfoodmachine.com\/wp-content\/uploads\/2022\/02\/black-garlic-fermentation-machine-CE.jpg\" class=\"attachment-herald-lay-c1 size-herald-lay-c1\" alt=\"\" srcset=\"https:\/\/www.taizyfoodmachine.com\/wp-content\/uploads\/2022\/02\/black-garlic-fermentation-machine-CE.jpg 720w, https:\/\/www.taizyfoodmachine.com\/wp-content\/uploads\/2022\/02\/black-garlic-fermentation-machine-CE-255x360.jpg 255w, https:\/\/www.taizyfoodmachine.com\/wp-content\/uploads\/2022\/02\/black-garlic-fermentation-machine-CE-382x540.jpg 382w, https:\/\/www.taizyfoodmachine.com\/wp-content\/uploads\/2022\/02\/black-garlic-fermentation-machine-CE-106x150.jpg 106w, https:\/\/www.taizyfoodmachine.com\/wp-content\/uploads\/2022\/02\/black-garlic-fermentation-machine-CE-8x12.jpg 8w\" sizes=\"auto, (max-width: 720px) 100vw, 720px\" title=\"\"><\/a> \t\t\t<\/div><\/figure><figure class='gallery-item'> \t\t\t<div class='gallery-icon portrait'> \t\t\t\t<a class=\"herald-popup\" href='https:\/\/www.taizyfoodmachine.com\/wp-content\/uploads\/2022\/02\/blanching-machine-CE.jpg'><img loading=\"lazy\" decoding=\"async\" width=\"720\" height=\"1018\" src=\"https:\/\/www.taizyfoodmachine.com\/wp-content\/uploads\/2022\/02\/blanching-machine-CE.jpg\" class=\"attachment-herald-lay-c1 size-herald-lay-c1\" alt=\"\" srcset=\"https:\/\/www.taizyfoodmachine.com\/wp-content\/uploads\/2022\/02\/blanching-machine-CE.jpg 720w, https:\/\/www.taizyfoodmachine.com\/wp-content\/uploads\/2022\/02\/blanching-machine-CE-255x360.jpg 255w, https:\/\/www.taizyfoodmachine.com\/wp-content\/uploads\/2022\/02\/blanching-machine-CE-382x540.jpg 382w, https:\/\/www.taizyfoodmachine.com\/wp-content\/uploads\/2022\/02\/blanching-machine-CE-106x150.jpg 106w, https:\/\/www.taizyfoodmachine.com\/wp-content\/uploads\/2022\/02\/blanching-machine-CE-8x12.jpg 8w\" sizes=\"auto, (max-width: 720px) 100vw, 720px\" title=\"\"><\/a> \t\t\t<\/div><\/figure><figure class='gallery-item'> \t\t\t<div class='gallery-icon portrait'> \t\t\t\t<a class=\"herald-popup\" href='https:\/\/www.taizyfoodmachine.com\/wp-content\/uploads\/2022\/02\/fruit-processing-production-line-CE.jpg'><img loading=\"lazy\" decoding=\"async\" width=\"720\" height=\"1018\" src=\"https:\/\/www.taizyfoodmachine.com\/wp-content\/uploads\/2022\/02\/fruit-processing-production-line-CE.jpg\" class=\"attachment-herald-lay-c1 size-herald-lay-c1\" alt=\"\" srcset=\"https:\/\/www.taizyfoodmachine.com\/wp-content\/uploads\/2022\/02\/fruit-processing-production-line-CE.jpg 720w, https:\/\/www.taizyfoodmachine.com\/wp-content\/uploads\/2022\/02\/fruit-processing-production-line-CE-255x360.jpg 255w, https:\/\/www.taizyfoodmachine.com\/wp-content\/uploads\/2022\/02\/fruit-processing-production-line-CE-382x540.jpg 382w, https:\/\/www.taizyfoodmachine.com\/wp-content\/uploads\/2022\/02\/fruit-processing-production-line-CE-106x150.jpg 106w, https:\/\/www.taizyfoodmachine.com\/wp-content\/uploads\/2022\/02\/fruit-processing-production-line-CE-8x12.jpg 8w\" sizes=\"auto, (max-width: 720px) 100vw, 720px\" title=\"\"><\/a> \t\t\t<\/div><\/figure><figure class='gallery-item'> \t\t\t<div class='gallery-icon portrait'> \t\t\t\t<a class=\"herald-popup\" href='https:\/\/www.taizyfoodmachine.com\/wp-content\/uploads\/2022\/02\/popcorn-making-machine-CE.jpg'><img loading=\"lazy\" decoding=\"async\" width=\"720\" height=\"1018\" src=\"https:\/\/www.taizyfoodmachine.com\/wp-content\/uploads\/2022\/02\/popcorn-making-machine-CE.jpg\" class=\"attachment-herald-lay-c1 size-herald-lay-c1\" alt=\"\" srcset=\"https:\/\/www.taizyfoodmachine.com\/wp-content\/uploads\/2022\/02\/popcorn-making-machine-CE.jpg 720w, https:\/\/www.taizyfoodmachine.com\/wp-content\/uploads\/2022\/02\/popcorn-making-machine-CE-255x360.jpg 255w, https:\/\/www.taizyfoodmachine.com\/wp-content\/uploads\/2022\/02\/popcorn-making-machine-CE-382x540.jpg 382w, https:\/\/www.taizyfoodmachine.com\/wp-content\/uploads\/2022\/02\/popcorn-making-machine-CE-106x150.jpg 106w, https:\/\/www.taizyfoodmachine.com\/wp-content\/uploads\/2022\/02\/popcorn-making-machine-CE-8x12.jpg 8w\" sizes=\"auto, (max-width: 720px) 100vw, 720px\" title=\"\"><\/a> \t\t\t<\/div><\/figure><figure class='gallery-item'> \t\t\t<div class='gallery-icon portrait'> \t\t\t\t<a class=\"herald-popup\" href='https:\/\/www.taizyfoodmachine.com\/wp-content\/uploads\/2022\/02\/separator-machine-CE.jpg'><img loading=\"lazy\" decoding=\"async\" width=\"720\" height=\"1018\" src=\"https:\/\/www.taizyfoodmachine.com\/wp-content\/uploads\/2022\/02\/separator-machine-CE.jpg\" class=\"attachment-herald-lay-c1 size-herald-lay-c1\" alt=\"\" srcset=\"https:\/\/www.taizyfoodmachine.com\/wp-content\/uploads\/2022\/02\/separator-machine-CE.jpg 720w, https:\/\/www.taizyfoodmachine.com\/wp-content\/uploads\/2022\/02\/separator-machine-CE-255x360.jpg 255w, https:\/\/www.taizyfoodmachine.com\/wp-content\/uploads\/2022\/02\/separator-machine-CE-382x540.jpg 382w, https:\/\/www.taizyfoodmachine.com\/wp-content\/uploads\/2022\/02\/separator-machine-CE-106x150.jpg 106w, https:\/\/www.taizyfoodmachine.com\/wp-content\/uploads\/2022\/02\/separator-machine-CE-8x12.jpg 8w\" sizes=\"auto, (max-width: 720px) 100vw, 720px\" title=\"\"><\/a> \t\t\t<\/div><\/figure><figure class='gallery-item'> \t\t\t<div class='gallery-icon portrait'> \t\t\t\t<a class=\"herald-popup\" href='https:\/\/www.taizyfoodmachine.com\/wp-content\/uploads\/2022\/02\/sesame-washing-peeling-machine-CE.jpg'><img loading=\"lazy\" decoding=\"async\" width=\"720\" height=\"1018\" src=\"https:\/\/www.taizyfoodmachine.com\/wp-content\/uploads\/2022\/02\/sesame-washing-peeling-machine-CE.jpg\" class=\"attachment-herald-lay-c1 size-herald-lay-c1\" alt=\"\" srcset=\"https:\/\/www.taizyfoodmachine.com\/wp-content\/uploads\/2022\/02\/sesame-washing-peeling-machine-CE.jpg 720w, https:\/\/www.taizyfoodmachine.com\/wp-content\/uploads\/2022\/02\/sesame-washing-peeling-machine-CE-255x360.jpg 255w, https:\/\/www.taizyfoodmachine.com\/wp-content\/uploads\/2022\/02\/sesame-washing-peeling-machine-CE-382x540.jpg 382w, https:\/\/www.taizyfoodmachine.com\/wp-content\/uploads\/2022\/02\/sesame-washing-peeling-machine-CE-106x150.jpg 106w, https:\/\/www.taizyfoodmachine.com\/wp-content\/uploads\/2022\/02\/sesame-washing-peeling-machine-CE-8x12.jpg 8w\" sizes=\"auto, (max-width: 720px) 100vw, 720px\" title=\"\"><\/a> \t\t\t<\/div><\/figure><figure class='gallery-item'> \t\t\t<div class='gallery-icon portrait'> \t\t\t\t<a class=\"herald-popup\" href='https:\/\/www.taizyfoodmachine.com\/wp-content\/uploads\/2022\/02\/vegetable-cutting-machine-CE.jpg'><img loading=\"lazy\" decoding=\"async\" width=\"720\" height=\"1018\" src=\"https:\/\/www.taizyfoodmachine.com\/wp-content\/uploads\/2022\/02\/vegetable-cutting-machine-CE.jpg\" class=\"attachment-herald-lay-c1 size-herald-lay-c1\" alt=\"\" srcset=\"https:\/\/www.taizyfoodmachine.com\/wp-content\/uploads\/2022\/02\/vegetable-cutting-machine-CE.jpg 720w, https:\/\/www.taizyfoodmachine.com\/wp-content\/uploads\/2022\/02\/vegetable-cutting-machine-CE-255x360.jpg 255w, https:\/\/www.taizyfoodmachine.com\/wp-content\/uploads\/2022\/02\/vegetable-cutting-machine-CE-382x540.jpg 382w, https:\/\/www.taizyfoodmachine.com\/wp-content\/uploads\/2022\/02\/vegetable-cutting-machine-CE-106x150.jpg 106w, https:\/\/www.taizyfoodmachine.com\/wp-content\/uploads\/2022\/02\/vegetable-cutting-machine-CE-8x12.jpg 8w\" sizes=\"auto, (max-width: 720px) 100vw, 720px\" title=\"\"><\/a> \t\t\t<\/div><\/figure><figure class='gallery-item'> \t\t\t<div class='gallery-icon portrait'> \t\t\t\t<a class=\"herald-popup\" href='https:\/\/www.taizyfoodmachine.com\/wp-content\/uploads\/2022\/02\/Uganda-POVC.jpg'><img loading=\"lazy\" decoding=\"async\" width=\"720\" height=\"1018\" src=\"https:\/\/www.taizyfoodmachine.com\/wp-content\/uploads\/2022\/02\/Uganda-POVC.jpg\" class=\"attachment-herald-lay-c1 size-herald-lay-c1\" alt=\"\" srcset=\"https:\/\/www.taizyfoodmachine.com\/wp-content\/uploads\/2022\/02\/Uganda-POVC.jpg 720w, https:\/\/www.taizyfoodmachine.com\/wp-content\/uploads\/2022\/02\/Uganda-POVC-255x360.jpg 255w, https:\/\/www.taizyfoodmachine.com\/wp-content\/uploads\/2022\/02\/Uganda-POVC-382x540.jpg 382w, https:\/\/www.taizyfoodmachine.com\/wp-content\/uploads\/2022\/02\/Uganda-POVC-106x150.jpg 106w, https:\/\/www.taizyfoodmachine.com\/wp-content\/uploads\/2022\/02\/Uganda-POVC-8x12.jpg 8w\" sizes=\"auto, (max-width: 720px) 100vw, 720px\" title=\"\"><\/a> \t\t\t<\/div><\/figure> \t\t<\/div>","protected":false},"excerpt":{"rendered":"<p>OUR REPUTATIONZhengzhou Taizy Machinery Co., LTD., established in 2011, the leading machinery manufacturer and foreign trading enterprise from China, is headquartered in Zhengzhou, the capital city of Henan province in the middle region of China. Taizy is the integrity of scientific research and development (R&amp;D), manufacturing, technical service and oversea trading of high quality food [&hellip;]<\/p>\n","protected":false},"author":1,"featured_media":0,"parent":0,"menu_order":0,"comment_status":"open","ping_status":"closed","template":"","meta":{"footnotes":""},"class_list":["post-2009","page","type-page","status-publish","hentry"],"_links":{"self":[{"href":"https:\/\/www.taizyfoodmachine.com\/es\/wp-json\/wp\/v2\/pages\/2009","targetHints":{"allow":["GET"]}}],"collection":[{"href":"https:\/\/www.taizyfoodmachine.com\/es\/wp-json\/wp\/v2\/pages"}],"about":[{"href":"https:\/\/www.taizyfoodmachine.com\/es\/wp-json\/wp\/v2\/types\/page"}],"author":[{"embeddable":true,"href":"https:\/\/www.taizyfoodmachine.com\/es\/wp-json\/wp\/v2\/users\/1"}],"replies":[{"embeddable":true,"href":"https:\/\/www.taizyfoodmachine.com\/es\/wp-json\/wp\/v2\/comments?post=2009"}],"version-history":[{"count":0,"href":"https:\/\/www.taizyfoodmachine.com\/es\/wp-json\/wp\/v2\/pages\/2009\/revisions"}],"wp:attachment":[{"href":"https:\/\/www.taizyfoodmachine.com\/es\/wp-json\/wp\/v2\/media?parent=2009"}],"curies":[{"name":"wp","href":"https:\/\/api.w.org\/{rel}","templated":true}]}}