{"id":2010,"date":"2018-12-27T07:37:08","date_gmt":"2018-12-27T07:37:08","guid":{"rendered":"http:\/\/www.taizyfoodmachine.com\/?page_id=6"},"modified":"2025-12-05T11:40:22","modified_gmt":"2025-12-05T03:40:22","slug":"contact-us","status":"publish","type":"page","link":"https:\/\/www.taizyfoodmachine.com\/es\/contact-us","title":{"rendered":"Cont\u00e1ctenos"},"content":{"rendered":"<div class=\"wp-block-columns is-layout-flex wp-container-core-columns-is-layout-9d6595d7 wp-block-columns-is-layout-flex\"> <div class=\"wp-block-column is-layout-flow wp-block-column-is-layout-flow\"> <p>Bienvenido a Zhengzhou Taizy Machinery Equipment Co., Ltd. Nuestro equipo de servicio est\u00e1 a su disposici\u00f3n, listo para ayudarlo con cualquier consulta de preventa, durante o posventa. No dude en contactarnos en cualquier momento y nuestro equipo de servicio al cliente atender\u00e1 sus necesidades de inmediato.<\/p>    <p>Adem\u00e1s, extendemos una c\u00e1lida invitaci\u00f3n a personas de todos los sectores a visitar nuestra empresa para inspecciones y recorridos. Estamos comprometidos a brindar asistencia con traslados al aeropuerto y procedimientos de entrada\/salida para su conveniencia.<\/p>    <p>Taizy Machinery espera sinceramente establecer colaboraciones profundas con clientes de todos los tama\u00f1os en todo el mundo. \u00a1Agradecemos su confianza en nosotros!<\/p> <\/div>    <div class=\"wp-block-column is-layout-flow wp-block-column-is-layout-flow\"> <figure class=\"wp-block-image\"><img decoding=\"async\" src=\"https:\/\/www.taizyfoodmachine.com\/wp-content\/uploads\/2018\/12\/Contact-Us.jpg\" alt=\"\" title=\"\"><\/figure>    <p class=\"translation-block\"><strong>Zhengzhou Taizy Machinery Co., Ltd<\/strong><br><strong>Correo electr\u00f3nico: info@taizyfoodmachine.com<\/strong><br><strong>WhatsApp\/Tel\u00e9fono\/WeChat:  86 15838192276<\/strong><br><strong>Direcci\u00f3n: Nautical Road East, Zona de Desarrollo Econ\u00f3mico de Zhengzhou, Henan, China<\/strong><\/p> <\/div> <\/div>","protected":false},"excerpt":{"rendered":"<p>Welcome to Zhengzhou Taizy Machinery Equipment Co., Ltd. Our service team is at your disposal, ready to assist you with any pre-sales, during-sales, or after-sales inquiries. Feel free to contact us anytime, and our customer service team will promptly address your needs. Furthermore, we extend a warm invitation to individuals from all sectors to visit [&hellip;]<\/p>\n","protected":false},"author":1,"featured_media":0,"parent":0,"menu_order":0,"comment_status":"open","ping_status":"closed","template":"","meta":{"footnotes":""},"class_list":["post-2010","page","type-page","status-publish","hentry"],"_links":{"self":[{"href":"https:\/\/www.taizyfoodmachine.com\/es\/wp-json\/wp\/v2\/pages\/2010","targetHints":{"allow":["GET"]}}],"collection":[{"href":"https:\/\/www.taizyfoodmachine.com\/es\/wp-json\/wp\/v2\/pages"}],"about":[{"href":"https:\/\/www.taizyfoodmachine.com\/es\/wp-json\/wp\/v2\/types\/page"}],"author":[{"embeddable":true,"href":"https:\/\/www.taizyfoodmachine.com\/es\/wp-json\/wp\/v2\/users\/1"}],"replies":[{"embeddable":true,"href":"https:\/\/www.taizyfoodmachine.com\/es\/wp-json\/wp\/v2\/comments?post=2010"}],"version-history":[{"count":0,"href":"https:\/\/www.taizyfoodmachine.com\/es\/wp-json\/wp\/v2\/pages\/2010\/revisions"}],"wp:attachment":[{"href":"https:\/\/www.taizyfoodmachine.com\/es\/wp-json\/wp\/v2\/media?parent=2010"}],"curies":[{"name":"wp","href":"https:\/\/api.w.org\/{rel}","templated":true}]}}