{"id":24,"date":"2018-12-27T10:44:19","date_gmt":"2018-12-27T10:44:19","guid":{"rendered":"http:\/\/www.taizyfoodmachine.com\/?page_id=24"},"modified":"2025-02-06T14:10:39","modified_gmt":"2025-02-06T06:10:39","slug":"service","status":"publish","type":"page","link":"https:\/\/www.taizyfoodmachine.com\/es\/service","title":{"rendered":"Servicio"},"content":{"rendered":"<p class=\"translation-block\"><b>CONTROL DE CALIDAD<\/b><\/p>    <p>&nbsp;&nbsp;&nbsp;&nbsp;Los equipos de procesamiento de alimentos de primera calidad como combinaci\u00f3n de uso pr\u00e1ctico y solicitud est\u00e9tica est\u00e1n dise\u00f1ados por nuestro talentoso dise\u00f1ador; adem\u00e1s, de acuerdo con las diferentes demandas del mercado y requisitos de producci\u00f3n, los equipos de procesamiento de alimentos dise\u00f1ados por Taizy se pueden personalizar por tama\u00f1o, forma, color y medio de fuente de alimentaci\u00f3n, etc\u00e9tera.<\/p>    <p>&nbsp;&nbsp;&nbsp;&nbsp;Para el control de calidad, dado que Taizy se ha dedicado a la fabricaci\u00f3n de procesamiento de alimentos durante m\u00e1s de diez a\u00f1os, las soluciones llave en mano optimizadas para la l\u00ednea de producci\u00f3n de alimentos, Taizy ha resumido y mejorado a trav\u00e9s de una serie de investigaciones constantes y pruebas piloto del equipo recientemente inventado: Nuestro personal t\u00e9cnico especial examina las piezas motivadoras, las piezas transportadoras y los dispositivos auxiliares para garantizar el trabajo seguro y el funcionamiento eficiente de las nuevas m\u00e1quinas en el trabajo pr\u00e1ctico en el futuro.<\/p>    <p>&nbsp;&nbsp;&nbsp;&nbsp;Sorprendentemente, incluidas las piezas con formas especiales, todas las piezas que construyen toda la m\u00e1quina procesadora de alimentos se fabrican mediante corte por l\u00e1ser de alta gama, por lo que los problemas de los bordes cortantes \u00e1speros del m\u00e9todo de fabricaci\u00f3n tradicional se resolvieron permanentemente.<\/p>    <figure class=\"wp-block-image\"><img decoding=\"async\" src=\"https:\/\/www.taizyfoodmachine.com\/wp-content\/uploads\/2018\/12\/Service.jpg\" alt=\"\" title=\"\"><\/figure>    <p><\/p>    <p class=\"translation-block\"><b>VISITA DE NEGOCIOS<\/b><\/p>    <p>&nbsp;&nbsp;&nbsp;&nbsp;Hasta ahora, Taizy ha dirigido f\u00e1bricas especializadas en diversos fines, desde moldeado y conformaci\u00f3n de piezas, ensamblaje de m\u00e1quinas hasta pruebas de m\u00e1quinas terminadas. Taizy da una calurosa bienvenida a los clientes para que realicen una visita comercial a nuestra f\u00e1brica para probar la m\u00e1quina individual o la serie en el sitio bajo la instrucci\u00f3n del personal t\u00e9cnico.<\/p>    <p class=\"translation-block\"><b>ENTREGA<\/b><\/p>    <p>&nbsp;&nbsp;&nbsp;&nbsp;Debido a los estrictos requisitos de procesamiento higi\u00e9nico de la l\u00ednea de producci\u00f3n, las m\u00e1quinas terminadas se almacenan en nuestro almac\u00e9n bien ventilado en caso de que se da\u00f1en por la corrosi\u00f3n de la lluvia o se vean afectadas por impurezas.<\/p>    <p>&nbsp;&nbsp;&nbsp;&nbsp;La entrega y el env\u00edo oportunos se pueden garantizar mediante la colaboraci\u00f3n confiable con la empresa de log\u00edstica en el extranjero. Mientras tanto, en caso de da\u00f1os causados \u200b\u200bdurante el env\u00edo, la m\u00e1quina terminada se envuelve herm\u00e9ticamente para garantizar la integridad de los componentes, incluidas las piezas principales, accesorios y dispositivos, durante el env\u00edo.<\/p>    <p class=\"translation-block\"><strong>MONTAJE Y MANTENIMIENTO Y REPARACI\u00d3N<\/strong><\/p>    <p>&nbsp;&nbsp;&nbsp;&nbsp;El ensamblaje de la m\u00e1quina terminada se realiza siguiendo las instrucciones del video de ensamblaje paso a paso; adem\u00e1s, los ingenieros t\u00e9cnicos o el personal pueden realizar el ensamblaje en el sitio y la distribuci\u00f3n de la l\u00ednea de producci\u00f3n. Aunque los productos terminados que ofrece Taizy se caracterizan por su bajo mantenimiento y su f\u00e1cil operaci\u00f3n y limpieza, Taizy tambi\u00e9n ofrece a los clientes un manual del propietario y servicios postventa profesionales, que incluyen revisiones y reparaciones peri\u00f3dicas.<\/p>","protected":false},"excerpt":{"rendered":"<p>QUALITY CONTROL &nbsp;&nbsp;&nbsp;&nbsp;The premium food processing equipment as the combination of practical use and aesthetic request are designed by our talented designer, besides, in accordance with different market demand and production requirement, food processing equipment Taizy designed can be customized by size, shape, color, means of power supply, et cetera. &nbsp;&nbsp;&nbsp;&nbsp;For quality control, given that [&hellip;]<\/p>\n","protected":false},"author":1,"featured_media":0,"parent":0,"menu_order":0,"comment_status":"open","ping_status":"closed","template":"","meta":{"footnotes":""},"class_list":["post-24","page","type-page","status-publish","hentry"],"_links":{"self":[{"href":"https:\/\/www.taizyfoodmachine.com\/es\/wp-json\/wp\/v2\/pages\/24","targetHints":{"allow":["GET"]}}],"collection":[{"href":"https:\/\/www.taizyfoodmachine.com\/es\/wp-json\/wp\/v2\/pages"}],"about":[{"href":"https:\/\/www.taizyfoodmachine.com\/es\/wp-json\/wp\/v2\/types\/page"}],"author":[{"embeddable":true,"href":"https:\/\/www.taizyfoodmachine.com\/es\/wp-json\/wp\/v2\/users\/1"}],"replies":[{"embeddable":true,"href":"https:\/\/www.taizyfoodmachine.com\/es\/wp-json\/wp\/v2\/comments?post=24"}],"version-history":[{"count":0,"href":"https:\/\/www.taizyfoodmachine.com\/es\/wp-json\/wp\/v2\/pages\/24\/revisions"}],"wp:attachment":[{"href":"https:\/\/www.taizyfoodmachine.com\/es\/wp-json\/wp\/v2\/media?parent=24"}],"curies":[{"name":"wp","href":"https:\/\/api.w.org\/{rel}","templated":true}]}}