{"id":2009,"date":"2018-12-27T07:32:08","date_gmt":"2018-12-27T07:32:08","guid":{"rendered":"http:\/\/www.taizyfoodmachine.com\/?page_id=2"},"modified":"2026-01-21T17:42:06","modified_gmt":"2026-01-21T09:42:06","slug":"about-us","status":"publish","type":"page","link":"https:\/\/www.taizyfoodmachine.com\/fr\/about-us","title":{"rendered":"\u00c0 propos de nous"},"content":{"rendered":"<p class=\"translation-block\"><span style=\"font-size: 20px\"><strong>NOTRE R\u00c9PUTATION<\/strong><\/span><br>Zhengzhou Taizy Machinery Co., LTD., fond\u00e9e en 2011, le principal fabricant de machines et entreprise de commerce ext\u00e9rieur de Chine, a son si\u00e8ge \u00e0 Zhengzhou, la capitale de la province du Henan dans la r\u00e9gion centrale de la Chine. Taizy incarne l'int\u00e9grit\u00e9 de la recherche et d\u00e9veloppement (R&amp;D), de la fabrication, du service technique et du commerce international d'\u00e9quipements de transformation alimentaire de haute qualit\u00e9.<\/p>    <p>Notamment, soutenu par leur groupe d'ing\u00e9nierie rigoureusement form\u00e9, des designers talentueux, une \u00e9quipe de commerciaux sp\u00e9cialis\u00e9s dans le commerce international, et des produits de qualit\u00e9 avec une longue dur\u00e9e de vie, ainsi que des services chaleureux, Taizy a servi des clients allant d'Asie \u00e0 l'Europe et \u00e0 l'Afrique. Ces derni\u00e8res ann\u00e9es, les produits de Taizy ont \u00e9t\u00e9 vendus dans plus de 100 pays et r\u00e9gions, notamment l'Australie, le Japon, Singapour, l'Am\u00e9rique, le Nigeria, le Kenya, le Ghana, le Congo, l'\u00c9thiopie, la Namibie, le Maroc, le Botswana, le Zimbabwe, l'Ouganda, l'Alg\u00e9rie, le Cameroun, l'Indon\u00e9sie, l'Inde, le Bangladesh, la Dominique, etc. Taizy est devenue une partie indispensable de l'industrie alimentaire mondiale et jouit d'une grande popularit\u00e9 sur les march\u00e9s alimentaires internationaux.<\/p>   <div class=\"wp-block-image\"> <figure class=\"aligncenter\"><img decoding=\"async\" src=\"https:\/\/www.taizyfoodmachine.com\/wp-content\/uploads\/2019\/01\/zhengshu.jpg\" alt=\"\" title=\"\"><\/figure> <\/div>   <div align=\"center\"><\/div>    <p class=\"translation-block\"><span style=\"font-size: 20px\"><strong>SUPPORT TECHNOLOGIQUE<\/strong><\/span><br>\u00c9quipe technique sp\u00e9cialis\u00e9e : Taizy, depuis la s\u00e9lection des mat\u00e9riaux jusqu'\u00e0 la conception et la fabrication des machines, a investi massivement dans l'am\u00e9lioration des ressources humaines en recrutant des designers de pointe, des ing\u00e9nieurs bien form\u00e9s et d'excellents fabricants. Par ailleurs, Taizy a introduit une s\u00e9rie d'appareils de test de qualit\u00e9 pour l'inspection des machines avant livraison afin de garantir une utilisation durable et la haute qualit\u00e9 de nos \u00e9quipements finis.<\/p>    <p>Pour cette raison, Taizy a maintenu son leadership en mati\u00e8re de technologie, de conception et de fabrication pendant plus de dix ans dans l'industrie de l'\u00e9quipement alimentaire et a \u00e9t\u00e9 consid\u00e9r\u00e9 comme l'un des coop\u00e9rateurs les plus honn\u00eates et dignes de confiance en Chine.<\/p>   <div class=\"wp-block-image\"> <figure class=\"aligncenter size-large is-resized\"><img loading=\"lazy\" decoding=\"async\" width=\"519\" height=\"540\" src=\"https:\/\/www.taizyfoodmachine.com\/wp-content\/uploads\/2026\/01\/Taizys-clients-519x540.webp\" alt=\"Les clients de Taizy\" class=\"wp-image-20354\" style=\"aspect-ratio:0.9611307420494699;width:609px;height:auto\" title=\"\" srcset=\"https:\/\/www.taizyfoodmachine.com\/wp-content\/uploads\/2026\/01\/Taizys-clients-519x540.webp 519w, https:\/\/www.taizyfoodmachine.com\/wp-content\/uploads\/2026\/01\/Taizys-clients-346x360.webp 346w, https:\/\/www.taizyfoodmachine.com\/wp-content\/uploads\/2026\/01\/Taizys-clients-144x150.webp 144w, https:\/\/www.taizyfoodmachine.com\/wp-content\/uploads\/2026\/01\/Taizys-clients-12x12.webp 12w, https:\/\/www.taizyfoodmachine.com\/wp-content\/uploads\/2026\/01\/Taizys-clients.webp 750w\" sizes=\"auto, (max-width: 519px) 100vw, 519px\" \/><figcaption class=\"wp-element-caption\">Les clients de Taizy<\/figcaption><\/figure> <\/div>   <p class=\"translation-block\"><span style=\"font-size: 20px\"><strong>NOS SOLUTIONS OPTIMIS\u00c9ES<\/strong><\/span><br>L'entreprise poss\u00e8de un centre d'usinage avanc\u00e9 pour la soudure automatique et la d\u00e9coupe au laser de fragments de pi\u00e8ces de forme sp\u00e9ciale, ainsi qu'une finition manuelle pour rendre l'apparence de l'\u00e9quipement soign\u00e9e et exquise. Elle dispose \u00e9galement d'un ensemble complet d'\u00e9quipements d'inspection pour garantir la haute qualit\u00e9 des \u00e9quipements finis, afin d'obtenir un traitement fluide, un travail s\u00e9curis\u00e9, le respect des normes d'hygi\u00e8ne, ainsi qu'une production excellente et efficace. Les produits phares de Taizy sont : machine de nettoyage de l\u00e9gumes, machine de lavage et d\u2019\u00e9pluchage de l\u00e9gumes racines, machine de d\u00e9coupe pour l\u00e9gumes et fruits, machine de blanchiment et de refroidissement, ligne d'air sec, \u00e9quipements d'emballage, etc., pouvant \u00eatre largement utilis\u00e9s pour la st\u00e9rilisation et la transformation de divers l\u00e9gumes, fruits, aliments de loisir, ainsi que pour la transformation en profondeur de produits agricoles. La finalit\u00e9 de Taizy est de fournir aux clients des solutions pratiques, abordables et rentables pour la production alimentaire, afin de faciliter et d\u2019acc\u00e9l\u00e9rer leur d\u00e9veloppement, de moderniser la ligne de production, de renforcer la r\u00e9putation de l'entreprise et de construire la cr\u00e9dibilit\u00e9 du client.<\/p>    <p>Pour l'instant, Taizy a invent\u00e9 et d\u00e9velopp\u00e9 des solutions de transformation alimentaire remarquables, notamment une ligne de production de chips\/frites surgel\u00e9es ; ligne de production de chips de banane\u00a0; ligne de traitement de nettoyage et de lavage des l\u00e9gumes et des fruits, etc.<\/p>    <div style=\"margin-top: 10px;\"> <\/div>   <div id='gallery-1' class='gallery galleryid-2009 gallery-columns-2 gallery-size-herald-lay-a'><figure class='gallery-item'> \t\t\t<div class='gallery-icon landscape'> \t\t\t\t<a class=\"herald-popup\" href='https:\/\/www.taizyfoodmachine.com\/wp-content\/uploads\/2022\/02\/QQ\u56fe\u724720191022115603-tuya_\u7ed3\u679c.jpg'><img loading=\"lazy\" decoding=\"async\" width=\"720\" height=\"540\" src=\"https:\/\/www.taizyfoodmachine.com\/wp-content\/uploads\/2022\/02\/QQ\u56fe\u724720191022115603-tuya_\u7ed3\u679c.jpg\" class=\"attachment-herald-lay-a size-herald-lay-a\" alt=\"\" srcset=\"https:\/\/www.taizyfoodmachine.com\/wp-content\/uploads\/2022\/02\/QQ\u56fe\u724720191022115603-tuya_\u7ed3\u679c.jpg 720w, https:\/\/www.taizyfoodmachine.com\/wp-content\/uploads\/2022\/02\/QQ\u56fe\u724720191022115603-tuya_\u7ed3\u679c-480x360.jpg 480w, https:\/\/www.taizyfoodmachine.com\/wp-content\/uploads\/2022\/02\/QQ\u56fe\u724720191022115603-tuya_\u7ed3\u679c-150x113.jpg 150w, https:\/\/www.taizyfoodmachine.com\/wp-content\/uploads\/2022\/02\/QQ\u56fe\u724720191022115603-tuya_\u7ed3\u679c-16x12.jpg 16w, https:\/\/www.taizyfoodmachine.com\/wp-content\/uploads\/2022\/02\/QQ\u56fe\u724720191022115603-tuya_\u7ed3\u679c-74x55.jpg 74w, https:\/\/www.taizyfoodmachine.com\/wp-content\/uploads\/2022\/02\/QQ\u56fe\u724720191022115603-tuya_\u7ed3\u679c-111x83.jpg 111w\" sizes=\"auto, (max-width: 720px) 100vw, 720px\" title=\"\"><\/a> \t\t\t<\/div><\/figure><figure class='gallery-item'> \t\t\t<div class='gallery-icon landscape'> \t\t\t\t<a class=\"herald-popup\" href='https:\/\/www.taizyfoodmachine.com\/wp-content\/uploads\/2022\/02\/IMG_20191022_111715-tuya_\u7ed3\u679c.jpg'><img loading=\"lazy\" decoding=\"async\" width=\"720\" height=\"540\" src=\"https:\/\/www.taizyfoodmachine.com\/wp-content\/uploads\/2022\/02\/IMG_20191022_111715-tuya_\u7ed3\u679c.jpg\" class=\"attachment-herald-lay-a size-herald-lay-a\" alt=\"\" srcset=\"https:\/\/www.taizyfoodmachine.com\/wp-content\/uploads\/2022\/02\/IMG_20191022_111715-tuya_\u7ed3\u679c.jpg 720w, https:\/\/www.taizyfoodmachine.com\/wp-content\/uploads\/2022\/02\/IMG_20191022_111715-tuya_\u7ed3\u679c-480x360.jpg 480w, https:\/\/www.taizyfoodmachine.com\/wp-content\/uploads\/2022\/02\/IMG_20191022_111715-tuya_\u7ed3\u679c-150x113.jpg 150w, https:\/\/www.taizyfoodmachine.com\/wp-content\/uploads\/2022\/02\/IMG_20191022_111715-tuya_\u7ed3\u679c-16x12.jpg 16w, https:\/\/www.taizyfoodmachine.com\/wp-content\/uploads\/2022\/02\/IMG_20191022_111715-tuya_\u7ed3\u679c-74x55.jpg 74w, https:\/\/www.taizyfoodmachine.com\/wp-content\/uploads\/2022\/02\/IMG_20191022_111715-tuya_\u7ed3\u679c-111x83.jpg 111w\" sizes=\"auto, (max-width: 720px) 100vw, 720px\" title=\"\"><\/a> \t\t\t<\/div><\/figure><figure class='gallery-item'> \t\t\t<div class='gallery-icon landscape'> \t\t\t\t<a class=\"herald-popup\" href='https:\/\/www.taizyfoodmachine.com\/wp-content\/uploads\/2022\/02\/98@YN2PEVMHK3FWSRU-tuya_\u7ed3\u679c.jpg'><img loading=\"lazy\" decoding=\"async\" width=\"720\" height=\"540\" src=\"https:\/\/www.taizyfoodmachine.com\/wp-content\/uploads\/2022\/02\/98@YN2PEVMHK3FWSRU-tuya_\u7ed3\u679c.jpg\" class=\"attachment-herald-lay-a size-herald-lay-a\" alt=\"\" srcset=\"https:\/\/www.taizyfoodmachine.com\/wp-content\/uploads\/2022\/02\/98@YN2PEVMHK3FWSRU-tuya_\u7ed3\u679c.jpg 720w, https:\/\/www.taizyfoodmachine.com\/wp-content\/uploads\/2022\/02\/98@YN2PEVMHK3FWSRU-tuya_\u7ed3\u679c-480x360.jpg 480w, https:\/\/www.taizyfoodmachine.com\/wp-content\/uploads\/2022\/02\/98@YN2PEVMHK3FWSRU-tuya_\u7ed3\u679c-150x113.jpg 150w, https:\/\/www.taizyfoodmachine.com\/wp-content\/uploads\/2022\/02\/98@YN2PEVMHK3FWSRU-tuya_\u7ed3\u679c-16x12.jpg 16w, https:\/\/www.taizyfoodmachine.com\/wp-content\/uploads\/2022\/02\/98@YN2PEVMHK3FWSRU-tuya_\u7ed3\u679c-74x55.jpg 74w, https:\/\/www.taizyfoodmachine.com\/wp-content\/uploads\/2022\/02\/98@YN2PEVMHK3FWSRU-tuya_\u7ed3\u679c-111x83.jpg 111w\" sizes=\"auto, (max-width: 720px) 100vw, 720px\" title=\"\"><\/a> \t\t\t<\/div><\/figure><figure class='gallery-item'> \t\t\t<div class='gallery-icon landscape'> \t\t\t\t<a class=\"herald-popup\" href='https:\/\/www.taizyfoodmachine.com\/wp-content\/uploads\/2022\/02\/stock2-tuya_\u7ed3\u679c.jpg'><img loading=\"lazy\" decoding=\"async\" width=\"720\" height=\"540\" src=\"https:\/\/www.taizyfoodmachine.com\/wp-content\/uploads\/2022\/02\/stock2-tuya_\u7ed3\u679c.jpg\" class=\"attachment-herald-lay-a size-herald-lay-a\" alt=\"\" srcset=\"https:\/\/www.taizyfoodmachine.com\/wp-content\/uploads\/2022\/02\/stock2-tuya_\u7ed3\u679c.jpg 720w, https:\/\/www.taizyfoodmachine.com\/wp-content\/uploads\/2022\/02\/stock2-tuya_\u7ed3\u679c-480x360.jpg 480w, https:\/\/www.taizyfoodmachine.com\/wp-content\/uploads\/2022\/02\/stock2-tuya_\u7ed3\u679c-150x113.jpg 150w, https:\/\/www.taizyfoodmachine.com\/wp-content\/uploads\/2022\/02\/stock2-tuya_\u7ed3\u679c-16x12.jpg 16w, https:\/\/www.taizyfoodmachine.com\/wp-content\/uploads\/2022\/02\/stock2-tuya_\u7ed3\u679c-74x55.jpg 74w, https:\/\/www.taizyfoodmachine.com\/wp-content\/uploads\/2022\/02\/stock2-tuya_\u7ed3\u679c-111x83.jpg 111w\" sizes=\"auto, (max-width: 720px) 100vw, 720px\" title=\"\"><\/a> \t\t\t<\/div><\/figure> \t\t<\/div>    <p class=\"translation-block\"><span style=\"font-size: 20px\"><strong>NOTRE CONCEPT<\/strong><\/span><\/p>    <p>Trois concepts majeurs valorisant Taizy Machinery\u00a0: l'int\u00e9grit\u00e9, la gratitude, l'altruisme, l'entraide\u00a0;<\/p>    <p>Mission Taizy Machinery : exporter dans le monde entier, faire des machines chinoises une renomm\u00e9e mondiale\u00a0;<\/p>    <p>Vision Taizy ch\u00e9rir les machines\u00a0: construire la meilleure plateforme pour le d\u00e9veloppement des employ\u00e9s.<\/p>    <p>Taizy, en tant qu'entreprise orient\u00e9e vers le march\u00e9, prenant comme moyen de d\u00e9veloppement \u00ab tirer parti du prestige en vendant des produits de haute qualit\u00e9 et en fournissant un service personnalis\u00e9 \u00bb, a introduit une technologie de pointe, des installations de fabrication haut de gamme, une \u00e9quipe d'instruction technique au pays et \u00e0 l'\u00e9tranger dans le d\u00e9veloppement de produits, fabrication d'\u00e9quipements et contr\u00f4le qualit\u00e9 des produits finis. Par cons\u00e9quent, sur la base des exigences du march\u00e9 international des \u00e9quipements de transformation des aliments, les \u00e9quipements et machines invent\u00e9s et d\u00e9velopp\u00e9s par Taizy jouissent d\u2019une grande popularit\u00e9 sur le march\u00e9 international.<\/p>    <p>Le personnel de l'entreprise de Taizy travaille avec enthousiasme et une attitude sinc\u00e8re en d\u00e9fendant le concept de relations commerciales gagnant-gagnant, accueille chaleureusement les nouveaux et anciens clients pour effectuer une visite d'affaires et construit des relations de coop\u00e9ration avec nous. Taizy, tourn\u00e9 vers l'avenir, se consacre \u00e0 la cr\u00e9ation de solutions d'\u00e9conomie d'\u00e9nergie et de production de classe mondiale pour aider nos clients \u00e0 gagner l'avenir en r\u00e9alisant plus de b\u00e9n\u00e9fices. Taizy accorde plus d'attention aux exigences et aux attentes des clients avec nos plus grands efforts.<br>Choisir Taizy, pour concr\u00e9tiser une entreprise prosp\u00e8re !<\/p>    <p class=\"translation-block\"><span style=\"font-size: 20px\"><strong>CERTIFICAT TAIZY<\/strong><\/span><br>Taizy a obtenu les certifications SGS, ISO, CE et BV. Par ailleurs, Taizy a \u00e9t\u00e9 d\u00e9sign\u00e9e comme \u00ab Entreprise fiable annuelle \u00bb et \u00ab Entreprise avanc\u00e9e de travail s\u00e9curis\u00e9 \u00bb dans la province du Henan, en Chine. Taizy s'engage \u00e0 devenir une entreprise diversifi\u00e9e et reconnue mondialement dans l'invention et la fabrication de machines.<\/p>   <div id='gallery-2' class='gallery galleryid-2009 gallery-columns-3 gallery-size-herald-lay-c1'><figure class='gallery-item'> \t\t\t<div class='gallery-icon portrait'> \t\t\t\t<a class=\"herald-popup\" href='https:\/\/www.taizyfoodmachine.com\/wp-content\/uploads\/2022\/02\/black-garlic-fermentation-machine-CE.jpg'><img loading=\"lazy\" decoding=\"async\" width=\"720\" height=\"1018\" src=\"https:\/\/www.taizyfoodmachine.com\/wp-content\/uploads\/2022\/02\/black-garlic-fermentation-machine-CE.jpg\" class=\"attachment-herald-lay-c1 size-herald-lay-c1\" alt=\"\" srcset=\"https:\/\/www.taizyfoodmachine.com\/wp-content\/uploads\/2022\/02\/black-garlic-fermentation-machine-CE.jpg 720w, https:\/\/www.taizyfoodmachine.com\/wp-content\/uploads\/2022\/02\/black-garlic-fermentation-machine-CE-255x360.jpg 255w, https:\/\/www.taizyfoodmachine.com\/wp-content\/uploads\/2022\/02\/black-garlic-fermentation-machine-CE-382x540.jpg 382w, https:\/\/www.taizyfoodmachine.com\/wp-content\/uploads\/2022\/02\/black-garlic-fermentation-machine-CE-106x150.jpg 106w, https:\/\/www.taizyfoodmachine.com\/wp-content\/uploads\/2022\/02\/black-garlic-fermentation-machine-CE-8x12.jpg 8w\" sizes=\"auto, (max-width: 720px) 100vw, 720px\" title=\"\"><\/a> \t\t\t<\/div><\/figure><figure class='gallery-item'> \t\t\t<div class='gallery-icon portrait'> \t\t\t\t<a class=\"herald-popup\" href='https:\/\/www.taizyfoodmachine.com\/wp-content\/uploads\/2022\/02\/blanching-machine-CE.jpg'><img loading=\"lazy\" decoding=\"async\" width=\"720\" height=\"1018\" src=\"https:\/\/www.taizyfoodmachine.com\/wp-content\/uploads\/2022\/02\/blanching-machine-CE.jpg\" class=\"attachment-herald-lay-c1 size-herald-lay-c1\" alt=\"\" srcset=\"https:\/\/www.taizyfoodmachine.com\/wp-content\/uploads\/2022\/02\/blanching-machine-CE.jpg 720w, https:\/\/www.taizyfoodmachine.com\/wp-content\/uploads\/2022\/02\/blanching-machine-CE-255x360.jpg 255w, https:\/\/www.taizyfoodmachine.com\/wp-content\/uploads\/2022\/02\/blanching-machine-CE-382x540.jpg 382w, https:\/\/www.taizyfoodmachine.com\/wp-content\/uploads\/2022\/02\/blanching-machine-CE-106x150.jpg 106w, https:\/\/www.taizyfoodmachine.com\/wp-content\/uploads\/2022\/02\/blanching-machine-CE-8x12.jpg 8w\" sizes=\"auto, (max-width: 720px) 100vw, 720px\" title=\"\"><\/a> \t\t\t<\/div><\/figure><figure class='gallery-item'> \t\t\t<div class='gallery-icon portrait'> \t\t\t\t<a class=\"herald-popup\" href='https:\/\/www.taizyfoodmachine.com\/wp-content\/uploads\/2022\/02\/fruit-processing-production-line-CE.jpg'><img loading=\"lazy\" decoding=\"async\" width=\"720\" height=\"1018\" src=\"https:\/\/www.taizyfoodmachine.com\/wp-content\/uploads\/2022\/02\/fruit-processing-production-line-CE.jpg\" class=\"attachment-herald-lay-c1 size-herald-lay-c1\" alt=\"\" srcset=\"https:\/\/www.taizyfoodmachine.com\/wp-content\/uploads\/2022\/02\/fruit-processing-production-line-CE.jpg 720w, https:\/\/www.taizyfoodmachine.com\/wp-content\/uploads\/2022\/02\/fruit-processing-production-line-CE-255x360.jpg 255w, https:\/\/www.taizyfoodmachine.com\/wp-content\/uploads\/2022\/02\/fruit-processing-production-line-CE-382x540.jpg 382w, https:\/\/www.taizyfoodmachine.com\/wp-content\/uploads\/2022\/02\/fruit-processing-production-line-CE-106x150.jpg 106w, https:\/\/www.taizyfoodmachine.com\/wp-content\/uploads\/2022\/02\/fruit-processing-production-line-CE-8x12.jpg 8w\" sizes=\"auto, (max-width: 720px) 100vw, 720px\" title=\"\"><\/a> \t\t\t<\/div><\/figure><figure class='gallery-item'> \t\t\t<div class='gallery-icon portrait'> \t\t\t\t<a class=\"herald-popup\" href='https:\/\/www.taizyfoodmachine.com\/wp-content\/uploads\/2022\/02\/popcorn-making-machine-CE.jpg'><img loading=\"lazy\" decoding=\"async\" width=\"720\" height=\"1018\" src=\"https:\/\/www.taizyfoodmachine.com\/wp-content\/uploads\/2022\/02\/popcorn-making-machine-CE.jpg\" class=\"attachment-herald-lay-c1 size-herald-lay-c1\" alt=\"\" srcset=\"https:\/\/www.taizyfoodmachine.com\/wp-content\/uploads\/2022\/02\/popcorn-making-machine-CE.jpg 720w, https:\/\/www.taizyfoodmachine.com\/wp-content\/uploads\/2022\/02\/popcorn-making-machine-CE-255x360.jpg 255w, https:\/\/www.taizyfoodmachine.com\/wp-content\/uploads\/2022\/02\/popcorn-making-machine-CE-382x540.jpg 382w, https:\/\/www.taizyfoodmachine.com\/wp-content\/uploads\/2022\/02\/popcorn-making-machine-CE-106x150.jpg 106w, https:\/\/www.taizyfoodmachine.com\/wp-content\/uploads\/2022\/02\/popcorn-making-machine-CE-8x12.jpg 8w\" sizes=\"auto, (max-width: 720px) 100vw, 720px\" title=\"\"><\/a> \t\t\t<\/div><\/figure><figure class='gallery-item'> \t\t\t<div class='gallery-icon portrait'> \t\t\t\t<a class=\"herald-popup\" href='https:\/\/www.taizyfoodmachine.com\/wp-content\/uploads\/2022\/02\/separator-machine-CE.jpg'><img loading=\"lazy\" decoding=\"async\" width=\"720\" height=\"1018\" src=\"https:\/\/www.taizyfoodmachine.com\/wp-content\/uploads\/2022\/02\/separator-machine-CE.jpg\" class=\"attachment-herald-lay-c1 size-herald-lay-c1\" alt=\"\" srcset=\"https:\/\/www.taizyfoodmachine.com\/wp-content\/uploads\/2022\/02\/separator-machine-CE.jpg 720w, https:\/\/www.taizyfoodmachine.com\/wp-content\/uploads\/2022\/02\/separator-machine-CE-255x360.jpg 255w, https:\/\/www.taizyfoodmachine.com\/wp-content\/uploads\/2022\/02\/separator-machine-CE-382x540.jpg 382w, https:\/\/www.taizyfoodmachine.com\/wp-content\/uploads\/2022\/02\/separator-machine-CE-106x150.jpg 106w, https:\/\/www.taizyfoodmachine.com\/wp-content\/uploads\/2022\/02\/separator-machine-CE-8x12.jpg 8w\" sizes=\"auto, (max-width: 720px) 100vw, 720px\" title=\"\"><\/a> \t\t\t<\/div><\/figure><figure class='gallery-item'> \t\t\t<div class='gallery-icon portrait'> \t\t\t\t<a class=\"herald-popup\" href='https:\/\/www.taizyfoodmachine.com\/wp-content\/uploads\/2022\/02\/sesame-washing-peeling-machine-CE.jpg'><img loading=\"lazy\" decoding=\"async\" width=\"720\" height=\"1018\" src=\"https:\/\/www.taizyfoodmachine.com\/wp-content\/uploads\/2022\/02\/sesame-washing-peeling-machine-CE.jpg\" class=\"attachment-herald-lay-c1 size-herald-lay-c1\" alt=\"\" srcset=\"https:\/\/www.taizyfoodmachine.com\/wp-content\/uploads\/2022\/02\/sesame-washing-peeling-machine-CE.jpg 720w, https:\/\/www.taizyfoodmachine.com\/wp-content\/uploads\/2022\/02\/sesame-washing-peeling-machine-CE-255x360.jpg 255w, https:\/\/www.taizyfoodmachine.com\/wp-content\/uploads\/2022\/02\/sesame-washing-peeling-machine-CE-382x540.jpg 382w, https:\/\/www.taizyfoodmachine.com\/wp-content\/uploads\/2022\/02\/sesame-washing-peeling-machine-CE-106x150.jpg 106w, https:\/\/www.taizyfoodmachine.com\/wp-content\/uploads\/2022\/02\/sesame-washing-peeling-machine-CE-8x12.jpg 8w\" sizes=\"auto, (max-width: 720px) 100vw, 720px\" title=\"\"><\/a> \t\t\t<\/div><\/figure><figure class='gallery-item'> \t\t\t<div class='gallery-icon portrait'> \t\t\t\t<a class=\"herald-popup\" href='https:\/\/www.taizyfoodmachine.com\/wp-content\/uploads\/2022\/02\/vegetable-cutting-machine-CE.jpg'><img loading=\"lazy\" decoding=\"async\" width=\"720\" height=\"1018\" src=\"https:\/\/www.taizyfoodmachine.com\/wp-content\/uploads\/2022\/02\/vegetable-cutting-machine-CE.jpg\" class=\"attachment-herald-lay-c1 size-herald-lay-c1\" alt=\"\" srcset=\"https:\/\/www.taizyfoodmachine.com\/wp-content\/uploads\/2022\/02\/vegetable-cutting-machine-CE.jpg 720w, https:\/\/www.taizyfoodmachine.com\/wp-content\/uploads\/2022\/02\/vegetable-cutting-machine-CE-255x360.jpg 255w, https:\/\/www.taizyfoodmachine.com\/wp-content\/uploads\/2022\/02\/vegetable-cutting-machine-CE-382x540.jpg 382w, https:\/\/www.taizyfoodmachine.com\/wp-content\/uploads\/2022\/02\/vegetable-cutting-machine-CE-106x150.jpg 106w, https:\/\/www.taizyfoodmachine.com\/wp-content\/uploads\/2022\/02\/vegetable-cutting-machine-CE-8x12.jpg 8w\" sizes=\"auto, (max-width: 720px) 100vw, 720px\" title=\"\"><\/a> \t\t\t<\/div><\/figure><figure class='gallery-item'> \t\t\t<div class='gallery-icon portrait'> \t\t\t\t<a class=\"herald-popup\" href='https:\/\/www.taizyfoodmachine.com\/wp-content\/uploads\/2022\/02\/Uganda-POVC.jpg'><img loading=\"lazy\" decoding=\"async\" width=\"720\" height=\"1018\" src=\"https:\/\/www.taizyfoodmachine.com\/wp-content\/uploads\/2022\/02\/Uganda-POVC.jpg\" class=\"attachment-herald-lay-c1 size-herald-lay-c1\" alt=\"\" srcset=\"https:\/\/www.taizyfoodmachine.com\/wp-content\/uploads\/2022\/02\/Uganda-POVC.jpg 720w, https:\/\/www.taizyfoodmachine.com\/wp-content\/uploads\/2022\/02\/Uganda-POVC-255x360.jpg 255w, https:\/\/www.taizyfoodmachine.com\/wp-content\/uploads\/2022\/02\/Uganda-POVC-382x540.jpg 382w, https:\/\/www.taizyfoodmachine.com\/wp-content\/uploads\/2022\/02\/Uganda-POVC-106x150.jpg 106w, https:\/\/www.taizyfoodmachine.com\/wp-content\/uploads\/2022\/02\/Uganda-POVC-8x12.jpg 8w\" sizes=\"auto, (max-width: 720px) 100vw, 720px\" title=\"\"><\/a> \t\t\t<\/div><\/figure> \t\t<\/div>","protected":false},"excerpt":{"rendered":"<p>OUR REPUTATIONZhengzhou Taizy Machinery Co., LTD., established in 2011, the leading machinery manufacturer and foreign trading enterprise from China, is headquartered in Zhengzhou, the capital city of Henan province in the middle region of China. Taizy is the integrity of scientific research and development (R&amp;D), manufacturing, technical service and oversea trading of high quality food [&hellip;]<\/p>\n","protected":false},"author":1,"featured_media":0,"parent":0,"menu_order":0,"comment_status":"open","ping_status":"closed","template":"","meta":{"footnotes":""},"class_list":["post-2009","page","type-page","status-publish","hentry"],"_links":{"self":[{"href":"https:\/\/www.taizyfoodmachine.com\/fr\/wp-json\/wp\/v2\/pages\/2009","targetHints":{"allow":["GET"]}}],"collection":[{"href":"https:\/\/www.taizyfoodmachine.com\/fr\/wp-json\/wp\/v2\/pages"}],"about":[{"href":"https:\/\/www.taizyfoodmachine.com\/fr\/wp-json\/wp\/v2\/types\/page"}],"author":[{"embeddable":true,"href":"https:\/\/www.taizyfoodmachine.com\/fr\/wp-json\/wp\/v2\/users\/1"}],"replies":[{"embeddable":true,"href":"https:\/\/www.taizyfoodmachine.com\/fr\/wp-json\/wp\/v2\/comments?post=2009"}],"version-history":[{"count":0,"href":"https:\/\/www.taizyfoodmachine.com\/fr\/wp-json\/wp\/v2\/pages\/2009\/revisions"}],"wp:attachment":[{"href":"https:\/\/www.taizyfoodmachine.com\/fr\/wp-json\/wp\/v2\/media?parent=2009"}],"curies":[{"name":"wp","href":"https:\/\/api.w.org\/{rel}","templated":true}]}}