{"id":2010,"date":"2018-12-27T07:37:08","date_gmt":"2018-12-27T07:37:08","guid":{"rendered":"http:\/\/www.taizyfoodmachine.com\/?page_id=6"},"modified":"2025-12-05T11:40:22","modified_gmt":"2025-12-05T03:40:22","slug":"contact-us","status":"publish","type":"page","link":"https:\/\/www.taizyfoodmachine.com\/fr\/contact-us","title":{"rendered":"Contactez-nous"},"content":{"rendered":"<div class=\"wp-block-columns is-layout-flex wp-container-core-columns-is-layout-9d6595d7 wp-block-columns-is-layout-flex\"> <div class=\"wp-block-column is-layout-flow wp-block-column-is-layout-flow\"> <p>Bienvenue chez Zhengzhou Taizy Machinery Equipment Co., Ltd. Notre \u00e9quipe de service est \u00e0 votre disposition, pr\u00eate \u00e0 vous aider pour toute demande de pr\u00e9vente, pendant la vente ou apr\u00e8s-vente. N'h\u00e9sitez pas \u00e0 nous contacter \u00e0 tout moment et notre \u00e9quipe de service client r\u00e9pondra rapidement \u00e0 vos besoins.<\/p>    <p>De plus, nous invitons chaleureusement les particuliers de tous les secteurs \u00e0 visiter notre entreprise pour des inspections et des visites. Nous nous engageons \u00e0 vous fournir une assistance pour les transferts a\u00e9roportuaires et les proc\u00e9dures d'entr\u00e9e\/sortie pour votre commodit\u00e9.<\/p>    <p>Taizy Machinery attend sinc\u00e8rement avec impatience d\u2019\u00e9tablir des collaborations approfondies avec des clients de toutes tailles du monde entier. Nous appr\u00e9cions votre confiance en nous\u00a0!<\/p> <\/div>    <div class=\"wp-block-column is-layout-flow wp-block-column-is-layout-flow\"> <figure class=\"wp-block-image\"><img decoding=\"async\" src=\"https:\/\/www.taizyfoodmachine.com\/wp-content\/uploads\/2018\/12\/Contact-Us.jpg\" alt=\"\" title=\"\"><\/figure>    <p class=\"translation-block\"><strong>Zhengzhou Taizy Machinery Co., Ltd<\/strong><br><strong>Email :info@taizyfoodmachine.com<\/strong><br><strong>WhatsApp\/T\u00e9l\/WeChat : 86 15838192276<\/strong><br><strong>Adresse : Nautical Road East, Zone de d\u00e9veloppement \u00e9conomique de Zhengzhou, Henan, Chine<\/strong><\/p> <\/div> <\/div>","protected":false},"excerpt":{"rendered":"<p>Welcome to Zhengzhou Taizy Machinery Equipment Co., Ltd. Our service team is at your disposal, ready to assist you with any pre-sales, during-sales, or after-sales inquiries. Feel free to contact us anytime, and our customer service team will promptly address your needs. Furthermore, we extend a warm invitation to individuals from all sectors to visit [&hellip;]<\/p>\n","protected":false},"author":1,"featured_media":0,"parent":0,"menu_order":0,"comment_status":"open","ping_status":"closed","template":"","meta":{"footnotes":""},"class_list":["post-2010","page","type-page","status-publish","hentry"],"_links":{"self":[{"href":"https:\/\/www.taizyfoodmachine.com\/fr\/wp-json\/wp\/v2\/pages\/2010","targetHints":{"allow":["GET"]}}],"collection":[{"href":"https:\/\/www.taizyfoodmachine.com\/fr\/wp-json\/wp\/v2\/pages"}],"about":[{"href":"https:\/\/www.taizyfoodmachine.com\/fr\/wp-json\/wp\/v2\/types\/page"}],"author":[{"embeddable":true,"href":"https:\/\/www.taizyfoodmachine.com\/fr\/wp-json\/wp\/v2\/users\/1"}],"replies":[{"embeddable":true,"href":"https:\/\/www.taizyfoodmachine.com\/fr\/wp-json\/wp\/v2\/comments?post=2010"}],"version-history":[{"count":0,"href":"https:\/\/www.taizyfoodmachine.com\/fr\/wp-json\/wp\/v2\/pages\/2010\/revisions"}],"wp:attachment":[{"href":"https:\/\/www.taizyfoodmachine.com\/fr\/wp-json\/wp\/v2\/media?parent=2010"}],"curies":[{"name":"wp","href":"https:\/\/api.w.org\/{rel}","templated":true}]}}