{"id":24,"date":"2018-12-27T10:44:19","date_gmt":"2018-12-27T10:44:19","guid":{"rendered":"http:\/\/www.taizyfoodmachine.com\/?page_id=24"},"modified":"2025-02-06T14:10:39","modified_gmt":"2025-02-06T06:10:39","slug":"service","status":"publish","type":"page","link":"https:\/\/www.taizyfoodmachine.com\/fr\/service","title":{"rendered":"Service"},"content":{"rendered":"<p class=\"translation-block\"><b>CONTROLE DE QUALITE<\/b><\/p>    <p>&nbsp;&nbsp;&nbsp;&nbsp;Les \u00e9quipements de transformation alimentaire haut de gamme, combinant utilisation pratique et demande esth\u00e9tique, sont con\u00e7us par notre talentueux designer. De plus, conform\u00e9ment aux diff\u00e9rentes demandes du march\u00e9 et exigences de production, les \u00e9quipements de transformation alimentaire con\u00e7us par Taizy peuvent \u00eatre personnalis\u00e9s en fonction de la taille, de la forme, de la couleur, des moyens de alimentation \u00e9lectrique, etc.<\/p>    <p>&nbsp;&nbsp;&nbsp;&nbsp;Pour le contr\u00f4le qualit\u00e9, \u00e9tant donn\u00e9 que Taizy se consacre \u00e0 la fabrication de produits alimentaires depuis plus de dix ans, les solutions cl\u00e9 en main optimis\u00e9es pour la ligne de production alimentaire, Taizy a r\u00e9sum\u00e9 et am\u00e9lior\u00e9 gr\u00e2ce \u00e0 une s\u00e9rie de recherches constantes et de tests pilotes des \u00e9quipements nouvellement invent\u00e9s\u00a0: Les pi\u00e8ces de motivation, les pi\u00e8ces de transport et les dispositifs auxiliaires sont examin\u00e9s minutieusement par notre personnel technique sp\u00e9cial afin de garantir le travail s\u00fbr et le fonctionnement efficace des nouvelles machines dans les travaux pratiques \u00e0 l'avenir.<\/p>    <p>&nbsp;&nbsp;&nbsp;&nbsp;Remarquablement, y compris les pi\u00e8ces de forme sp\u00e9ciale, toutes les pi\u00e8ces composant l'ensemble de la machine de transformation des aliments sont fabriqu\u00e9es gr\u00e2ce \u00e0 un savoir-faire de d\u00e9coupe laser haut de gamme, ainsi les probl\u00e8mes d'ar\u00eates de coupe rugueuses de la m\u00e9thode de fabrication traditionnelle ont \u00e9t\u00e9 r\u00e9solus de fa\u00e7on permanente.<\/p>    <figure class=\"wp-block-image\"><img decoding=\"async\" src=\"https:\/\/www.taizyfoodmachine.com\/wp-content\/uploads\/2018\/12\/Service.jpg\" alt=\"\" title=\"\"><\/figure>    <p><\/p>    <p class=\"translation-block\"><b>VISITE D'AFFAIRES<\/b><\/p>    <p>&nbsp;&nbsp;&nbsp;&nbsp;Jusqu'\u00e0 pr\u00e9sent, Taizy dirigeait des usines sp\u00e9cialis\u00e9es dans divers domaines allant du moulage et du fa\u00e7onnage de pi\u00e8ces, \u00e0 l'assemblage de machines jusqu'aux tests de machines finies. Taizy invite chaleureusement les clients \u00e0 effectuer une visite professionnelle dans notre usine pour tester la machine unique ou la s\u00e9rie sur site sous la direction du personnel technique.<\/p>    <p class=\"translation-block\"><b>LIVRAISON<\/b><\/p>    <p>&nbsp;&nbsp;&nbsp;&nbsp;En raison des exigences strictes en mati\u00e8re de traitement hygi\u00e9nique de la ligne de production, les machines finies sont stock\u00e9es dans notre entrep\u00f4t bien ventil\u00e9 au cas o\u00f9 elles seraient endommag\u00e9es par la corrosion due \u00e0 la pluie ou affect\u00e9es par des impuret\u00e9s.<\/p>    <p>&nbsp;&nbsp;&nbsp;&nbsp;La livraison et l'exp\u00e9dition dans les d\u00e9lais peuvent \u00eatre garanties gr\u00e2ce \u00e0 une collaboration fiable avec la soci\u00e9t\u00e9 de logistique \u00e0 l'\u00e9tranger. Pendant ce temps, en cas de dommages caus\u00e9s pendant l'exp\u00e9dition, la machine finie est emball\u00e9e herm\u00e9tiquement pour garantir l'int\u00e9grit\u00e9 des composants, y compris les pi\u00e8ces principales, les accessoires et les gadgets pendant l'exp\u00e9dition.<\/p>    <p class=\"translation-block\"><strong>ASSEMBLAGE, MAINTENANCE ET REPARATION<\/strong><\/p>    <p>&nbsp;&nbsp;&nbsp;&nbsp;L'assemblage de la machine finie est effectu\u00e9 selon les instructions de la vid\u00e9o d'assemblage, \u00e9tape par \u00e9tape. Les ing\u00e9nieurs techniques ou le personnel peuvent \u00e9galement effectuer l'assemblage sur site et la distribution sur la cha\u00eene de production. Bien que les produits finis propos\u00e9s par Taizy se caract\u00e9risent par leur faible entretien et leur facilit\u00e9 d'utilisation et de nettoyage, Taizy fournit \u00e9galement \u00e0 ses clients un manuel du propri\u00e9taire et des services apr\u00e8s-vente professionnels, y compris une r\u00e9vision et une r\u00e9paration p\u00e9riodiques.<\/p>","protected":false},"excerpt":{"rendered":"<p>QUALITY CONTROL &nbsp;&nbsp;&nbsp;&nbsp;The premium food processing equipment as the combination of practical use and aesthetic request are designed by our talented designer, besides, in accordance with different market demand and production requirement, food processing equipment Taizy designed can be customized by size, shape, color, means of power supply, et cetera. &nbsp;&nbsp;&nbsp;&nbsp;For quality control, given that [&hellip;]<\/p>\n","protected":false},"author":1,"featured_media":0,"parent":0,"menu_order":0,"comment_status":"open","ping_status":"closed","template":"","meta":{"footnotes":""},"class_list":["post-24","page","type-page","status-publish","hentry"],"_links":{"self":[{"href":"https:\/\/www.taizyfoodmachine.com\/fr\/wp-json\/wp\/v2\/pages\/24","targetHints":{"allow":["GET"]}}],"collection":[{"href":"https:\/\/www.taizyfoodmachine.com\/fr\/wp-json\/wp\/v2\/pages"}],"about":[{"href":"https:\/\/www.taizyfoodmachine.com\/fr\/wp-json\/wp\/v2\/types\/page"}],"author":[{"embeddable":true,"href":"https:\/\/www.taizyfoodmachine.com\/fr\/wp-json\/wp\/v2\/users\/1"}],"replies":[{"embeddable":true,"href":"https:\/\/www.taizyfoodmachine.com\/fr\/wp-json\/wp\/v2\/comments?post=24"}],"version-history":[{"count":0,"href":"https:\/\/www.taizyfoodmachine.com\/fr\/wp-json\/wp\/v2\/pages\/24\/revisions"}],"wp:attachment":[{"href":"https:\/\/www.taizyfoodmachine.com\/fr\/wp-json\/wp\/v2\/media?parent=24"}],"curies":[{"name":"wp","href":"https:\/\/api.w.org\/{rel}","templated":true}]}}