{"id":2010,"date":"2018-12-27T07:37:08","date_gmt":"2018-12-27T07:37:08","guid":{"rendered":"http:\/\/www.taizyfoodmachine.com\/?page_id=6"},"modified":"2025-12-05T11:40:22","modified_gmt":"2025-12-05T03:40:22","slug":"contact-us","status":"publish","type":"page","link":"https:\/\/www.taizyfoodmachine.com\/pt\/contact-us","title":{"rendered":"Contate-nos"},"content":{"rendered":"<div class=\"wp-block-columns is-layout-flex wp-container-core-columns-is-layout-9d6595d7 wp-block-columns-is-layout-flex\"> <div class=\"wp-block-column is-layout-flow wp-block-column-is-layout-flow\"> <p>Bem-vindo \u00e0 Zhengzhou Taizy Machinery Equipment Co., Ltd. Nossa equipe de atendimento est\u00e1 \u00e0 sua disposi\u00e7\u00e3o, pronta para ajud\u00e1-lo com qualquer d\u00favida pr\u00e9-venda, durante a venda ou p\u00f3s-venda. Sinta-se \u00e0 vontade para entrar em contato conosco a qualquer momento e nossa equipe de atendimento ao cliente atender\u00e1 prontamente \u00e0s suas necessidades.<\/p>    <p>Al\u00e9m disso, estendemos um caloroso convite a pessoas de todos os setores para visitarem nossa empresa para inspe\u00e7\u00f5es e passeios. Estamos empenhados em fornecer assist\u00eancia com transfer\u00eancias de aeroporto e procedimentos de entrada\/sa\u00edda para sua conveni\u00eancia.<\/p>    <p>A Taizy Machinery espera sinceramente estabelecer colabora\u00e7\u00f5es profundas com clientes de todos os tamanhos em todo o mundo. Agradecemos sua confian\u00e7a e confian\u00e7a em n\u00f3s!<\/p> <\/div>    <div class=\"wp-block-column is-layout-flow wp-block-column-is-layout-flow\"> <figure class=\"wp-block-image\"><img decoding=\"async\" src=\"https:\/\/www.taizyfoodmachine.com\/wp-content\/uploads\/2018\/12\/Contact-Us.jpg\" alt=\"\" title=\"\"><\/figure>    <p class=\"translation-block\"><strong>Zhengzhou Taizy Machinery Co., Ltd<\/strong><br><strong>Email:info@taizyfoodmachine.com<\/strong><br><strong>WhatsApp\/Tel\/WeChat: 86 15838192276<\/strong><br><strong>Endere\u00e7o: Nautical Road East, Zhengzhou Economic Development Zone, Henan, China<\/strong><\/p> <\/div> <\/div>","protected":false},"excerpt":{"rendered":"<p>Welcome to Zhengzhou Taizy Machinery Equipment Co., Ltd. Our service team is at your disposal, ready to assist you with any pre-sales, during-sales, or after-sales inquiries. Feel free to contact us anytime, and our customer service team will promptly address your needs. Furthermore, we extend a warm invitation to individuals from all sectors to visit [&hellip;]<\/p>\n","protected":false},"author":1,"featured_media":0,"parent":0,"menu_order":0,"comment_status":"open","ping_status":"closed","template":"","meta":{"footnotes":""},"class_list":["post-2010","page","type-page","status-publish","hentry"],"_links":{"self":[{"href":"https:\/\/www.taizyfoodmachine.com\/pt\/wp-json\/wp\/v2\/pages\/2010","targetHints":{"allow":["GET"]}}],"collection":[{"href":"https:\/\/www.taizyfoodmachine.com\/pt\/wp-json\/wp\/v2\/pages"}],"about":[{"href":"https:\/\/www.taizyfoodmachine.com\/pt\/wp-json\/wp\/v2\/types\/page"}],"author":[{"embeddable":true,"href":"https:\/\/www.taizyfoodmachine.com\/pt\/wp-json\/wp\/v2\/users\/1"}],"replies":[{"embeddable":true,"href":"https:\/\/www.taizyfoodmachine.com\/pt\/wp-json\/wp\/v2\/comments?post=2010"}],"version-history":[{"count":0,"href":"https:\/\/www.taizyfoodmachine.com\/pt\/wp-json\/wp\/v2\/pages\/2010\/revisions"}],"wp:attachment":[{"href":"https:\/\/www.taizyfoodmachine.com\/pt\/wp-json\/wp\/v2\/media?parent=2010"}],"curies":[{"name":"wp","href":"https:\/\/api.w.org\/{rel}","templated":true}]}}