{"id":24,"date":"2018-12-27T10:44:19","date_gmt":"2018-12-27T10:44:19","guid":{"rendered":"http:\/\/www.taizyfoodmachine.com\/?page_id=24"},"modified":"2025-02-06T14:10:39","modified_gmt":"2025-02-06T06:10:39","slug":"service","status":"publish","type":"page","link":"https:\/\/www.taizyfoodmachine.com\/pt\/service","title":{"rendered":"Servi\u00e7o"},"content":{"rendered":"<p class=\"translation-block\"><b>CONTROLO DE QUALIDADE<\/b><\/p>    <p>&nbsp;&nbsp;&nbsp;&nbsp;Os equipamentos de processamento de alimentos premium como a combina\u00e7\u00e3o de uso pr\u00e1tico e solicita\u00e7\u00e3o est\u00e9tica s\u00e3o projetados por nosso talentoso designer, al\u00e9m disso, de acordo com as diferentes demandas do mercado e requisitos de produ\u00e7\u00e3o, os equipamentos de processamento de alimentos projetados pela Taizy podem ser personalizados por tamanho, forma, cor, meios de fonte de alimenta\u00e7\u00e3o, etc.<\/p>    <p>&nbsp;&nbsp;&nbsp;&nbsp;Para o controle de qualidade, dado que a Taizy se dedica \u00e0 fabrica\u00e7\u00e3o de processamento de alimentos h\u00e1 mais de dez anos, as solu\u00e7\u00f5es otimizadas prontas para uso para a linha de produ\u00e7\u00e3o de alimentos, a Taizy resumiu e melhorou atrav\u00e9s de uma s\u00e9rie de pesquisas constantes e testes piloto do equipamento rec\u00e9m-inventado: pe\u00e7as motivadoras, pe\u00e7as de transporte e dispositivos auxiliares s\u00e3o examinados por nosso pessoal t\u00e9cnico especial, a fim de garantir o trabalho seguro e a opera\u00e7\u00e3o eficiente de novas m\u00e1quinas no trabalho pr\u00e1tico no futuro.<\/p>    <p>&nbsp;&nbsp;&nbsp;&nbsp;Notavelmente, incluindo as pe\u00e7as de formato especial, todas as pe\u00e7as que constroem toda a m\u00e1quina de processamento de alimentos s\u00e3o fabricadas atrav\u00e9s de corte a laser de alta qualidade, assim, os problemas de arestas de corte \u00e1speras do m\u00e9todo de fabrica\u00e7\u00e3o tradicional foram resolvidos permanentemente.<\/p>    <figure class=\"wp-block-image\"><img decoding=\"async\" src=\"https:\/\/www.taizyfoodmachine.com\/wp-content\/uploads\/2018\/12\/Service.jpg\" alt=\"\" title=\"\"><\/figure>    <p><\/p>    <p class=\"translation-block\"><b>VISITA DE NEG\u00d3CIOS<\/b><\/p>    <p>&nbsp;&nbsp;&nbsp;&nbsp;At\u00e9 agora, Taizy administrou f\u00e1bricas especializadas em diversos fins, desde moldagem e modelagem de pe\u00e7as, montagem de m\u00e1quinas at\u00e9 testes de m\u00e1quinas acabadas. A Taizy d\u00e1 as boas-vindas aos clientes para fazer uma visita comercial \u00e0 nossa f\u00e1brica para testar a m\u00e1quina \u00fanica ou a s\u00e9rie de m\u00e1quinas no local sob as instru\u00e7\u00f5es do pessoal t\u00e9cnico.<\/p>    <p class=\"translation-block\"><b>ENTREGA<\/b><\/p>    <p>&nbsp;&nbsp;&nbsp;&nbsp;Devido \u00e0 estrita exig\u00eancia de processamento higi\u00eanico da linha de produ\u00e7\u00e3o, as m\u00e1quinas acabadas s\u00e3o armazenadas em nosso armaz\u00e9m bem ventilado para o caso de serem danificadas pela corros\u00e3o da chuva ou afetadas por impurezas.<\/p>    <p>&nbsp;&nbsp;&nbsp;&nbsp;A entrega e o envio pontuais podem ser garantidos atrav\u00e9s da colabora\u00e7\u00e3o confi\u00e1vel com a empresa de log\u00edstica no exterior. Enquanto isso, em caso de danos causados \u200b\u200bdurante o transporte, a m\u00e1quina acabada \u00e9 embalada firmemente, garantindo a integridade dos componentes, incluindo pe\u00e7as principais, acess\u00f3rios e dispositivos durante o transporte.<\/p>    <p class=\"translation-block\"><strong>MONTAGEM&amp; MANUTEN\u00c7\u00c3O&amp; REPARA\u00c7\u00c3O<\/strong><\/p>    <p>&nbsp;&nbsp;&nbsp;&nbsp;A montagem da m\u00e1quina acabada \u00e9 realizada sob as instru\u00e7\u00f5es do v\u00eddeo de montagem passo a passo, al\u00e9m disso, engenheiros t\u00e9cnicos ou pessoal podem realizar a montagem no local e a distribui\u00e7\u00e3o da linha de produ\u00e7\u00e3o. Embora a oferta de produtos acabados da Taizy seja caracterizada por sua baixa manuten\u00e7\u00e3o e f\u00e1cil opera\u00e7\u00e3o e limpeza, a Taizy tamb\u00e9m oferece aos clientes manuais do propriet\u00e1rio e servi\u00e7os p\u00f3s-venda profissionais, incluindo revis\u00e3o e reparos peri\u00f3dicos.<\/p>","protected":false},"excerpt":{"rendered":"<p>QUALITY CONTROL &nbsp;&nbsp;&nbsp;&nbsp;The premium food processing equipment as the combination of practical use and aesthetic request are designed by our talented designer, besides, in accordance with different market demand and production requirement, food processing equipment Taizy designed can be customized by size, shape, color, means of power supply, et cetera. &nbsp;&nbsp;&nbsp;&nbsp;For quality control, given that [&hellip;]<\/p>\n","protected":false},"author":1,"featured_media":0,"parent":0,"menu_order":0,"comment_status":"open","ping_status":"closed","template":"","meta":{"footnotes":""},"class_list":["post-24","page","type-page","status-publish","hentry"],"_links":{"self":[{"href":"https:\/\/www.taizyfoodmachine.com\/pt\/wp-json\/wp\/v2\/pages\/24","targetHints":{"allow":["GET"]}}],"collection":[{"href":"https:\/\/www.taizyfoodmachine.com\/pt\/wp-json\/wp\/v2\/pages"}],"about":[{"href":"https:\/\/www.taizyfoodmachine.com\/pt\/wp-json\/wp\/v2\/types\/page"}],"author":[{"embeddable":true,"href":"https:\/\/www.taizyfoodmachine.com\/pt\/wp-json\/wp\/v2\/users\/1"}],"replies":[{"embeddable":true,"href":"https:\/\/www.taizyfoodmachine.com\/pt\/wp-json\/wp\/v2\/comments?post=24"}],"version-history":[{"count":0,"href":"https:\/\/www.taizyfoodmachine.com\/pt\/wp-json\/wp\/v2\/pages\/24\/revisions"}],"wp:attachment":[{"href":"https:\/\/www.taizyfoodmachine.com\/pt\/wp-json\/wp\/v2\/media?parent=24"}],"curies":[{"name":"wp","href":"https:\/\/api.w.org\/{rel}","templated":true}]}}