{"id":2009,"date":"2018-12-27T07:32:08","date_gmt":"2018-12-27T07:32:08","guid":{"rendered":"http:\/\/www.taizyfoodmachine.com\/?page_id=2"},"modified":"2026-01-21T17:42:06","modified_gmt":"2026-01-21T09:42:06","slug":"about-us","status":"publish","type":"page","link":"https:\/\/www.taizyfoodmachine.com\/tr\/about-us","title":{"rendered":"Hakk\u0131m\u0131zda"},"content":{"rendered":"<p class=\"translation-block\"><span style=\"font-size: 20px\"><strong>\u015e\u0130RKET\u0130M\u0130Z\u0130N \u0130tibar\u0131<\/strong><\/span><br>Zhengzhou Taizy Machinery Co., LTD., 2011 y\u0131l\u0131nda kurulmu\u015f olup, \u00c7in\u2019den \u00f6nde gelen makine \u00fcreticisi ve d\u0131\u015f ticaret kurulu\u015fudur. Merkezi, \u00c7in\u2019in orta b\u00f6lgesinde, Henan eyaletinin ba\u015fkenti Zhengzhou\u2019dad\u0131r. Taizy, y\u00fcksek kaliteli g\u0131da i\u015fleme ekipmanlar\u0131n\u0131n bilimsel ara\u015ft\u0131rma ve geli\u015ftirme (Ar-Ge), \u00fcretim, teknik servis ve yurtd\u0131\u015f\u0131 ticaretinin b\u00fct\u00fcnl\u00fc\u011f\u00fcd\u00fcr.<\/p>    <p>\u00d6zellikle, kat\u0131 e\u011fitimli m\u00fchendislik ekibi, yetenekli tasar\u0131mc\u0131lar, profesyonel yurtd\u0131\u015f\u0131 ticaret sat\u0131\u015f ekibi ve uzun \u00f6m\u00fcrl\u00fc kaliteli \u00fcr\u00fcnler ve i\u00e7ten hizmetlerle Taizy, Asya\u2019dan Avrupa\u2019ya ve Afrika\u2019ya kadar m\u00fc\u015fterilere hizmet vermektedir. Son y\u0131llarda, Taizy\u2019nin \u00fcr\u00fcnleri Avustralya, Japonya, Singapur, Amerika, Nijerya, Kenya, Gana, Kongo, Etiyopya, Namibya, Fas, Botsvana, Zimbabve, Uganda, Cezayir, Kamerun, Endonezya, Hindistan, Banglade\u015f, Dominika vb. 100\u2019den fazla \u00fclke ve b\u00f6lgeye sat\u0131lm\u0131\u015ft\u0131r. Taizy, k\u00fcresel g\u0131da end\u00fcstrisinin vazge\u00e7ilmez bir par\u00e7as\u0131 haline gelmi\u015f ve uluslararas\u0131 g\u0131da pazarlar\u0131nda b\u00fcy\u00fck pop\u00fclerlik kazanm\u0131\u015ft\u0131r.<\/p>   <div class=\"wp-block-image\"> <figure class=\"aligncenter\"><img decoding=\"async\" src=\"https:\/\/www.taizyfoodmachine.com\/wp-content\/uploads\/2019\/01\/zhengshu.jpg\" alt=\"\" title=\"\"><\/figure> <\/div>   <div align=\"center\"><\/div>    <p class=\"translation-block\"><span style=\"font-size: 20px\"><strong>TEKNOLOJ\u0130 DESTEK<\/strong><\/span><br>\u00d6zel teknik ekip: Taizy, malzeme se\u00e7iminden makine tasar\u0131m\u0131 ve \u00fcretimine kadar, insan kayna\u011f\u0131n\u0131 geli\u015ftirmek i\u00e7in b\u00fcy\u00fck yat\u0131r\u0131mlar yapm\u0131\u015f, en son tasar\u0131mc\u0131lar, iyi e\u011fitimli m\u00fchendisler ve m\u00fckemmel \u00fcreticiler istihdam etmi\u015ftir. Bu arada, Taizy, teslimattan \u00f6nce makine muayenesi i\u00e7in bir dizi kalite test cihaz\u0131 tan\u0131tt\u0131, b\u00f6ylece dayan\u0131kl\u0131 kullan\u0131m ve bitmi\u015f ekipmanlar\u0131m\u0131z\u0131n y\u00fcksek kalitesini sa\u011flad\u0131.<\/p>    <p>Bu nedenle Taizy, g\u0131da ekipman\u0131 end\u00fcstrisinde on y\u0131ldan fazla bir s\u00fcredir teknoloji, tasar\u0131m ve \u00fcretimdeki liderli\u011fini korudu ve \u00c7in'deki en d\u00fcr\u00fcst ve g\u00fcvenilir i\u015fbirlik\u00e7ilerinden biri olarak kabul edildi.<\/p>   <div class=\"wp-block-image\"> <figure class=\"aligncenter size-large is-resized\"><img loading=\"lazy\" decoding=\"async\" width=\"519\" height=\"540\" src=\"https:\/\/www.taizyfoodmachine.com\/wp-content\/uploads\/2026\/01\/Taizys-clients-519x540.webp\" alt=\"Taizy&#039;nin m\u00fc\u015fterileri\" class=\"wp-image-20354\" style=\"aspect-ratio:0.9611307420494699;width:609px;height:auto\" title=\"\" srcset=\"https:\/\/www.taizyfoodmachine.com\/wp-content\/uploads\/2026\/01\/Taizys-clients-519x540.webp 519w, https:\/\/www.taizyfoodmachine.com\/wp-content\/uploads\/2026\/01\/Taizys-clients-346x360.webp 346w, https:\/\/www.taizyfoodmachine.com\/wp-content\/uploads\/2026\/01\/Taizys-clients-144x150.webp 144w, https:\/\/www.taizyfoodmachine.com\/wp-content\/uploads\/2026\/01\/Taizys-clients-12x12.webp 12w, https:\/\/www.taizyfoodmachine.com\/wp-content\/uploads\/2026\/01\/Taizys-clients.webp 750w\" sizes=\"auto, (max-width: 519px) 100vw, 519px\" \/><figcaption class=\"wp-element-caption\">Taizy\u2019nin m\u00fc\u015fterileri<\/figcaption><\/figure> <\/div>   <p class=\"translation-block\"><span style=\"font-size: 20px\"><strong>OPT\u0130M\u0130ZE ED\u0130LM\u0130\u015e \u00c7\u00d6Z\u00dcM\u00dcM\u00dcZ<\/strong><\/span><br>\u015eirket, \u00f6zel \u015fekilli par\u00e7alar\u0131n otomatik kaynak ve lazer \u0131\u015f\u0131n\u0131 kesimi i\u00e7in geli\u015fmi\u015f i\u015fleme merkezine ve ekipman g\u00f6r\u00fcn\u00fcm\u00fcn\u00fc d\u00fczg\u00fcn ve zarif hale getirmek i\u00e7in manuel parlatma ekipman\u0131na sahiptir ve bitmi\u015f ekipman\u0131n kaliteli\u011fini garanti etmek i\u00e7in tam bir muayene ekipman\u0131 seti bulunmaktad\u0131r. Bu, d\u00fczg\u00fcn i\u015fleme, g\u00fcvenli \u00e7al\u0131\u015fma, hijyen standard\u0131n\u0131 sa\u011flama ve m\u00fckemmel ve verimli \u00fcretim sa\u011flama etkisini elde etmek i\u00e7indir. Taizy\u2019nin en \u00e7ok satan \u00fcr\u00fcnleri \u015funlard\u0131r: sebze temizleme makinesi, k\u00f6k sebze y\u0131kama ve soyma makinesi, sebze ve meyve kesme makinesi, ha\u015flama ve so\u011futma makinesi, hava kurutma montaj hatt\u0131, paketleme ekipmanlar\u0131 vb., \u00e7e\u015fitli sebzelerin, meyvelerin, e\u011flence g\u0131dalar\u0131n\u0131n ve tar\u0131m \u00fcr\u00fcnlerinin derin i\u015flenmesi ve sterilizasyonunda geni\u015f \u00e7apta kullan\u0131labilir. Taizy\u2019nin nihai amac\u0131, m\u00fc\u015fterilere pratik, uygun fiyatl\u0131, karl\u0131 g\u0131da \u00fcretim \u00e7\u00f6z\u00fcmleri sunmak, m\u00fc\u015fterilerin geli\u015fimini h\u0131zland\u0131rmak, \u00fcretim hatt\u0131nda y\u00fckseltme sa\u011flamak, \u015firket profilini g\u00fc\u00e7lendirmek ve m\u00fc\u015fteri prestijini art\u0131rmakt\u0131r.<\/p>    <p>\u015eimdilik Taizy, h\u0131zl\u0131 dondurulmu\u015f patates cipsi\/patates k\u0131zartmas\u0131 \u00fcretim hatt\u0131; muz cipsi \u00fcretim hatt\u0131; sebze ve meyveler vb. i\u00e7in temizleme ve y\u0131kama i\u015fleme hatt\u0131.<\/p>    <div style=\"margin-top: 10px;\"> <\/div>   <div id='gallery-1' class='gallery galleryid-2009 gallery-columns-2 gallery-size-herald-lay-a'><figure class='gallery-item'> \t\t\t<div class='gallery-icon landscape'> \t\t\t\t<a class=\"herald-popup\" href='https:\/\/www.taizyfoodmachine.com\/wp-content\/uploads\/2022\/02\/QQ\u56fe\u724720191022115603-tuya_\u7ed3\u679c.jpg'><img loading=\"lazy\" decoding=\"async\" width=\"720\" height=\"540\" src=\"https:\/\/www.taizyfoodmachine.com\/wp-content\/uploads\/2022\/02\/QQ\u56fe\u724720191022115603-tuya_\u7ed3\u679c.jpg\" class=\"attachment-herald-lay-a size-herald-lay-a\" alt=\"\" srcset=\"https:\/\/www.taizyfoodmachine.com\/wp-content\/uploads\/2022\/02\/QQ\u56fe\u724720191022115603-tuya_\u7ed3\u679c.jpg 720w, https:\/\/www.taizyfoodmachine.com\/wp-content\/uploads\/2022\/02\/QQ\u56fe\u724720191022115603-tuya_\u7ed3\u679c-480x360.jpg 480w, https:\/\/www.taizyfoodmachine.com\/wp-content\/uploads\/2022\/02\/QQ\u56fe\u724720191022115603-tuya_\u7ed3\u679c-150x113.jpg 150w, https:\/\/www.taizyfoodmachine.com\/wp-content\/uploads\/2022\/02\/QQ\u56fe\u724720191022115603-tuya_\u7ed3\u679c-16x12.jpg 16w, https:\/\/www.taizyfoodmachine.com\/wp-content\/uploads\/2022\/02\/QQ\u56fe\u724720191022115603-tuya_\u7ed3\u679c-74x55.jpg 74w, https:\/\/www.taizyfoodmachine.com\/wp-content\/uploads\/2022\/02\/QQ\u56fe\u724720191022115603-tuya_\u7ed3\u679c-111x83.jpg 111w\" sizes=\"auto, (max-width: 720px) 100vw, 720px\" title=\"\"><\/a> \t\t\t<\/div><\/figure><figure class='gallery-item'> \t\t\t<div class='gallery-icon landscape'> \t\t\t\t<a class=\"herald-popup\" href='https:\/\/www.taizyfoodmachine.com\/wp-content\/uploads\/2022\/02\/IMG_20191022_111715-tuya_\u7ed3\u679c.jpg'><img loading=\"lazy\" decoding=\"async\" width=\"720\" height=\"540\" src=\"https:\/\/www.taizyfoodmachine.com\/wp-content\/uploads\/2022\/02\/IMG_20191022_111715-tuya_\u7ed3\u679c.jpg\" class=\"attachment-herald-lay-a size-herald-lay-a\" alt=\"\" srcset=\"https:\/\/www.taizyfoodmachine.com\/wp-content\/uploads\/2022\/02\/IMG_20191022_111715-tuya_\u7ed3\u679c.jpg 720w, https:\/\/www.taizyfoodmachine.com\/wp-content\/uploads\/2022\/02\/IMG_20191022_111715-tuya_\u7ed3\u679c-480x360.jpg 480w, https:\/\/www.taizyfoodmachine.com\/wp-content\/uploads\/2022\/02\/IMG_20191022_111715-tuya_\u7ed3\u679c-150x113.jpg 150w, https:\/\/www.taizyfoodmachine.com\/wp-content\/uploads\/2022\/02\/IMG_20191022_111715-tuya_\u7ed3\u679c-16x12.jpg 16w, https:\/\/www.taizyfoodmachine.com\/wp-content\/uploads\/2022\/02\/IMG_20191022_111715-tuya_\u7ed3\u679c-74x55.jpg 74w, https:\/\/www.taizyfoodmachine.com\/wp-content\/uploads\/2022\/02\/IMG_20191022_111715-tuya_\u7ed3\u679c-111x83.jpg 111w\" sizes=\"auto, (max-width: 720px) 100vw, 720px\" title=\"\"><\/a> \t\t\t<\/div><\/figure><figure class='gallery-item'> \t\t\t<div class='gallery-icon landscape'> \t\t\t\t<a class=\"herald-popup\" href='https:\/\/www.taizyfoodmachine.com\/wp-content\/uploads\/2022\/02\/98@YN2PEVMHK3FWSRU-tuya_\u7ed3\u679c.jpg'><img loading=\"lazy\" decoding=\"async\" width=\"720\" height=\"540\" src=\"https:\/\/www.taizyfoodmachine.com\/wp-content\/uploads\/2022\/02\/98@YN2PEVMHK3FWSRU-tuya_\u7ed3\u679c.jpg\" class=\"attachment-herald-lay-a size-herald-lay-a\" alt=\"\" srcset=\"https:\/\/www.taizyfoodmachine.com\/wp-content\/uploads\/2022\/02\/98@YN2PEVMHK3FWSRU-tuya_\u7ed3\u679c.jpg 720w, https:\/\/www.taizyfoodmachine.com\/wp-content\/uploads\/2022\/02\/98@YN2PEVMHK3FWSRU-tuya_\u7ed3\u679c-480x360.jpg 480w, https:\/\/www.taizyfoodmachine.com\/wp-content\/uploads\/2022\/02\/98@YN2PEVMHK3FWSRU-tuya_\u7ed3\u679c-150x113.jpg 150w, https:\/\/www.taizyfoodmachine.com\/wp-content\/uploads\/2022\/02\/98@YN2PEVMHK3FWSRU-tuya_\u7ed3\u679c-16x12.jpg 16w, https:\/\/www.taizyfoodmachine.com\/wp-content\/uploads\/2022\/02\/98@YN2PEVMHK3FWSRU-tuya_\u7ed3\u679c-74x55.jpg 74w, https:\/\/www.taizyfoodmachine.com\/wp-content\/uploads\/2022\/02\/98@YN2PEVMHK3FWSRU-tuya_\u7ed3\u679c-111x83.jpg 111w\" sizes=\"auto, (max-width: 720px) 100vw, 720px\" title=\"\"><\/a> \t\t\t<\/div><\/figure><figure class='gallery-item'> \t\t\t<div class='gallery-icon landscape'> \t\t\t\t<a class=\"herald-popup\" href='https:\/\/www.taizyfoodmachine.com\/wp-content\/uploads\/2022\/02\/stock2-tuya_\u7ed3\u679c.jpg'><img loading=\"lazy\" decoding=\"async\" width=\"720\" height=\"540\" src=\"https:\/\/www.taizyfoodmachine.com\/wp-content\/uploads\/2022\/02\/stock2-tuya_\u7ed3\u679c.jpg\" class=\"attachment-herald-lay-a size-herald-lay-a\" alt=\"\" srcset=\"https:\/\/www.taizyfoodmachine.com\/wp-content\/uploads\/2022\/02\/stock2-tuya_\u7ed3\u679c.jpg 720w, https:\/\/www.taizyfoodmachine.com\/wp-content\/uploads\/2022\/02\/stock2-tuya_\u7ed3\u679c-480x360.jpg 480w, https:\/\/www.taizyfoodmachine.com\/wp-content\/uploads\/2022\/02\/stock2-tuya_\u7ed3\u679c-150x113.jpg 150w, https:\/\/www.taizyfoodmachine.com\/wp-content\/uploads\/2022\/02\/stock2-tuya_\u7ed3\u679c-16x12.jpg 16w, https:\/\/www.taizyfoodmachine.com\/wp-content\/uploads\/2022\/02\/stock2-tuya_\u7ed3\u679c-74x55.jpg 74w, https:\/\/www.taizyfoodmachine.com\/wp-content\/uploads\/2022\/02\/stock2-tuya_\u7ed3\u679c-111x83.jpg 111w\" sizes=\"auto, (max-width: 720px) 100vw, 720px\" title=\"\"><\/a> \t\t\t<\/div><\/figure> \t\t<\/div>    <p class=\"translation-block\"><span style=\"font-size: 20px\"><strong>KONSEPT\u0130M\u0130Z<\/strong><\/span><\/p>    <p>Taizy Machinery'nin de\u011fer verdi\u011fi \u00fc\u00e7 ana kavram: d\u00fcr\u00fcstl\u00fck, minnettarl\u0131k, fedakarl\u0131k, kar\u015f\u0131l\u0131kl\u0131 yard\u0131m;<\/p>    <p>Taizy Machinery'nin destekledi\u011fi Misyon: K\u00fcresel \u00e7apta ihracat yapmak, \u00c7in makinelerini d\u00fcnyaca \u00fcnl\u00fc k\u0131lmak;<\/p>    <p>Taizy makinelerine de\u011fer veren vizyon: \u00e7al\u0131\u015fanlar\u0131n geli\u015fimi i\u00e7in en iyi platformu olu\u015fturmak.<\/p>    <p>Piyasa odakl\u0131 bir \u015firket olan Taizy, \"y\u00fcksek kaliteli \u00fcr\u00fcnler satarak ve ki\u015fiselle\u015ftirilmi\u015f hizmet sunarak prestijden yararlanmay\u0131\" geli\u015fim arac\u0131 olarak benimseyerek, \u00fcr\u00fcn geli\u015ftirmede ileri teknolojiyi, \u00fcst d\u00fczey \u00fcretim tesislerini, evde ve yurt d\u0131\u015f\u0131nda teknik e\u011fitim ekibini tan\u0131tt\u0131. ekipman \u00fcretimi ve bitmi\u015f \u00fcr\u00fcnlerin kalite kontrol\u00fc. Bu nedenle, uluslararas\u0131 g\u0131da i\u015fleme ekipman\u0131 pazar\u0131n\u0131n gereksinimlerine dayanarak, Taizy'nin icat etti\u011fi ve geli\u015ftirdi\u011fi ekipman ve makineler, uluslararas\u0131 pazarda b\u00fcy\u00fck pop\u00fclerli\u011fe sahiptir.<\/p>    <p>Taizy'nin \u015firket personeli, kazan-kazan i\u015f ili\u015fkileri kavram\u0131n\u0131 destekleyen, yeni ve eski m\u00fc\u015fterileri i\u015f ziyareti yapmak ve bizimle i\u015fbirli\u011fine dayal\u0131 ili\u015fkiler kurmak i\u00e7in s\u0131cak bir \u015fekilde kar\u015f\u0131layan, tam bir co\u015fku ve samimi tav\u0131rla \u00e7al\u0131\u015f\u0131yor. Gelece\u011fe bakan Taizy, m\u00fc\u015fterilerimizin daha fazla kar elde ederek gelece\u011fi kazanmalar\u0131na yard\u0131mc\u0131 olmak i\u00e7in d\u00fcnya standartlar\u0131nda enerji tasarrufu ve \u00fcretim \u00e7\u00f6z\u00fcmleri yaratmaya kendini adam\u0131\u015ft\u0131r, Taizy, en b\u00fcy\u00fck \u00e7abalar\u0131m\u0131zla m\u00fc\u015fteri ihtiya\u00e7 ve beklentilerine daha fazla \u00f6nem vermektedir.<br>Ba\u015far\u0131l\u0131 bir i\u015fi hayata ge\u00e7irmek i\u00e7in Taizy'yi se\u00e7mek!<\/p>    <p class=\"translation-block\"><span style=\"font-size: 20px\"><strong>TAIZY SERT\u0130F\u0130KASI<\/strong><\/span><br>Taizy, SGS, ISO, CE ve BV sertifikalar\u0131 alarak sertifikaland\u0131r\u0131lm\u0131\u015ft\u0131r. Ayn\u0131 zamanda, Taizy, \u00c7in\u2019in Henan eyaletinde \u201cY\u0131ll\u0131k G\u00fcvenilir \u0130\u015fletme\u201d ve \u201cG\u00fcvenli \u00c7al\u0131\u015fma \u0130leri \u0130\u015fletmesi\u201d unvanlar\u0131n\u0131 alm\u0131\u015ft\u0131r. Taizy, makine icad\u0131 ve \u00fcretiminde \u00e7e\u015fitli, d\u00fcnya \u00e7ap\u0131nda tan\u0131nan bir giri\u015fim olmaya kendini adam\u0131\u015ft\u0131r.<\/p>   <div id='gallery-2' class='gallery galleryid-2009 gallery-columns-3 gallery-size-herald-lay-c1'><figure class='gallery-item'> \t\t\t<div class='gallery-icon portrait'> \t\t\t\t<a class=\"herald-popup\" href='https:\/\/www.taizyfoodmachine.com\/wp-content\/uploads\/2022\/02\/black-garlic-fermentation-machine-CE.jpg'><img loading=\"lazy\" decoding=\"async\" width=\"720\" height=\"1018\" src=\"https:\/\/www.taizyfoodmachine.com\/wp-content\/uploads\/2022\/02\/black-garlic-fermentation-machine-CE.jpg\" class=\"attachment-herald-lay-c1 size-herald-lay-c1\" alt=\"\" srcset=\"https:\/\/www.taizyfoodmachine.com\/wp-content\/uploads\/2022\/02\/black-garlic-fermentation-machine-CE.jpg 720w, https:\/\/www.taizyfoodmachine.com\/wp-content\/uploads\/2022\/02\/black-garlic-fermentation-machine-CE-255x360.jpg 255w, https:\/\/www.taizyfoodmachine.com\/wp-content\/uploads\/2022\/02\/black-garlic-fermentation-machine-CE-382x540.jpg 382w, https:\/\/www.taizyfoodmachine.com\/wp-content\/uploads\/2022\/02\/black-garlic-fermentation-machine-CE-106x150.jpg 106w, https:\/\/www.taizyfoodmachine.com\/wp-content\/uploads\/2022\/02\/black-garlic-fermentation-machine-CE-8x12.jpg 8w\" sizes=\"auto, (max-width: 720px) 100vw, 720px\" title=\"\"><\/a> \t\t\t<\/div><\/figure><figure class='gallery-item'> \t\t\t<div class='gallery-icon portrait'> \t\t\t\t<a class=\"herald-popup\" href='https:\/\/www.taizyfoodmachine.com\/wp-content\/uploads\/2022\/02\/blanching-machine-CE.jpg'><img loading=\"lazy\" decoding=\"async\" width=\"720\" height=\"1018\" src=\"https:\/\/www.taizyfoodmachine.com\/wp-content\/uploads\/2022\/02\/blanching-machine-CE.jpg\" class=\"attachment-herald-lay-c1 size-herald-lay-c1\" alt=\"\" srcset=\"https:\/\/www.taizyfoodmachine.com\/wp-content\/uploads\/2022\/02\/blanching-machine-CE.jpg 720w, https:\/\/www.taizyfoodmachine.com\/wp-content\/uploads\/2022\/02\/blanching-machine-CE-255x360.jpg 255w, https:\/\/www.taizyfoodmachine.com\/wp-content\/uploads\/2022\/02\/blanching-machine-CE-382x540.jpg 382w, https:\/\/www.taizyfoodmachine.com\/wp-content\/uploads\/2022\/02\/blanching-machine-CE-106x150.jpg 106w, https:\/\/www.taizyfoodmachine.com\/wp-content\/uploads\/2022\/02\/blanching-machine-CE-8x12.jpg 8w\" sizes=\"auto, (max-width: 720px) 100vw, 720px\" title=\"\"><\/a> \t\t\t<\/div><\/figure><figure class='gallery-item'> \t\t\t<div class='gallery-icon portrait'> \t\t\t\t<a class=\"herald-popup\" href='https:\/\/www.taizyfoodmachine.com\/wp-content\/uploads\/2022\/02\/fruit-processing-production-line-CE.jpg'><img loading=\"lazy\" decoding=\"async\" width=\"720\" height=\"1018\" src=\"https:\/\/www.taizyfoodmachine.com\/wp-content\/uploads\/2022\/02\/fruit-processing-production-line-CE.jpg\" class=\"attachment-herald-lay-c1 size-herald-lay-c1\" alt=\"\" srcset=\"https:\/\/www.taizyfoodmachine.com\/wp-content\/uploads\/2022\/02\/fruit-processing-production-line-CE.jpg 720w, https:\/\/www.taizyfoodmachine.com\/wp-content\/uploads\/2022\/02\/fruit-processing-production-line-CE-255x360.jpg 255w, https:\/\/www.taizyfoodmachine.com\/wp-content\/uploads\/2022\/02\/fruit-processing-production-line-CE-382x540.jpg 382w, https:\/\/www.taizyfoodmachine.com\/wp-content\/uploads\/2022\/02\/fruit-processing-production-line-CE-106x150.jpg 106w, https:\/\/www.taizyfoodmachine.com\/wp-content\/uploads\/2022\/02\/fruit-processing-production-line-CE-8x12.jpg 8w\" sizes=\"auto, (max-width: 720px) 100vw, 720px\" title=\"\"><\/a> \t\t\t<\/div><\/figure><figure class='gallery-item'> \t\t\t<div class='gallery-icon portrait'> \t\t\t\t<a class=\"herald-popup\" href='https:\/\/www.taizyfoodmachine.com\/wp-content\/uploads\/2022\/02\/popcorn-making-machine-CE.jpg'><img loading=\"lazy\" decoding=\"async\" width=\"720\" height=\"1018\" src=\"https:\/\/www.taizyfoodmachine.com\/wp-content\/uploads\/2022\/02\/popcorn-making-machine-CE.jpg\" class=\"attachment-herald-lay-c1 size-herald-lay-c1\" alt=\"\" srcset=\"https:\/\/www.taizyfoodmachine.com\/wp-content\/uploads\/2022\/02\/popcorn-making-machine-CE.jpg 720w, https:\/\/www.taizyfoodmachine.com\/wp-content\/uploads\/2022\/02\/popcorn-making-machine-CE-255x360.jpg 255w, https:\/\/www.taizyfoodmachine.com\/wp-content\/uploads\/2022\/02\/popcorn-making-machine-CE-382x540.jpg 382w, https:\/\/www.taizyfoodmachine.com\/wp-content\/uploads\/2022\/02\/popcorn-making-machine-CE-106x150.jpg 106w, https:\/\/www.taizyfoodmachine.com\/wp-content\/uploads\/2022\/02\/popcorn-making-machine-CE-8x12.jpg 8w\" sizes=\"auto, (max-width: 720px) 100vw, 720px\" title=\"\"><\/a> \t\t\t<\/div><\/figure><figure class='gallery-item'> \t\t\t<div class='gallery-icon portrait'> \t\t\t\t<a class=\"herald-popup\" href='https:\/\/www.taizyfoodmachine.com\/wp-content\/uploads\/2022\/02\/separator-machine-CE.jpg'><img loading=\"lazy\" decoding=\"async\" width=\"720\" height=\"1018\" src=\"https:\/\/www.taizyfoodmachine.com\/wp-content\/uploads\/2022\/02\/separator-machine-CE.jpg\" class=\"attachment-herald-lay-c1 size-herald-lay-c1\" alt=\"\" srcset=\"https:\/\/www.taizyfoodmachine.com\/wp-content\/uploads\/2022\/02\/separator-machine-CE.jpg 720w, https:\/\/www.taizyfoodmachine.com\/wp-content\/uploads\/2022\/02\/separator-machine-CE-255x360.jpg 255w, https:\/\/www.taizyfoodmachine.com\/wp-content\/uploads\/2022\/02\/separator-machine-CE-382x540.jpg 382w, https:\/\/www.taizyfoodmachine.com\/wp-content\/uploads\/2022\/02\/separator-machine-CE-106x150.jpg 106w, https:\/\/www.taizyfoodmachine.com\/wp-content\/uploads\/2022\/02\/separator-machine-CE-8x12.jpg 8w\" sizes=\"auto, (max-width: 720px) 100vw, 720px\" title=\"\"><\/a> \t\t\t<\/div><\/figure><figure class='gallery-item'> \t\t\t<div class='gallery-icon portrait'> \t\t\t\t<a class=\"herald-popup\" href='https:\/\/www.taizyfoodmachine.com\/wp-content\/uploads\/2022\/02\/sesame-washing-peeling-machine-CE.jpg'><img loading=\"lazy\" decoding=\"async\" width=\"720\" height=\"1018\" src=\"https:\/\/www.taizyfoodmachine.com\/wp-content\/uploads\/2022\/02\/sesame-washing-peeling-machine-CE.jpg\" class=\"attachment-herald-lay-c1 size-herald-lay-c1\" alt=\"\" srcset=\"https:\/\/www.taizyfoodmachine.com\/wp-content\/uploads\/2022\/02\/sesame-washing-peeling-machine-CE.jpg 720w, https:\/\/www.taizyfoodmachine.com\/wp-content\/uploads\/2022\/02\/sesame-washing-peeling-machine-CE-255x360.jpg 255w, https:\/\/www.taizyfoodmachine.com\/wp-content\/uploads\/2022\/02\/sesame-washing-peeling-machine-CE-382x540.jpg 382w, https:\/\/www.taizyfoodmachine.com\/wp-content\/uploads\/2022\/02\/sesame-washing-peeling-machine-CE-106x150.jpg 106w, https:\/\/www.taizyfoodmachine.com\/wp-content\/uploads\/2022\/02\/sesame-washing-peeling-machine-CE-8x12.jpg 8w\" sizes=\"auto, (max-width: 720px) 100vw, 720px\" title=\"\"><\/a> \t\t\t<\/div><\/figure><figure class='gallery-item'> \t\t\t<div class='gallery-icon portrait'> \t\t\t\t<a class=\"herald-popup\" href='https:\/\/www.taizyfoodmachine.com\/wp-content\/uploads\/2022\/02\/vegetable-cutting-machine-CE.jpg'><img loading=\"lazy\" decoding=\"async\" width=\"720\" height=\"1018\" src=\"https:\/\/www.taizyfoodmachine.com\/wp-content\/uploads\/2022\/02\/vegetable-cutting-machine-CE.jpg\" class=\"attachment-herald-lay-c1 size-herald-lay-c1\" alt=\"\" srcset=\"https:\/\/www.taizyfoodmachine.com\/wp-content\/uploads\/2022\/02\/vegetable-cutting-machine-CE.jpg 720w, https:\/\/www.taizyfoodmachine.com\/wp-content\/uploads\/2022\/02\/vegetable-cutting-machine-CE-255x360.jpg 255w, https:\/\/www.taizyfoodmachine.com\/wp-content\/uploads\/2022\/02\/vegetable-cutting-machine-CE-382x540.jpg 382w, https:\/\/www.taizyfoodmachine.com\/wp-content\/uploads\/2022\/02\/vegetable-cutting-machine-CE-106x150.jpg 106w, https:\/\/www.taizyfoodmachine.com\/wp-content\/uploads\/2022\/02\/vegetable-cutting-machine-CE-8x12.jpg 8w\" sizes=\"auto, (max-width: 720px) 100vw, 720px\" title=\"\"><\/a> \t\t\t<\/div><\/figure><figure class='gallery-item'> \t\t\t<div class='gallery-icon portrait'> \t\t\t\t<a class=\"herald-popup\" href='https:\/\/www.taizyfoodmachine.com\/wp-content\/uploads\/2022\/02\/Uganda-POVC.jpg'><img loading=\"lazy\" decoding=\"async\" width=\"720\" height=\"1018\" src=\"https:\/\/www.taizyfoodmachine.com\/wp-content\/uploads\/2022\/02\/Uganda-POVC.jpg\" class=\"attachment-herald-lay-c1 size-herald-lay-c1\" alt=\"\" srcset=\"https:\/\/www.taizyfoodmachine.com\/wp-content\/uploads\/2022\/02\/Uganda-POVC.jpg 720w, https:\/\/www.taizyfoodmachine.com\/wp-content\/uploads\/2022\/02\/Uganda-POVC-255x360.jpg 255w, https:\/\/www.taizyfoodmachine.com\/wp-content\/uploads\/2022\/02\/Uganda-POVC-382x540.jpg 382w, https:\/\/www.taizyfoodmachine.com\/wp-content\/uploads\/2022\/02\/Uganda-POVC-106x150.jpg 106w, https:\/\/www.taizyfoodmachine.com\/wp-content\/uploads\/2022\/02\/Uganda-POVC-8x12.jpg 8w\" sizes=\"auto, (max-width: 720px) 100vw, 720px\" title=\"\"><\/a> \t\t\t<\/div><\/figure> \t\t<\/div>","protected":false},"excerpt":{"rendered":"<p>OUR REPUTATIONZhengzhou Taizy Machinery Co., LTD., established in 2011, the leading machinery manufacturer and foreign trading enterprise from China, is headquartered in Zhengzhou, the capital city of Henan province in the middle region of China. Taizy is the integrity of scientific research and development (R&amp;D), manufacturing, technical service and oversea trading of high quality food [&hellip;]<\/p>\n","protected":false},"author":1,"featured_media":0,"parent":0,"menu_order":0,"comment_status":"open","ping_status":"closed","template":"","meta":{"footnotes":""},"class_list":["post-2009","page","type-page","status-publish","hentry"],"_links":{"self":[{"href":"https:\/\/www.taizyfoodmachine.com\/tr\/wp-json\/wp\/v2\/pages\/2009","targetHints":{"allow":["GET"]}}],"collection":[{"href":"https:\/\/www.taizyfoodmachine.com\/tr\/wp-json\/wp\/v2\/pages"}],"about":[{"href":"https:\/\/www.taizyfoodmachine.com\/tr\/wp-json\/wp\/v2\/types\/page"}],"author":[{"embeddable":true,"href":"https:\/\/www.taizyfoodmachine.com\/tr\/wp-json\/wp\/v2\/users\/1"}],"replies":[{"embeddable":true,"href":"https:\/\/www.taizyfoodmachine.com\/tr\/wp-json\/wp\/v2\/comments?post=2009"}],"version-history":[{"count":0,"href":"https:\/\/www.taizyfoodmachine.com\/tr\/wp-json\/wp\/v2\/pages\/2009\/revisions"}],"wp:attachment":[{"href":"https:\/\/www.taizyfoodmachine.com\/tr\/wp-json\/wp\/v2\/media?parent=2009"}],"curies":[{"name":"wp","href":"https:\/\/api.w.org\/{rel}","templated":true}]}}