{"id":2010,"date":"2018-12-27T07:37:08","date_gmt":"2018-12-27T07:37:08","guid":{"rendered":"http:\/\/www.taizyfoodmachine.com\/?page_id=6"},"modified":"2025-12-05T11:40:22","modified_gmt":"2025-12-05T03:40:22","slug":"contact-us","status":"publish","type":"page","link":"https:\/\/www.taizyfoodmachine.com\/tr\/contact-us","title":{"rendered":"Bize Ula\u015f\u0131n"},"content":{"rendered":"<div class=\"wp-block-columns is-layout-flex wp-container-core-columns-is-layout-9d6595d7 wp-block-columns-is-layout-flex\"> <div class=\"wp-block-column is-layout-flow wp-block-column-is-layout-flow\"> <p>Zhengzhou Taizy Machinery Equipment Co., Ltd.'ye ho\u015f geldiniz. Servis ekibimiz her t\u00fcrl\u00fc sat\u0131\u015f \u00f6ncesi, sat\u0131\u015f s\u0131ras\u0131nda veya sat\u0131\u015f sonras\u0131 sorular\u0131n\u0131zda size yard\u0131mc\u0131 olmaya haz\u0131r olarak hizmetinizdedir. \u0130stedi\u011finiz zaman bizimle ileti\u015fime ge\u00e7mekten \u00e7ekinmeyin; m\u00fc\u015fteri hizmetleri ekibimiz ihtiya\u00e7lar\u0131n\u0131z\u0131 derhal kar\u015f\u0131layacakt\u0131r.<\/p>    <p>Ayr\u0131ca her sekt\u00f6rden bireyleri inceleme ve gezi amac\u0131yla firmam\u0131z\u0131 ziyaret etmeye davet ediyoruz. Size kolayl\u0131k sa\u011flamak i\u00e7in havaalan\u0131 transferleri ve giri\u015f\/\u00e7\u0131k\u0131\u015f prosed\u00fcrleri konusunda yard\u0131m sa\u011flamaya kararl\u0131y\u0131z.<\/p>    <p>Taizy Machinery, d\u00fcnyan\u0131n d\u00f6rt bir yan\u0131ndan her b\u00fcy\u00fckl\u00fckteki m\u00fc\u015fteriyle derin i\u015fbirlikleri kurmay\u0131 i\u00e7tenlikle sab\u0131rs\u0131zl\u0131kla bekliyor. Bize olan g\u00fcveninizi ve g\u00fcveninizi takdir ediyoruz!<\/p> <\/div>    <div class=\"wp-block-column is-layout-flow wp-block-column-is-layout-flow\"> <figure class=\"wp-block-image\"><img decoding=\"async\" src=\"https:\/\/www.taizyfoodmachine.com\/wp-content\/uploads\/2018\/12\/Contact-Us.jpg\" alt=\"\" title=\"\"><\/figure>    <p class=\"translation-block\"><strong>Zhengzhou Taizy Makinecilik A.\u015e.<\/strong><br><strong>E-posta:info@taizyfoodmachine.com<\/strong><br><strong>WhatsApp\/Tel\/WeChat: 86 15838192276<\/strong><br><strong>Adres: Denizcilik Yolu Do\u011fu, Zhengzhou Ekonomik Kalk\u0131nma B\u00f6lgesi, Henan, \u00c7in<\/strong><\/p> <\/div> <\/div>","protected":false},"excerpt":{"rendered":"<p>Welcome to Zhengzhou Taizy Machinery Equipment Co., Ltd. Our service team is at your disposal, ready to assist you with any pre-sales, during-sales, or after-sales inquiries. Feel free to contact us anytime, and our customer service team will promptly address your needs. Furthermore, we extend a warm invitation to individuals from all sectors to visit [&hellip;]<\/p>\n","protected":false},"author":1,"featured_media":0,"parent":0,"menu_order":0,"comment_status":"open","ping_status":"closed","template":"","meta":{"footnotes":""},"class_list":["post-2010","page","type-page","status-publish","hentry"],"_links":{"self":[{"href":"https:\/\/www.taizyfoodmachine.com\/tr\/wp-json\/wp\/v2\/pages\/2010","targetHints":{"allow":["GET"]}}],"collection":[{"href":"https:\/\/www.taizyfoodmachine.com\/tr\/wp-json\/wp\/v2\/pages"}],"about":[{"href":"https:\/\/www.taizyfoodmachine.com\/tr\/wp-json\/wp\/v2\/types\/page"}],"author":[{"embeddable":true,"href":"https:\/\/www.taizyfoodmachine.com\/tr\/wp-json\/wp\/v2\/users\/1"}],"replies":[{"embeddable":true,"href":"https:\/\/www.taizyfoodmachine.com\/tr\/wp-json\/wp\/v2\/comments?post=2010"}],"version-history":[{"count":0,"href":"https:\/\/www.taizyfoodmachine.com\/tr\/wp-json\/wp\/v2\/pages\/2010\/revisions"}],"wp:attachment":[{"href":"https:\/\/www.taizyfoodmachine.com\/tr\/wp-json\/wp\/v2\/media?parent=2010"}],"curies":[{"name":"wp","href":"https:\/\/api.w.org\/{rel}","templated":true}]}}