{"id":24,"date":"2018-12-27T10:44:19","date_gmt":"2018-12-27T10:44:19","guid":{"rendered":"http:\/\/www.taizyfoodmachine.com\/?page_id=24"},"modified":"2025-02-06T14:10:39","modified_gmt":"2025-02-06T06:10:39","slug":"service","status":"publish","type":"page","link":"https:\/\/www.taizyfoodmachine.com\/tr\/service","title":{"rendered":"Hizmet"},"content":{"rendered":"<p class=\"translation-block\"><b>KAL\u0130TE KONTROL\u00dc<\/b><\/p>    <p>&nbsp;&nbsp;&nbsp;&nbsp;Pratik kullan\u0131m ve estetik talebin birle\u015fimi olan birinci s\u0131n\u0131f g\u0131da i\u015fleme ekipmanlar\u0131, yetenekli tasar\u0131mc\u0131m\u0131z taraf\u0131ndan tasarlanm\u0131\u015ft\u0131r; ayr\u0131ca, farkl\u0131 pazar talebi ve \u00fcretim gereksinimlerine uygun olarak Taizy'nin tasarlad\u0131\u011f\u0131 g\u0131da i\u015fleme ekipmanlar\u0131, boyut, \u015fekil, renk ve \u00fcretim ara\u00e7lar\u0131na g\u00f6re \u00f6zelle\u015ftirilebilir. g\u00fc\u00e7 kayna\u011f\u0131 vb.<\/p>    <p>&nbsp;&nbsp;&nbsp;&nbsp;Kalite kontrol\u00fc i\u00e7in, Taizy'nin on y\u0131l\u0131 a\u015fk\u0131n s\u00fcredir kendisini g\u0131da i\u015fleme imalat\u0131na adad\u0131\u011f\u0131 g\u00f6z \u00f6n\u00fcne al\u0131nd\u0131\u011f\u0131nda, g\u0131da \u00fcretim hatt\u0131na y\u00f6nelik optimize edilmi\u015f anahtar teslimi \u00e7\u00f6z\u00fcmler, Taizy bir dizi s\u00fcrekli ara\u015ft\u0131rma ve yeni icat edilen ekipman\u0131n pilot testleri yoluyla \u00f6zetledi ve geli\u015ftirdi: Gelecekteki pratik \u00e7al\u0131\u015fmalarda yeni makinelerin g\u00fcvenli ve verimli \u00e7al\u0131\u015fmas\u0131n\u0131 sa\u011flamak amac\u0131yla motive edici par\u00e7alar, ta\u015f\u0131ma par\u00e7alar\u0131 ve yard\u0131mc\u0131 cihazlar \u00f6zel teknik personelimiz taraf\u0131ndan incelenmektedir.<\/p>    <p>&nbsp;&nbsp;&nbsp;&nbsp;Dikkat \u00e7ekici bir \u015fekilde, \u00f6zel \u015fekilli par\u00e7alar da dahil olmak \u00fczere, g\u0131da i\u015fleme makinesinin tamam\u0131n\u0131 olu\u015fturan t\u00fcm par\u00e7alar, son teknoloji lazer kesim i\u015f\u00e7ili\u011fiyle \u00fcretilmi\u015f, b\u00f6ylece geleneksel \u00fcretim y\u00f6ntemindeki p\u00fcr\u00fczl\u00fc kesme kenarlar\u0131 sorunlar\u0131 kal\u0131c\u0131 olarak \u00e7\u00f6z\u00fclm\u00fc\u015ft\u00fcr.<\/p>    <figure class=\"wp-block-image\"><img decoding=\"async\" src=\"https:\/\/www.taizyfoodmachine.com\/wp-content\/uploads\/2018\/12\/Service.jpg\" alt=\"\" title=\"\"><\/figure>    <p><\/p>    <p class=\"translation-block\"><b>\u0130\u015e Z\u0130YARET\u0130<\/b><\/p>    <p>&nbsp;&nbsp;&nbsp;&nbsp;\u015eimdiye kadar Taizy, par\u00e7a kal\u0131plama ve \u015fekillendirme, makine montaj\u0131 ve bitmi\u015f makine testlerine kadar \u00e7e\u015fitli ama\u00e7larda uzmanla\u015fm\u0131\u015f fabrikalar i\u015fletiyordu. Taizy, teknik personelin talimat\u0131 alt\u0131nda tekli veya seri makineyi yerinde test etmek i\u00e7in fabrikam\u0131za bir i\u015f ziyareti yapmak \u00fczere m\u00fc\u015fterilerimizi s\u0131cak bir \u015fekilde kar\u015f\u0131lar.<\/p>    <p class=\"translation-block\"><b>TESL\u0130MAT<\/b><\/p>    <p>&nbsp;&nbsp;&nbsp;&nbsp;\u00dcretim hatt\u0131n\u0131n hijyenik i\u015flenmesine ili\u015fkin s\u0131k\u0131 gereklilik nedeniyle, bitmi\u015f makineler, ya\u011fmurdan kaynaklanan korozyondan zarar g\u00f6rmesi veya yabanc\u0131 maddelerden etkilenmesi durumunda iyi havaland\u0131r\u0131lan depomuzda depolan\u0131r.<\/p>    <p>&nbsp;&nbsp;&nbsp;&nbsp;Yurtd\u0131\u015f\u0131ndaki lojistik \u015firketiyle g\u00fcvenilir i\u015fbirli\u011fi sayesinde zaman\u0131nda teslimat ve nakliye garanti edilebilir. Bu arada nakliye s\u0131ras\u0131nda hasar olu\u015fmas\u0131 durumunda, bitmi\u015f makine s\u0131k\u0131ca sar\u0131larak ana par\u00e7alar, aksesuar par\u00e7alar\u0131 ve gadget'lar dahil olmak \u00fczere bile\u015fenlerin nakliye s\u0131ras\u0131nda zarar g\u00f6rmemesi sa\u011flan\u0131r.<\/p>    <p class=\"translation-block\"><strong>MONTAJ VE BAKIM VE ONARIM<\/strong><\/p>    <p>&nbsp;&nbsp;&nbsp;&nbsp;Bitmi\u015f makinenin montaj\u0131 ad\u0131m ad\u0131m montaj videosundaki talimatlar do\u011frultusunda ger\u00e7ekle\u015ftirilir, ayr\u0131ca teknik m\u00fchendisler veya personel yerinde montaj ve \u00fcretim hatt\u0131 da\u011f\u0131t\u0131m\u0131n\u0131 da yapabilir. Her ne kadar Taizy'nin sundu\u011fu bitmi\u015f \u00fcr\u00fcnler d\u00fc\u015f\u00fck bak\u0131m ve kolay kullan\u0131m ve temizlik ile karakterize edilse de, Taizy ayn\u0131 zamanda m\u00fc\u015fterilere kullan\u0131m k\u0131lavuzu ve periyodik bak\u0131m ve onar\u0131m da dahil olmak \u00fczere profesyonel sat\u0131\u015f sonras\u0131 hizmetler de sunmaktad\u0131r.<\/p>","protected":false},"excerpt":{"rendered":"<p>QUALITY CONTROL &nbsp;&nbsp;&nbsp;&nbsp;The premium food processing equipment as the combination of practical use and aesthetic request are designed by our talented designer, besides, in accordance with different market demand and production requirement, food processing equipment Taizy designed can be customized by size, shape, color, means of power supply, et cetera. &nbsp;&nbsp;&nbsp;&nbsp;For quality control, given that [&hellip;]<\/p>\n","protected":false},"author":1,"featured_media":0,"parent":0,"menu_order":0,"comment_status":"open","ping_status":"closed","template":"","meta":{"footnotes":""},"class_list":["post-24","page","type-page","status-publish","hentry"],"_links":{"self":[{"href":"https:\/\/www.taizyfoodmachine.com\/tr\/wp-json\/wp\/v2\/pages\/24","targetHints":{"allow":["GET"]}}],"collection":[{"href":"https:\/\/www.taizyfoodmachine.com\/tr\/wp-json\/wp\/v2\/pages"}],"about":[{"href":"https:\/\/www.taizyfoodmachine.com\/tr\/wp-json\/wp\/v2\/types\/page"}],"author":[{"embeddable":true,"href":"https:\/\/www.taizyfoodmachine.com\/tr\/wp-json\/wp\/v2\/users\/1"}],"replies":[{"embeddable":true,"href":"https:\/\/www.taizyfoodmachine.com\/tr\/wp-json\/wp\/v2\/comments?post=24"}],"version-history":[{"count":0,"href":"https:\/\/www.taizyfoodmachine.com\/tr\/wp-json\/wp\/v2\/pages\/24\/revisions"}],"wp:attachment":[{"href":"https:\/\/www.taizyfoodmachine.com\/tr\/wp-json\/wp\/v2\/media?parent=24"}],"curies":[{"name":"wp","href":"https:\/\/api.w.org\/{rel}","templated":true}]}}