{"id":2009,"date":"2018-12-27T07:32:08","date_gmt":"2018-12-27T07:32:08","guid":{"rendered":"http:\/\/www.taizyfoodmachine.com\/?page_id=2"},"modified":"2026-01-21T17:42:06","modified_gmt":"2026-01-21T09:42:06","slug":"about-us","status":"publish","type":"page","link":"https:\/\/www.taizyfoodmachine.com\/vi\/about-us","title":{"rendered":"V\u1ec1 ch\u00fang t\u00f4i"},"content":{"rendered":"<p class=\"translation-block\"><span style=\"font-size: 20px\"><strong>UY T\u00cdN C\u1ee6A CH\u00daNG T\u00d4I<\/strong><\/span><br>C\u00f4ng ty TNHH M\u00e1y m\u00f3c Zhengzhou Taizy, th\u00e0nh l\u1eadp n\u0103m 2011, l\u00e0 nh\u00e0 s\u1ea3n xu\u1ea5t m\u00e1y m\u00f3c h\u00e0ng \u0111\u1ea7u v\u00e0 doanh nghi\u1ec7p th\u01b0\u01a1ng m\u1ea1i qu\u1ed1c t\u1ebf c\u1ee7a Trung Qu\u1ed1c, c\u00f3 tr\u1ee5 s\u1edf ch\u00ednh t\u1ea1i Zhengzhou, th\u1ee7 ph\u1ee7 c\u1ee7a t\u1ec9nh H\u00e0 Nam, trung t\u00e2m mi\u1ec1n Trung Trung Qu\u1ed1c. Taizy l\u00e0 s\u1ef1 k\u1ebft h\u1ee3p c\u1ee7a nghi\u00ean c\u1ee9u v\u00e0 ph\u00e1t tri\u1ec3n khoa h\u1ecdc (R&amp;D), s\u1ea3n xu\u1ea5t, d\u1ecbch v\u1ee5 k\u1ef9 thu\u1eadt v\u00e0 th\u01b0\u01a1ng m\u1ea1i qu\u1ed1c t\u1ebf c\u1ee7a thi\u1ebft b\u1ecb ch\u1ebf bi\u1ebfn th\u1ef1c ph\u1ea9m ch\u1ea5t l\u01b0\u1ee3ng cao.<\/p>    <p>\u0110\u1eb7c bi\u1ec7t, \u0111\u01b0\u1ee3c h\u1ed7 tr\u1ee3 b\u1edfi nh\u00f3m k\u1ef9 thu\u1eadt \u0111\u01b0\u1ee3c \u0111\u00e0o t\u1ea1o nghi\u00eam ng\u1eb7t c\u1ee7a h\u1ecd, c\u00e1c nh\u00e0 thi\u1ebft k\u1ebf t\u00e0i n\u0103ng, \u0111\u1ed9i ng\u0169 b\u00e1n h\u00e0ng th\u01b0\u01a1ng m\u1ea1i qu\u1ed1c t\u1ebf chuy\u00ean nghi\u1ec7p, v\u00e0 c\u00e1c s\u1ea3n ph\u1ea9m ch\u1ea5t l\u01b0\u1ee3ng c\u00f3 tu\u1ed5i th\u1ecd l\u00e2u d\u00e0i, c\u00f9ng d\u1ecbch v\u1ee5 \u1ea5m \u00e1p, Taizy \u0111\u00e3 ph\u1ee5c v\u1ee5 kh\u00e1ch h\u00e0ng t\u1eeb ch\u00e2u \u00c1 \u0111\u1ebfn ch\u00e2u \u00c2u v\u00e0 ch\u00e2u Phi \u2013 Trong nh\u1eefng n\u0103m g\u1ea7n \u0111\u00e2y, c\u00e1c s\u1ea3n ph\u1ea9m c\u1ee7a Taizy \u0111\u00e3 \u0111\u01b0\u1ee3c b\u00e1n ra h\u01a1n 100 qu\u1ed1c gia v\u00e0 khu v\u1ef1c bao g\u1ed3m \u00dac, Nh\u1eadt B\u1ea3n, Singapore, M\u1ef9, Nigeria, Kenya, Ghana, Congo, Ethiopia, Namibia, Morocco, Botswana, Zimbabwe, Uganda, Algeria, Cameroon, Indonesia, \u1ea4n \u0110\u1ed9, Bangladesh, Dominica, v.v. Taizy \u0111\u00e3 tr\u1edf th\u00e0nh ph\u1ea7n kh\u00f4ng th\u1ec3 thi\u1ebfu c\u1ee7a ng\u00e0nh c\u00f4ng nghi\u1ec7p th\u1ef1c ph\u1ea9m to\u00e0n c\u1ea7u v\u00e0 nh\u1eadn \u0111\u01b0\u1ee3c s\u1ef1 n\u1ed5i ti\u1ebfng l\u1edbn tr\u00ean th\u1ecb tr\u01b0\u1eddng th\u1ef1c ph\u1ea9m qu\u1ed1c t\u1ebf.<\/p>   <div class=\"wp-block-image\"> <figure class=\"aligncenter\"><img decoding=\"async\" src=\"https:\/\/www.taizyfoodmachine.com\/wp-content\/uploads\/2019\/01\/zhengshu.jpg\" alt=\"\" title=\"\"><\/figure> <\/div>   <div align=\"center\"><\/div>    <p class=\"translation-block\"><span style=\"font-size: 20px\"><strong>H\u1ed6 TR\u1ee2 C\u00d4NG NGH\u1ec6<\/strong><\/span><br>\u0110\u1ed9i ng\u0169 k\u1ef9 thu\u1eadt \u0111\u1eb7c bi\u1ec7t: T\u1eeb vi\u1ec7c ch\u1ecdn nguy\u00ean li\u1ec7u \u0111\u1ebfn thi\u1ebft k\u1ebf v\u00e0 s\u1ea3n xu\u1ea5t m\u00e1y m\u00f3c, Taizy \u0111\u00e3 \u0111\u1ea7u t\u01b0 l\u1edbn v\u00e0o n\u00e2ng c\u1ea5p ngu\u1ed3n nh\u00e2n l\u1ef1c b\u1eb1ng c\u00e1ch tuy\u1ec3n d\u1ee5ng c\u00e1c nh\u00e0 thi\u1ebft k\u1ebf h\u00e0ng \u0111\u1ea7u, k\u1ef9 s\u01b0 \u0111\u01b0\u1ee3c \u0111\u00e0o t\u1ea1o b\u00e0i b\u1ea3n v\u00e0 c\u00e1c nh\u00e0 s\u1ea3n xu\u1ea5t xu\u1ea5t s\u1eafc. \u0110\u1ed3ng th\u1eddi, Taizy \u0111\u00e3 gi\u1edbi thi\u1ec7u m\u1ed9t lo\u1ea1t thi\u1ebft b\u1ecb ki\u1ec3m tra ch\u1ea5t l\u01b0\u1ee3ng \u0111\u1ec3 ki\u1ec3m tra m\u00e1y m\u00f3c tr\u01b0\u1edbc khi giao h\u00e0ng nh\u1eb1m \u0111\u1ea3m b\u1ea3o \u0111\u1ed9 b\u1ec1n v\u00e0 ch\u1ea5t l\u01b0\u1ee3ng cao c\u1ee7a thi\u1ebft b\u1ecb ho\u00e0n thi\u1ec7n.<\/p>    <p>V\u00ec l\u00fd do n\u00e0y, Taizy \u0111\u00e3 duy tr\u00ec v\u1ecb tr\u00ed d\u1eabn \u0111\u1ea7u v\u1ec1 c\u00f4ng ngh\u1ec7, thi\u1ebft k\u1ebf v\u00e0 s\u1ea3n xu\u1ea5t trong h\u01a1n m\u01b0\u1eddi n\u0103m trong ng\u00e0nh thi\u1ebft b\u1ecb th\u1ef1c ph\u1ea9m v\u00e0 \u0111\u01b0\u1ee3c m\u1ec7nh danh l\u00e0 m\u1ed9t trong nh\u1eefng c\u1ed9ng t\u00e1c vi\u00ean trung th\u1ef1c v\u00e0 \u0111\u00e1ng tin c\u1eady nh\u1ea5t \u1edf Trung Qu\u1ed1c.<\/p>   <div class=\"wp-block-image\"> <figure class=\"aligncenter size-large is-resized\"><img loading=\"lazy\" decoding=\"async\" width=\"519\" height=\"540\" src=\"https:\/\/www.taizyfoodmachine.com\/wp-content\/uploads\/2026\/01\/Taizys-clients-519x540.webp\" alt=\"Kh\u00e1ch h\u00e0ng c\u1ee7a Taizy\" class=\"wp-image-20354\" style=\"aspect-ratio:0.9611307420494699;width:609px;height:auto\" title=\"\" srcset=\"https:\/\/www.taizyfoodmachine.com\/wp-content\/uploads\/2026\/01\/Taizys-clients-519x540.webp 519w, https:\/\/www.taizyfoodmachine.com\/wp-content\/uploads\/2026\/01\/Taizys-clients-346x360.webp 346w, https:\/\/www.taizyfoodmachine.com\/wp-content\/uploads\/2026\/01\/Taizys-clients-144x150.webp 144w, https:\/\/www.taizyfoodmachine.com\/wp-content\/uploads\/2026\/01\/Taizys-clients-12x12.webp 12w, https:\/\/www.taizyfoodmachine.com\/wp-content\/uploads\/2026\/01\/Taizys-clients.webp 750w\" sizes=\"auto, (max-width: 519px) 100vw, 519px\" \/><figcaption class=\"wp-element-caption\">Kh\u00e1ch h\u00e0ng c\u1ee7a Taizy<\/figcaption><\/figure> <\/div>   <p class=\"translation-block\"><span style=\"font-size: 20px\"><strong>GI\u1ea2I PH\u00c1P T\u1ed0I \u01afU H\u00d3A C\u1ee6A CH\u00daNG T\u00d4I<\/strong><\/span><br>C\u00f4ng ty s\u1edf h\u1eefu trung t\u00e2m gia c\u00f4ng ti\u00ean ti\u1ebfn cho h\u00e0n t\u1ef1 \u0111\u1ed9ng v\u00e0 c\u1eaft laser cho c\u00e1c b\u1ed9 ph\u1eadn d\u1ea1ng \u0111\u1eb7c bi\u1ec7t, c\u00f9ng v\u1edbi c\u00f4ng ngh\u1ec7 m\u00e0i th\u1ee7 c\u00f4ng \u0111\u1ec3 l\u00e0m cho ngo\u1ea1i h\u00ecnh thi\u1ebft b\u1ecb g\u1ecdn g\u00e0ng v\u00e0 tinh x\u1ea3o, v\u00e0 c\u00f3 b\u1ed9 thi\u1ebft b\u1ecb ki\u1ec3m tra \u0111\u1ea7y \u0111\u1ee7 \u0111\u1ec3 \u0111\u1ea3m b\u1ea3o ch\u1ea5t l\u01b0\u1ee3ng t\u1ed1t c\u1ee7a thi\u1ebft b\u1ecb ho\u00e0n thi\u1ec7n nh\u1eb1m \u0111\u1ea1t hi\u1ec7u qu\u1ea3 x\u1eed l\u00fd m\u01b0\u1ee3t m\u00e0, l\u00e0m vi\u1ec7c an to\u00e0n, ti\u00eau chu\u1ea9n v\u1ec7 sinh \u0111\u01b0\u1ee3c \u0111\u1ea3m b\u1ea3o, v\u00e0 s\u1ea3n xu\u1ea5t xu\u1ea5t s\u1eafc, hi\u1ec7u qu\u1ea3. C\u00e1c s\u1ea3n ph\u1ea9m b\u00e1n ch\u1ea1y c\u1ee7a Taizy g\u1ed3m: m\u00e1y l\u00e0m s\u1ea1ch rau qu\u1ea3, m\u00e1y g\u1ecdt v\u00e0 r\u1eeda c\u1ee7 qu\u1ea3, m\u00e1y c\u1eaft rau qu\u1ea3 v\u00e0 tr\u00e1i c\u00e2y, m\u00e1y blanching v\u00e0 l\u00e0m m\u00e1t, d\u00e2y chuy\u1ec1n s\u1ea5y kh\u00f4 b\u1eb1ng kh\u00ed, thi\u1ebft b\u1ecb \u0111\u00f3ng g\u00f3i, v.v., c\u00f3 th\u1ec3 \u1ee9ng d\u1ee5ng r\u1ed9ng r\u00e3i trong ti\u1ec7t tr\u00f9ng v\u00e0 ch\u1ebf bi\u1ebfn c\u00e1c lo\u1ea1i rau qu\u1ea3, th\u1ef1c ph\u1ea9m gi\u1ea3i tr\u00ed, c\u0169ng nh\u01b0 ch\u1ebf bi\u1ebfn s\u00e2u c\u00e1c s\u1ea3n ph\u1ea9m n\u00f4ng nghi\u1ec7p. M\u1ee5c ti\u00eau cu\u1ed1i c\u00f9ng c\u1ee7a Taizy l\u00e0 cung c\u1ea5p cho kh\u00e1ch h\u00e0ng c\u00e1c gi\u1ea3i ph\u00e1p s\u1ea3n xu\u1ea5t th\u1ef1c ph\u1ea9m th\u1ef1c t\u1ebf, ph\u00f9 h\u1ee3p t\u00fai ti\u1ec1n, c\u00f3 l\u1ee3i nhu\u1eadn, \u0111\u1ec3 th\u00fac \u0111\u1ea9y v\u00e0 l\u00e0 c\u00e1ch \u0111\u1ec3 t\u0103ng t\u1ed1c ph\u00e1t tri\u1ec3n c\u1ee7a kh\u00e1ch h\u00e0ng, n\u00e2ng c\u1ea5p d\u00e2y chuy\u1ec1n s\u1ea3n xu\u1ea5t, n\u00e2ng cao h\u00ecnh \u1ea3nh c\u00f4ng ty v\u00e0 x\u00e2y d\u1ef1ng uy t\u00edn c\u1ee7a kh\u00e1ch h\u00e0ng.<\/p>    <p>Hi\u1ec7n t\u1ea1i, Taizy \u0111\u00e3 ph\u00e1t minh v\u00e0 ph\u00e1t tri\u1ec3n c\u00e1c gi\u1ea3i ph\u00e1p ch\u1ebf bi\u1ebfn th\u1ef1c ph\u1ea9m \u0111\u00e1ng ch\u00fa \u00fd bao g\u1ed3m d\u00e2y chuy\u1ec1n s\u1ea3n xu\u1ea5t khoai t\u00e2y chi\u00ean\/khoai t\u00e2y chi\u00ean \u0111\u00f4ng l\u1ea1nh nhanh; d\u00e2y chuy\u1ec1n s\u1ea3n xu\u1ea5t chu\u1ed1i chi\u00ean; d\u00e2y chuy\u1ec1n ch\u1ebf bi\u1ebfn r\u1eeda v\u00e0 l\u00e0m s\u1ea1ch rau, tr\u00e1i c\u00e2y, v.v.<\/p>    <div style=\"margin-top: 10px;\"> <\/div>   <div id='gallery-1' class='gallery galleryid-2009 gallery-columns-2 gallery-size-herald-lay-a'><figure class='gallery-item'> \t\t\t<div class='gallery-icon landscape'> \t\t\t\t<a class=\"herald-popup\" href='https:\/\/www.taizyfoodmachine.com\/wp-content\/uploads\/2022\/02\/QQ\u56fe\u724720191022115603-tuya_\u7ed3\u679c.jpg'><img loading=\"lazy\" decoding=\"async\" width=\"720\" height=\"540\" src=\"https:\/\/www.taizyfoodmachine.com\/wp-content\/uploads\/2022\/02\/QQ\u56fe\u724720191022115603-tuya_\u7ed3\u679c.jpg\" class=\"attachment-herald-lay-a size-herald-lay-a\" alt=\"\" srcset=\"https:\/\/www.taizyfoodmachine.com\/wp-content\/uploads\/2022\/02\/QQ\u56fe\u724720191022115603-tuya_\u7ed3\u679c.jpg 720w, https:\/\/www.taizyfoodmachine.com\/wp-content\/uploads\/2022\/02\/QQ\u56fe\u724720191022115603-tuya_\u7ed3\u679c-480x360.jpg 480w, https:\/\/www.taizyfoodmachine.com\/wp-content\/uploads\/2022\/02\/QQ\u56fe\u724720191022115603-tuya_\u7ed3\u679c-150x113.jpg 150w, https:\/\/www.taizyfoodmachine.com\/wp-content\/uploads\/2022\/02\/QQ\u56fe\u724720191022115603-tuya_\u7ed3\u679c-16x12.jpg 16w, https:\/\/www.taizyfoodmachine.com\/wp-content\/uploads\/2022\/02\/QQ\u56fe\u724720191022115603-tuya_\u7ed3\u679c-74x55.jpg 74w, https:\/\/www.taizyfoodmachine.com\/wp-content\/uploads\/2022\/02\/QQ\u56fe\u724720191022115603-tuya_\u7ed3\u679c-111x83.jpg 111w\" sizes=\"auto, (max-width: 720px) 100vw, 720px\" title=\"\"><\/a> \t\t\t<\/div><\/figure><figure class='gallery-item'> \t\t\t<div class='gallery-icon landscape'> \t\t\t\t<a class=\"herald-popup\" href='https:\/\/www.taizyfoodmachine.com\/wp-content\/uploads\/2022\/02\/IMG_20191022_111715-tuya_\u7ed3\u679c.jpg'><img loading=\"lazy\" decoding=\"async\" width=\"720\" height=\"540\" src=\"https:\/\/www.taizyfoodmachine.com\/wp-content\/uploads\/2022\/02\/IMG_20191022_111715-tuya_\u7ed3\u679c.jpg\" class=\"attachment-herald-lay-a size-herald-lay-a\" alt=\"\" srcset=\"https:\/\/www.taizyfoodmachine.com\/wp-content\/uploads\/2022\/02\/IMG_20191022_111715-tuya_\u7ed3\u679c.jpg 720w, https:\/\/www.taizyfoodmachine.com\/wp-content\/uploads\/2022\/02\/IMG_20191022_111715-tuya_\u7ed3\u679c-480x360.jpg 480w, https:\/\/www.taizyfoodmachine.com\/wp-content\/uploads\/2022\/02\/IMG_20191022_111715-tuya_\u7ed3\u679c-150x113.jpg 150w, https:\/\/www.taizyfoodmachine.com\/wp-content\/uploads\/2022\/02\/IMG_20191022_111715-tuya_\u7ed3\u679c-16x12.jpg 16w, https:\/\/www.taizyfoodmachine.com\/wp-content\/uploads\/2022\/02\/IMG_20191022_111715-tuya_\u7ed3\u679c-74x55.jpg 74w, https:\/\/www.taizyfoodmachine.com\/wp-content\/uploads\/2022\/02\/IMG_20191022_111715-tuya_\u7ed3\u679c-111x83.jpg 111w\" sizes=\"auto, (max-width: 720px) 100vw, 720px\" title=\"\"><\/a> \t\t\t<\/div><\/figure><figure class='gallery-item'> \t\t\t<div class='gallery-icon landscape'> \t\t\t\t<a class=\"herald-popup\" href='https:\/\/www.taizyfoodmachine.com\/wp-content\/uploads\/2022\/02\/98@YN2PEVMHK3FWSRU-tuya_\u7ed3\u679c.jpg'><img loading=\"lazy\" decoding=\"async\" width=\"720\" height=\"540\" src=\"https:\/\/www.taizyfoodmachine.com\/wp-content\/uploads\/2022\/02\/98@YN2PEVMHK3FWSRU-tuya_\u7ed3\u679c.jpg\" class=\"attachment-herald-lay-a size-herald-lay-a\" alt=\"\" srcset=\"https:\/\/www.taizyfoodmachine.com\/wp-content\/uploads\/2022\/02\/98@YN2PEVMHK3FWSRU-tuya_\u7ed3\u679c.jpg 720w, https:\/\/www.taizyfoodmachine.com\/wp-content\/uploads\/2022\/02\/98@YN2PEVMHK3FWSRU-tuya_\u7ed3\u679c-480x360.jpg 480w, https:\/\/www.taizyfoodmachine.com\/wp-content\/uploads\/2022\/02\/98@YN2PEVMHK3FWSRU-tuya_\u7ed3\u679c-150x113.jpg 150w, https:\/\/www.taizyfoodmachine.com\/wp-content\/uploads\/2022\/02\/98@YN2PEVMHK3FWSRU-tuya_\u7ed3\u679c-16x12.jpg 16w, https:\/\/www.taizyfoodmachine.com\/wp-content\/uploads\/2022\/02\/98@YN2PEVMHK3FWSRU-tuya_\u7ed3\u679c-74x55.jpg 74w, https:\/\/www.taizyfoodmachine.com\/wp-content\/uploads\/2022\/02\/98@YN2PEVMHK3FWSRU-tuya_\u7ed3\u679c-111x83.jpg 111w\" sizes=\"auto, (max-width: 720px) 100vw, 720px\" title=\"\"><\/a> \t\t\t<\/div><\/figure><figure class='gallery-item'> \t\t\t<div class='gallery-icon landscape'> \t\t\t\t<a class=\"herald-popup\" href='https:\/\/www.taizyfoodmachine.com\/wp-content\/uploads\/2022\/02\/stock2-tuya_\u7ed3\u679c.jpg'><img loading=\"lazy\" decoding=\"async\" width=\"720\" height=\"540\" src=\"https:\/\/www.taizyfoodmachine.com\/wp-content\/uploads\/2022\/02\/stock2-tuya_\u7ed3\u679c.jpg\" class=\"attachment-herald-lay-a size-herald-lay-a\" alt=\"\" srcset=\"https:\/\/www.taizyfoodmachine.com\/wp-content\/uploads\/2022\/02\/stock2-tuya_\u7ed3\u679c.jpg 720w, https:\/\/www.taizyfoodmachine.com\/wp-content\/uploads\/2022\/02\/stock2-tuya_\u7ed3\u679c-480x360.jpg 480w, https:\/\/www.taizyfoodmachine.com\/wp-content\/uploads\/2022\/02\/stock2-tuya_\u7ed3\u679c-150x113.jpg 150w, https:\/\/www.taizyfoodmachine.com\/wp-content\/uploads\/2022\/02\/stock2-tuya_\u7ed3\u679c-16x12.jpg 16w, https:\/\/www.taizyfoodmachine.com\/wp-content\/uploads\/2022\/02\/stock2-tuya_\u7ed3\u679c-74x55.jpg 74w, https:\/\/www.taizyfoodmachine.com\/wp-content\/uploads\/2022\/02\/stock2-tuya_\u7ed3\u679c-111x83.jpg 111w\" sizes=\"auto, (max-width: 720px) 100vw, 720px\" title=\"\"><\/a> \t\t\t<\/div><\/figure> \t\t<\/div>    <p class=\"translation-block\"><span style=\"font-size: 20px\"><strong>KH\u00c1I NI\u1ec6M C\u1ee6A CH\u00daNG T\u00d4I<\/strong><\/span><\/p>    <p>Ba kh\u00e1i ni\u1ec7m ch\u00ednh m\u00e0 Taizy Machinery \u0111\u00e1nh gi\u00e1: t\u00ednh ch\u00ednh tr\u1ef1c, l\u00f2ng bi\u1ebft \u01a1n, l\u00f2ng v\u1ecb tha, s\u1ef1 gi\u00fap \u0111\u1ee1 l\u1eabn nhau;<\/p>    <p>S\u1ee9 m\u1ec7nh c\u1ee7a Taizy Machinery ph\u00e1t huy: xu\u1ea5t kh\u1ea9u to\u00e0n c\u1ea7u, l\u00e0m cho m\u00e1y m\u00f3c c\u1ee7a Trung Qu\u1ed1c n\u1ed5i ti\u1ebfng th\u1ebf gi\u1edbi;<\/p>    <p>T\u1ea7m nh\u00ecn tr\u00e2n tr\u1ecdng m\u00e1y m\u00f3c Taizy: x\u00e2y d\u1ef1ng n\u1ec1n t\u1ea3ng t\u1ed1t nh\u1ea5t cho s\u1ef1 ph\u00e1t tri\u1ec3n c\u1ee7a nh\u00e2n vi\u00ean.<\/p>    <p>Taizy, v\u1edbi t\u01b0 c\u00e1ch l\u00e0 c\u00f4ng ty \u0111\u1ecbnh h\u01b0\u1edbng th\u1ecb tr\u01b0\u1eddng, l\u1ea5y \u201ct\u1eadn d\u1ee5ng uy t\u00edn b\u1eb1ng c\u00e1ch b\u00e1n s\u1ea3n ph\u1ea9m ch\u1ea5t l\u01b0\u1ee3ng cao v\u00e0 cung c\u1ea5p d\u1ecbch v\u1ee5 c\u00e1 nh\u00e2n h\u00f3a\u201d l\u00e0m ph\u01b0\u01a1ng ti\u1ec7n ph\u00e1t tri\u1ec3n, \u0111\u00e3 gi\u1edbi thi\u1ec7u c\u00f4ng ngh\u1ec7 ti\u00ean ti\u1ebfn, c\u01a1 s\u1edf s\u1ea3n xu\u1ea5t cao c\u1ea5p, \u0111\u1ed9i ng\u0169 h\u01b0\u1edbng d\u1eabn k\u1ef9 thu\u1eadt trong v\u00e0 ngo\u00e0i n\u01b0\u1edbc trong qu\u00e1 tr\u00ecnh ph\u00e1t tri\u1ec3n s\u1ea3n ph\u1ea9m, s\u1ea3n xu\u1ea5t thi\u1ebft b\u1ecb v\u00e0 ki\u1ec3m so\u00e1t ch\u1ea5t l\u01b0\u1ee3ng th\u00e0nh ph\u1ea9m. Do \u0111\u00f3, d\u1ef1a tr\u00ean y\u00eau c\u1ea7u c\u1ee7a th\u1ecb tr\u01b0\u1eddng thi\u1ebft b\u1ecb ch\u1ebf bi\u1ebfn th\u1ef1c ph\u1ea9m qu\u1ed1c t\u1ebf, thi\u1ebft b\u1ecb v\u00e0 m\u00e1y m\u00f3c m\u00e0 Taizy \u0111\u00e3 ph\u00e1t minh v\u00e0 ph\u00e1t tri\u1ec3n r\u1ea5t \u0111\u01b0\u1ee3c \u01b0a chu\u1ed9ng tr\u00ean th\u1ecb tr\u01b0\u1eddng qu\u1ed1c t\u1ebf.<\/p>    <p>Nh\u00e2n vi\u00ean c\u00f4ng ty c\u1ee7a Taizy \u0111ang l\u00e0m vi\u1ec7c v\u1edbi th\u00e1i \u0111\u1ed9 nhi\u1ec7t t\u00ecnh v\u00e0 ch\u00e2n th\u00e0nh, \u0111\u1ec1 cao kh\u00e1i ni\u1ec7m m\u1ed1i quan h\u1ec7 kinh doanh c\u00f9ng c\u00f3 l\u1ee3i, nhi\u1ec7t li\u1ec7t ch\u00e0o \u0111\u00f3n kh\u00e1ch h\u00e0ng m\u1edbi v\u00e0 c\u0169 \u0111\u1ebfn th\u0103m doanh nghi\u1ec7p v\u00e0 x\u00e2y d\u1ef1ng m\u1ed1i quan h\u1ec7 h\u1ee3p t\u00e1c v\u1edbi ch\u00fang t\u00f4i. Taizy lu\u00f4n h\u01b0\u1edbng t\u1edbi t\u01b0\u01a1ng lai, c\u1ed1ng hi\u1ebfn trong vi\u1ec7c t\u1ea1o ra c\u00e1c gi\u1ea3i ph\u00e1p s\u1ea3n xu\u1ea5t v\u00e0 ti\u1ebft ki\u1ec7m n\u0103ng l\u01b0\u1ee3ng \u0111\u1eb3ng c\u1ea5p th\u1ebf gi\u1edbi \u0111\u1ec3 gi\u00fap kh\u00e1ch h\u00e0ng gi\u00e0nh \u0111\u01b0\u1ee3c t\u01b0\u01a1ng lai b\u1eb1ng c\u00e1ch ki\u1ebfm \u0111\u01b0\u1ee3c nhi\u1ec1u l\u1ee3i nhu\u1eadn h\u01a1n, Taizy ch\u00fa \u00fd h\u01a1n \u0111\u1ebfn y\u00eau c\u1ea7u v\u00e0 mong \u0111\u1ee3i c\u1ee7a kh\u00e1ch h\u00e0ng b\u1eb1ng nh\u1eefng n\u1ed7 l\u1ef1c l\u1edbn nh\u1ea5t c\u1ee7a ch\u00fang t\u00f4i.<br>H\u00e3y ch\u1ecdn Taizy \u0111\u1ec3 hi\u1ec7n th\u1ef1c h\u00f3a m\u1ed9t doanh nghi\u1ec7p th\u00e0nh c\u00f4ng!<\/p>    <p class=\"translation-block\"><span style=\"font-size: 20px\"><strong>CH\u1ee8NG NH\u1eacN TAIZY<\/strong><\/span><br>Taizy \u0111\u00e3 \u0111\u01b0\u1ee3c ch\u1ee9ng nh\u1eadn b\u1edfi SGS, ISO, CE v\u00e0 BV. \u0110\u1ed3ng th\u1eddi, Taizy \u0111\u01b0\u1ee3c vinh danh l\u00e0 \u201cDoanh nghi\u1ec7p Tin c\u1eady H\u00e0ng n\u0103m\u201d v\u00e0 \u201cDoanh nghi\u1ec7p Ti\u00ean ti\u1ebfn v\u1ec1 An to\u00e0n Lao \u0111\u1ed9ng\u201d t\u1ea1i t\u1ec9nh H\u00e0 Nam, Trung Qu\u1ed1c. Taizy cam k\u1ebft tr\u1edf th\u00e0nh m\u1ed9t doanh nghi\u1ec7p \u0111a d\u1ea1ng, n\u1ed5i ti\u1ebfng to\u00e0n c\u1ea7u v\u1ec1 s\u00e1ng ch\u1ebf v\u00e0 s\u1ea3n xu\u1ea5t m\u00e1y m\u00f3c.<\/p>   <div id='gallery-2' class='gallery galleryid-2009 gallery-columns-3 gallery-size-herald-lay-c1'><figure class='gallery-item'> \t\t\t<div class='gallery-icon portrait'> \t\t\t\t<a class=\"herald-popup\" href='https:\/\/www.taizyfoodmachine.com\/wp-content\/uploads\/2022\/02\/black-garlic-fermentation-machine-CE.jpg'><img loading=\"lazy\" decoding=\"async\" width=\"720\" height=\"1018\" src=\"https:\/\/www.taizyfoodmachine.com\/wp-content\/uploads\/2022\/02\/black-garlic-fermentation-machine-CE.jpg\" class=\"attachment-herald-lay-c1 size-herald-lay-c1\" alt=\"\" srcset=\"https:\/\/www.taizyfoodmachine.com\/wp-content\/uploads\/2022\/02\/black-garlic-fermentation-machine-CE.jpg 720w, https:\/\/www.taizyfoodmachine.com\/wp-content\/uploads\/2022\/02\/black-garlic-fermentation-machine-CE-255x360.jpg 255w, https:\/\/www.taizyfoodmachine.com\/wp-content\/uploads\/2022\/02\/black-garlic-fermentation-machine-CE-382x540.jpg 382w, https:\/\/www.taizyfoodmachine.com\/wp-content\/uploads\/2022\/02\/black-garlic-fermentation-machine-CE-106x150.jpg 106w, https:\/\/www.taizyfoodmachine.com\/wp-content\/uploads\/2022\/02\/black-garlic-fermentation-machine-CE-8x12.jpg 8w\" sizes=\"auto, (max-width: 720px) 100vw, 720px\" title=\"\"><\/a> \t\t\t<\/div><\/figure><figure class='gallery-item'> \t\t\t<div class='gallery-icon portrait'> \t\t\t\t<a class=\"herald-popup\" href='https:\/\/www.taizyfoodmachine.com\/wp-content\/uploads\/2022\/02\/blanching-machine-CE.jpg'><img loading=\"lazy\" decoding=\"async\" width=\"720\" height=\"1018\" src=\"https:\/\/www.taizyfoodmachine.com\/wp-content\/uploads\/2022\/02\/blanching-machine-CE.jpg\" class=\"attachment-herald-lay-c1 size-herald-lay-c1\" alt=\"\" srcset=\"https:\/\/www.taizyfoodmachine.com\/wp-content\/uploads\/2022\/02\/blanching-machine-CE.jpg 720w, https:\/\/www.taizyfoodmachine.com\/wp-content\/uploads\/2022\/02\/blanching-machine-CE-255x360.jpg 255w, https:\/\/www.taizyfoodmachine.com\/wp-content\/uploads\/2022\/02\/blanching-machine-CE-382x540.jpg 382w, https:\/\/www.taizyfoodmachine.com\/wp-content\/uploads\/2022\/02\/blanching-machine-CE-106x150.jpg 106w, https:\/\/www.taizyfoodmachine.com\/wp-content\/uploads\/2022\/02\/blanching-machine-CE-8x12.jpg 8w\" sizes=\"auto, (max-width: 720px) 100vw, 720px\" title=\"\"><\/a> \t\t\t<\/div><\/figure><figure class='gallery-item'> \t\t\t<div class='gallery-icon portrait'> \t\t\t\t<a class=\"herald-popup\" href='https:\/\/www.taizyfoodmachine.com\/wp-content\/uploads\/2022\/02\/fruit-processing-production-line-CE.jpg'><img loading=\"lazy\" decoding=\"async\" width=\"720\" height=\"1018\" src=\"https:\/\/www.taizyfoodmachine.com\/wp-content\/uploads\/2022\/02\/fruit-processing-production-line-CE.jpg\" class=\"attachment-herald-lay-c1 size-herald-lay-c1\" alt=\"\" srcset=\"https:\/\/www.taizyfoodmachine.com\/wp-content\/uploads\/2022\/02\/fruit-processing-production-line-CE.jpg 720w, https:\/\/www.taizyfoodmachine.com\/wp-content\/uploads\/2022\/02\/fruit-processing-production-line-CE-255x360.jpg 255w, https:\/\/www.taizyfoodmachine.com\/wp-content\/uploads\/2022\/02\/fruit-processing-production-line-CE-382x540.jpg 382w, https:\/\/www.taizyfoodmachine.com\/wp-content\/uploads\/2022\/02\/fruit-processing-production-line-CE-106x150.jpg 106w, https:\/\/www.taizyfoodmachine.com\/wp-content\/uploads\/2022\/02\/fruit-processing-production-line-CE-8x12.jpg 8w\" sizes=\"auto, (max-width: 720px) 100vw, 720px\" title=\"\"><\/a> \t\t\t<\/div><\/figure><figure class='gallery-item'> \t\t\t<div class='gallery-icon portrait'> \t\t\t\t<a class=\"herald-popup\" href='https:\/\/www.taizyfoodmachine.com\/wp-content\/uploads\/2022\/02\/popcorn-making-machine-CE.jpg'><img loading=\"lazy\" decoding=\"async\" width=\"720\" height=\"1018\" src=\"https:\/\/www.taizyfoodmachine.com\/wp-content\/uploads\/2022\/02\/popcorn-making-machine-CE.jpg\" class=\"attachment-herald-lay-c1 size-herald-lay-c1\" alt=\"\" srcset=\"https:\/\/www.taizyfoodmachine.com\/wp-content\/uploads\/2022\/02\/popcorn-making-machine-CE.jpg 720w, https:\/\/www.taizyfoodmachine.com\/wp-content\/uploads\/2022\/02\/popcorn-making-machine-CE-255x360.jpg 255w, https:\/\/www.taizyfoodmachine.com\/wp-content\/uploads\/2022\/02\/popcorn-making-machine-CE-382x540.jpg 382w, https:\/\/www.taizyfoodmachine.com\/wp-content\/uploads\/2022\/02\/popcorn-making-machine-CE-106x150.jpg 106w, https:\/\/www.taizyfoodmachine.com\/wp-content\/uploads\/2022\/02\/popcorn-making-machine-CE-8x12.jpg 8w\" sizes=\"auto, (max-width: 720px) 100vw, 720px\" title=\"\"><\/a> \t\t\t<\/div><\/figure><figure class='gallery-item'> \t\t\t<div class='gallery-icon portrait'> \t\t\t\t<a class=\"herald-popup\" href='https:\/\/www.taizyfoodmachine.com\/wp-content\/uploads\/2022\/02\/separator-machine-CE.jpg'><img loading=\"lazy\" decoding=\"async\" width=\"720\" height=\"1018\" src=\"https:\/\/www.taizyfoodmachine.com\/wp-content\/uploads\/2022\/02\/separator-machine-CE.jpg\" class=\"attachment-herald-lay-c1 size-herald-lay-c1\" alt=\"\" srcset=\"https:\/\/www.taizyfoodmachine.com\/wp-content\/uploads\/2022\/02\/separator-machine-CE.jpg 720w, https:\/\/www.taizyfoodmachine.com\/wp-content\/uploads\/2022\/02\/separator-machine-CE-255x360.jpg 255w, https:\/\/www.taizyfoodmachine.com\/wp-content\/uploads\/2022\/02\/separator-machine-CE-382x540.jpg 382w, https:\/\/www.taizyfoodmachine.com\/wp-content\/uploads\/2022\/02\/separator-machine-CE-106x150.jpg 106w, https:\/\/www.taizyfoodmachine.com\/wp-content\/uploads\/2022\/02\/separator-machine-CE-8x12.jpg 8w\" sizes=\"auto, (max-width: 720px) 100vw, 720px\" title=\"\"><\/a> \t\t\t<\/div><\/figure><figure class='gallery-item'> \t\t\t<div class='gallery-icon portrait'> \t\t\t\t<a class=\"herald-popup\" href='https:\/\/www.taizyfoodmachine.com\/wp-content\/uploads\/2022\/02\/sesame-washing-peeling-machine-CE.jpg'><img loading=\"lazy\" decoding=\"async\" width=\"720\" height=\"1018\" src=\"https:\/\/www.taizyfoodmachine.com\/wp-content\/uploads\/2022\/02\/sesame-washing-peeling-machine-CE.jpg\" class=\"attachment-herald-lay-c1 size-herald-lay-c1\" alt=\"\" srcset=\"https:\/\/www.taizyfoodmachine.com\/wp-content\/uploads\/2022\/02\/sesame-washing-peeling-machine-CE.jpg 720w, https:\/\/www.taizyfoodmachine.com\/wp-content\/uploads\/2022\/02\/sesame-washing-peeling-machine-CE-255x360.jpg 255w, https:\/\/www.taizyfoodmachine.com\/wp-content\/uploads\/2022\/02\/sesame-washing-peeling-machine-CE-382x540.jpg 382w, https:\/\/www.taizyfoodmachine.com\/wp-content\/uploads\/2022\/02\/sesame-washing-peeling-machine-CE-106x150.jpg 106w, https:\/\/www.taizyfoodmachine.com\/wp-content\/uploads\/2022\/02\/sesame-washing-peeling-machine-CE-8x12.jpg 8w\" sizes=\"auto, (max-width: 720px) 100vw, 720px\" title=\"\"><\/a> \t\t\t<\/div><\/figure><figure class='gallery-item'> \t\t\t<div class='gallery-icon portrait'> \t\t\t\t<a class=\"herald-popup\" href='https:\/\/www.taizyfoodmachine.com\/wp-content\/uploads\/2022\/02\/vegetable-cutting-machine-CE.jpg'><img loading=\"lazy\" decoding=\"async\" width=\"720\" height=\"1018\" src=\"https:\/\/www.taizyfoodmachine.com\/wp-content\/uploads\/2022\/02\/vegetable-cutting-machine-CE.jpg\" class=\"attachment-herald-lay-c1 size-herald-lay-c1\" alt=\"\" srcset=\"https:\/\/www.taizyfoodmachine.com\/wp-content\/uploads\/2022\/02\/vegetable-cutting-machine-CE.jpg 720w, https:\/\/www.taizyfoodmachine.com\/wp-content\/uploads\/2022\/02\/vegetable-cutting-machine-CE-255x360.jpg 255w, https:\/\/www.taizyfoodmachine.com\/wp-content\/uploads\/2022\/02\/vegetable-cutting-machine-CE-382x540.jpg 382w, https:\/\/www.taizyfoodmachine.com\/wp-content\/uploads\/2022\/02\/vegetable-cutting-machine-CE-106x150.jpg 106w, https:\/\/www.taizyfoodmachine.com\/wp-content\/uploads\/2022\/02\/vegetable-cutting-machine-CE-8x12.jpg 8w\" sizes=\"auto, (max-width: 720px) 100vw, 720px\" title=\"\"><\/a> \t\t\t<\/div><\/figure><figure class='gallery-item'> \t\t\t<div class='gallery-icon portrait'> \t\t\t\t<a class=\"herald-popup\" href='https:\/\/www.taizyfoodmachine.com\/wp-content\/uploads\/2022\/02\/Uganda-POVC.jpg'><img loading=\"lazy\" decoding=\"async\" width=\"720\" height=\"1018\" src=\"https:\/\/www.taizyfoodmachine.com\/wp-content\/uploads\/2022\/02\/Uganda-POVC.jpg\" class=\"attachment-herald-lay-c1 size-herald-lay-c1\" alt=\"\" srcset=\"https:\/\/www.taizyfoodmachine.com\/wp-content\/uploads\/2022\/02\/Uganda-POVC.jpg 720w, https:\/\/www.taizyfoodmachine.com\/wp-content\/uploads\/2022\/02\/Uganda-POVC-255x360.jpg 255w, https:\/\/www.taizyfoodmachine.com\/wp-content\/uploads\/2022\/02\/Uganda-POVC-382x540.jpg 382w, https:\/\/www.taizyfoodmachine.com\/wp-content\/uploads\/2022\/02\/Uganda-POVC-106x150.jpg 106w, https:\/\/www.taizyfoodmachine.com\/wp-content\/uploads\/2022\/02\/Uganda-POVC-8x12.jpg 8w\" sizes=\"auto, (max-width: 720px) 100vw, 720px\" title=\"\"><\/a> \t\t\t<\/div><\/figure> \t\t<\/div>","protected":false},"excerpt":{"rendered":"<p>OUR REPUTATIONZhengzhou Taizy Machinery Co., LTD., established in 2011, the leading machinery manufacturer and foreign trading enterprise from China, is headquartered in Zhengzhou, the capital city of Henan province in the middle region of China. Taizy is the integrity of scientific research and development (R&amp;D), manufacturing, technical service and oversea trading of high quality food [&hellip;]<\/p>\n","protected":false},"author":1,"featured_media":0,"parent":0,"menu_order":0,"comment_status":"open","ping_status":"closed","template":"","meta":{"footnotes":""},"class_list":["post-2009","page","type-page","status-publish","hentry"],"_links":{"self":[{"href":"https:\/\/www.taizyfoodmachine.com\/vi\/wp-json\/wp\/v2\/pages\/2009","targetHints":{"allow":["GET"]}}],"collection":[{"href":"https:\/\/www.taizyfoodmachine.com\/vi\/wp-json\/wp\/v2\/pages"}],"about":[{"href":"https:\/\/www.taizyfoodmachine.com\/vi\/wp-json\/wp\/v2\/types\/page"}],"author":[{"embeddable":true,"href":"https:\/\/www.taizyfoodmachine.com\/vi\/wp-json\/wp\/v2\/users\/1"}],"replies":[{"embeddable":true,"href":"https:\/\/www.taizyfoodmachine.com\/vi\/wp-json\/wp\/v2\/comments?post=2009"}],"version-history":[{"count":0,"href":"https:\/\/www.taizyfoodmachine.com\/vi\/wp-json\/wp\/v2\/pages\/2009\/revisions"}],"wp:attachment":[{"href":"https:\/\/www.taizyfoodmachine.com\/vi\/wp-json\/wp\/v2\/media?parent=2009"}],"curies":[{"name":"wp","href":"https:\/\/api.w.org\/{rel}","templated":true}]}}