{"id":2010,"date":"2018-12-27T07:37:08","date_gmt":"2018-12-27T07:37:08","guid":{"rendered":"http:\/\/www.taizyfoodmachine.com\/?page_id=6"},"modified":"2025-12-05T11:40:22","modified_gmt":"2025-12-05T03:40:22","slug":"contact-us","status":"publish","type":"page","link":"https:\/\/www.taizyfoodmachine.com\/vi\/contact-us","title":{"rendered":"Li\u00ean h\u1ec7 v\u1edbi ch\u00fang t\u00f4i"},"content":{"rendered":"<div class=\"wp-block-columns is-layout-flex wp-container-core-columns-is-layout-9d6595d7 wp-block-columns-is-layout-flex\"> <div class=\"wp-block-column is-layout-flow wp-block-column-is-layout-flow\"> <p>Ch\u00e0o m\u1eebng b\u1ea1n \u0111\u1ebfn v\u1edbi C\u00f4ng ty TNHH Thi\u1ebft b\u1ecb M\u00e1y m\u00f3c Taizy Zhengzhou. \u0110\u1ed9i ng\u0169 d\u1ecbch v\u1ee5 c\u1ee7a ch\u00fang t\u00f4i lu\u00f4n s\u1eb5n s\u00e0ng h\u1ed7 tr\u1ee3 b\u1ea1n, s\u1eb5n s\u00e0ng h\u1ed7 tr\u1ee3 b\u1ea1n v\u1edbi b\u1ea5t k\u1ef3 y\u00eau c\u1ea7u n\u00e0o tr\u01b0\u1edbc khi b\u00e1n h\u00e0ng, trong khi b\u00e1n h\u00e0ng ho\u1eb7c sau b\u00e1n h\u00e0ng. Vui l\u00f2ng li\u00ean h\u1ec7 v\u1edbi ch\u00fang t\u00f4i b\u1ea5t c\u1ee9 l\u00fac n\u00e0o v\u00e0 nh\u00f3m d\u1ecbch v\u1ee5 kh\u00e1ch h\u00e0ng c\u1ee7a ch\u00fang t\u00f4i s\u1ebd nhanh ch\u00f3ng gi\u1ea3i quy\u1ebft nhu c\u1ea7u c\u1ee7a b\u1ea1n.<\/p>    <p>H\u01a1n n\u1eefa, ch\u00fang t\u00f4i g\u1eedi l\u1eddi m\u1eddi n\u1ed3ng nhi\u1ec7t t\u1edbi c\u00e1c c\u00e1 nh\u00e2n t\u1eeb m\u1ecdi l\u0129nh v\u1ef1c \u0111\u1ebfn th\u0103m c\u00f4ng ty c\u1ee7a ch\u00fang t\u00f4i \u0111\u1ec3 ki\u1ec3m tra v\u00e0 tham quan. Ch\u00fang t\u00f4i cam k\u1ebft h\u1ed7 tr\u1ee3 \u0111\u01b0a \u0111\u00f3n s\u00e2n bay v\u00e0 c\u00e1c th\u1ee7 t\u1ee5c xu\u1ea5t nh\u1eadp c\u1ea3nh \u0111\u1ec3 thu\u1eadn ti\u1ec7n cho b\u1ea1n.<\/p>    <p>Taizy Machinery ch\u00e2n th\u00e0nh mong mu\u1ed1n thi\u1ebft l\u1eadp s\u1ef1 h\u1ee3p t\u00e1c s\u00e2u s\u1eafc v\u1edbi c\u00e1c kh\u00e1ch h\u00e0ng thu\u1ed9c m\u1ecdi quy m\u00f4 t\u1eeb kh\u1eafp n\u01a1i tr\u00ean th\u1ebf gi\u1edbi. Ch\u00fang t\u00f4i \u0111\u00e1nh gi\u00e1 cao s\u1ef1 tin t\u01b0\u1edfng v\u00e0 tin t\u01b0\u1edfng c\u1ee7a b\u1ea1n d\u00e0nh cho ch\u00fang t\u00f4i!<\/p> <\/div>    <div class=\"wp-block-column is-layout-flow wp-block-column-is-layout-flow\"> <figure class=\"wp-block-image\"><img decoding=\"async\" src=\"https:\/\/www.taizyfoodmachine.com\/wp-content\/uploads\/2018\/12\/Contact-Us.jpg\" alt=\"\" title=\"\"><\/figure>    <p class=\"translation-block\"><strong>C\u00f4ng ty TNHH M\u00e1y m\u00f3c Zhengzhou Taizy<\/strong><br><strong>Email:info@taizyfoodmachine.com<\/strong><br><strong>WhatsApp\/Tel\/WeChat: 86 15838192276<\/strong><br><strong>\u0110\u1ecba ch\u1ec9: \u0110\u01b0\u1eddng Nautical \u0110\u00f4ng, Khu ph\u00e1t tri\u1ec3n kinh t\u1ebf Zhengzhou, H\u00e0 Nam, Trung Qu\u1ed1c<\/strong><\/p> <\/div> <\/div>","protected":false},"excerpt":{"rendered":"<p>Welcome to Zhengzhou Taizy Machinery Equipment Co., Ltd. Our service team is at your disposal, ready to assist you with any pre-sales, during-sales, or after-sales inquiries. Feel free to contact us anytime, and our customer service team will promptly address your needs. Furthermore, we extend a warm invitation to individuals from all sectors to visit [&hellip;]<\/p>\n","protected":false},"author":1,"featured_media":0,"parent":0,"menu_order":0,"comment_status":"open","ping_status":"closed","template":"","meta":{"footnotes":""},"class_list":["post-2010","page","type-page","status-publish","hentry"],"_links":{"self":[{"href":"https:\/\/www.taizyfoodmachine.com\/vi\/wp-json\/wp\/v2\/pages\/2010","targetHints":{"allow":["GET"]}}],"collection":[{"href":"https:\/\/www.taizyfoodmachine.com\/vi\/wp-json\/wp\/v2\/pages"}],"about":[{"href":"https:\/\/www.taizyfoodmachine.com\/vi\/wp-json\/wp\/v2\/types\/page"}],"author":[{"embeddable":true,"href":"https:\/\/www.taizyfoodmachine.com\/vi\/wp-json\/wp\/v2\/users\/1"}],"replies":[{"embeddable":true,"href":"https:\/\/www.taizyfoodmachine.com\/vi\/wp-json\/wp\/v2\/comments?post=2010"}],"version-history":[{"count":0,"href":"https:\/\/www.taizyfoodmachine.com\/vi\/wp-json\/wp\/v2\/pages\/2010\/revisions"}],"wp:attachment":[{"href":"https:\/\/www.taizyfoodmachine.com\/vi\/wp-json\/wp\/v2\/media?parent=2010"}],"curies":[{"name":"wp","href":"https:\/\/api.w.org\/{rel}","templated":true}]}}