{"id":24,"date":"2018-12-27T10:44:19","date_gmt":"2018-12-27T10:44:19","guid":{"rendered":"http:\/\/www.taizyfoodmachine.com\/?page_id=24"},"modified":"2025-02-06T14:10:39","modified_gmt":"2025-02-06T06:10:39","slug":"service","status":"publish","type":"page","link":"https:\/\/www.taizyfoodmachine.com\/vi\/service","title":{"rendered":"D\u1ecbch v\u1ee5"},"content":{"rendered":"<p class=\"translation-block\"><b>KI\u1ec2M SO\u00c1T CH\u1ea4T L\u01af\u1ee2NG<\/b><\/p>    <p>&nbsp;&nbsp;&nbsp;&nbsp;Thi\u1ebft b\u1ecb ch\u1ebf bi\u1ebfn th\u1ef1c ph\u1ea9m cao c\u1ea5p l\u00e0 s\u1ef1 k\u1ebft h\u1ee3p gi\u1eefa s\u1eed d\u1ee5ng th\u1ef1c t\u1ebf v\u00e0 y\u00eau c\u1ea7u th\u1ea9m m\u1ef9 \u0111\u01b0\u1ee3c thi\u1ebft k\u1ebf b\u1edfi nh\u00e0 thi\u1ebft k\u1ebf t\u00e0i n\u0103ng c\u1ee7a ch\u00fang t\u00f4i, b\u00ean c\u1ea1nh \u0111\u00f3, ph\u00f9 h\u1ee3p v\u1edbi nhu c\u1ea7u th\u1ecb tr\u01b0\u1eddng v\u00e0 y\u00eau c\u1ea7u s\u1ea3n xu\u1ea5t kh\u00e1c nhau, thi\u1ebft b\u1ecb ch\u1ebf bi\u1ebfn th\u1ef1c ph\u1ea9m Taizy \u0111\u01b0\u1ee3c thi\u1ebft k\u1ebf c\u00f3 th\u1ec3 \u0111\u01b0\u1ee3c t\u00f9y ch\u1ec9nh theo k\u00edch th\u01b0\u1edbc, h\u00ecnh d\u1ea1ng, m\u00e0u s\u1eafc, ph\u01b0\u01a1ng ti\u1ec7n cung c\u1ea5p \u0111i\u1ec7n, v.v.<\/p>    <p>&nbsp;&nbsp;&nbsp;&nbsp;\u0110\u1ec3 ki\u1ec3m so\u00e1t ch\u1ea5t l\u01b0\u1ee3ng, Taizy \u0111\u00e3 c\u1ed1ng hi\u1ebfn h\u1ebft m\u00ecnh cho vi\u1ec7c s\u1ea3n xu\u1ea5t ch\u1ebf bi\u1ebfn th\u1ef1c ph\u1ea9m trong h\u01a1n m\u01b0\u1eddi n\u0103m, c\u00e1c gi\u1ea3i ph\u00e1p ch\u00eca kh\u00f3a trao tay t\u1ed1i \u01b0u cho d\u00e2y chuy\u1ec1n s\u1ea3n xu\u1ea5t th\u1ef1c ph\u1ea9m, Taizy \u0111\u00e3 t\u1ed5ng h\u1ee3p v\u00e0 c\u1ea3i ti\u1ebfn th\u00f4ng qua h\u00e0ng lo\u1ea1t nghi\u00ean c\u1ee9u v\u00e0 th\u1eed nghi\u1ec7m li\u00ean t\u1ee5c c\u00e1c thi\u1ebft b\u1ecb m\u1edbi \u0111\u01b0\u1ee3c ph\u00e1t minh: c\u00e1c b\u1ed9 ph\u1eadn \u0111\u1ed9ng l\u1ef1c, b\u1ed9 ph\u1eadn truy\u1ec1n t\u1ea3i v\u00e0 thi\u1ebft b\u1ecb ph\u1ee5 tr\u1ee3 \u0111\u01b0\u1ee3c nh\u00e2n vi\u00ean k\u1ef9 thu\u1eadt \u0111\u1eb7c bi\u1ec7t c\u1ee7a ch\u00fang t\u00f4i xem x\u00e9t k\u1ef9 l\u01b0\u1ee1ng nh\u1eb1m \u0111\u1ea3m b\u1ea3o ho\u1ea1t \u0111\u1ed9ng an to\u00e0n v\u00e0 v\u1eadn h\u00e0nh hi\u1ec7u qu\u1ea3 c\u1ee7a c\u00e1c m\u00e1y m\u1edbi trong c\u00f4ng vi\u1ec7c th\u1ef1c t\u1ebf trong t\u01b0\u01a1ng lai.<\/p>    <p>&nbsp;&nbsp;&nbsp;&nbsp;\u0110\u00e1ng ch\u00fa \u00fd, bao g\u1ed3m c\u00e1c b\u1ed9 ph\u1eadn c\u00f3 h\u00ecnh d\u1ea1ng \u0111\u1eb7c bi\u1ec7t, t\u1ea5t c\u1ea3 c\u00e1c b\u1ed9 ph\u1eadn c\u1ea5u th\u00e0nh n\u00ean to\u00e0n b\u1ed9 m\u00e1y ch\u1ebf bi\u1ebfn th\u1ef1c ph\u1ea9m \u0111\u1ec1u \u0111\u01b0\u1ee3c s\u1ea3n xu\u1ea5t th\u00f4ng qua quy tr\u00ecnh c\u1eaft laser cao c\u1ea5p, nh\u1edd \u0111\u00f3 v\u1ea5n \u0111\u1ec1 l\u01b0\u1ee1i c\u1eaft th\u00f4 c\u1ee7a ph\u01b0\u01a1ng ph\u00e1p s\u1ea3n xu\u1ea5t truy\u1ec1n th\u1ed1ng \u0111\u00e3 \u0111\u01b0\u1ee3c gi\u1ea3i quy\u1ebft v\u0129nh vi\u1ec5n.<\/p>    <figure class=\"wp-block-image\"><img decoding=\"async\" src=\"https:\/\/www.taizyfoodmachine.com\/wp-content\/uploads\/2018\/12\/Service.jpg\" alt=\"\" title=\"\"><\/figure>    <p><\/p>    <p class=\"translation-block\"><b>TH\u0102NG TUY\u1ebeN KH\u00c1CH H\u00c0NG<\/b><\/p>    <p>&nbsp;&nbsp;&nbsp;&nbsp;Cho \u0111\u1ebfn nay, Taizy \u0111\u00e3 \u0111i\u1ec1u h\u00e0nh c\u00e1c nh\u00e0 m\u00e1y chuy\u00ean v\u1ec1 nhi\u1ec1u m\u1ee5c \u0111\u00edch kh\u00e1c nhau, t\u1eeb \u0111\u00fac v\u00e0 t\u1ea1o h\u00ecnh c\u00e1c b\u1ed9 ph\u1eadn, l\u1eafp r\u00e1p m\u00e1y cho \u0111\u1ebfn th\u1eed nghi\u1ec7m m\u00e1y th\u00e0nh ph\u1ea9m. Taizy n\u1ed3ng nhi\u1ec7t ch\u00e0o \u0111\u00f3n kh\u00e1ch h\u00e0ng \u0111\u1ebfn th\u0103m nh\u00e0 m\u00e1y c\u1ee7a ch\u00fang t\u00f4i \u0111\u1ec3 ki\u1ec3m tra m\u1ed9t chi\u1ebfc ho\u1eb7c m\u1ed9t lo\u1ea1t m\u00e1y t\u1ea1i ch\u1ed7 d\u01b0\u1edbi s\u1ef1 h\u01b0\u1edbng d\u1eabn c\u1ee7a nh\u00e2n vi\u00ean k\u1ef9 thu\u1eadt.<\/p>    <p class=\"translation-block\"><b>GIAO H\u00c0NG<\/b><\/p>    <p>&nbsp;&nbsp;&nbsp;&nbsp;Do y\u00eau c\u1ea7u kh\u1eaft khe v\u1ec1 kh\u00e2u x\u1eed l\u00fd v\u1ec7 sinh trong d\u00e2y chuy\u1ec1n s\u1ea3n xu\u1ea5t n\u00ean m\u00e1y th\u00e0nh ph\u1ea9m \u0111\u01b0\u1ee3c b\u1ea3o qu\u1ea3n trong kho th\u00f4ng tho\u00e1ng \u0111\u1ec1 ph\u00f2ng tr\u01b0\u1eddng h\u1ee3p b\u1ecb h\u01b0 h\u1ecfng do m\u01b0a \u0103n m\u00f2n ho\u1eb7c b\u1ecb \u1ea3nh h\u01b0\u1edfng b\u1edfi t\u1ea1p ch\u1ea5t.<\/p>    <p>&nbsp;&nbsp;&nbsp;&nbsp;Vi\u1ec7c giao h\u00e0ng v\u00e0 v\u1eadn chuy\u1ec3n k\u1ecbp th\u1eddi c\u00f3 th\u1ec3 \u0111\u01b0\u1ee3c \u0111\u1ea3m b\u1ea3o th\u00f4ng qua s\u1ef1 h\u1ee3p t\u00e1c \u0111\u00e1ng tin c\u1eady v\u1edbi c\u00e1c c\u00f4ng ty h\u1eadu c\u1ea7n \u1edf n\u01b0\u1edbc ngo\u00e0i. Trong khi \u0111\u00f3, trong tr\u01b0\u1eddng h\u1ee3p h\u01b0 h\u1ecfng trong qu\u00e1 tr\u00ecnh v\u1eadn chuy\u1ec3n, m\u00e1y th\u00e0nh ph\u1ea9m \u0111\u01b0\u1ee3c b\u1ecdc ch\u1eb7t, \u0111\u1ea3m b\u1ea3o nguy\u00ean v\u1eb9n c\u00e1c b\u1ed9 ph\u1eadn bao g\u1ed3m b\u1ed9 ph\u1eadn ch\u00ednh, b\u1ed9 ph\u1eadn ph\u1ee5 ki\u1ec7n v\u00e0 \u0111\u1ed3 d\u00f9ng trong qu\u00e1 tr\u00ecnh v\u1eadn chuy\u1ec3n.<\/p>    <p class=\"translation-block\"><strong>L\u1eaeP R\u00c1P &amp; B\u1ea2O TR\u00cc &amp; S\u1eecA CH\u1eecA<\/strong><\/p>    <p>&nbsp;&nbsp;&nbsp;&nbsp;Vi\u1ec7c l\u1eafp r\u00e1p m\u00e1y th\u00e0nh ph\u1ea9m \u0111\u01b0\u1ee3c th\u1ef1c hi\u1ec7n t\u1eebng b\u01b0\u1edbc theo h\u01b0\u1edbng d\u1eabn c\u1ee7a video l\u1eafp r\u00e1p, \u0111\u1ed3ng th\u1eddi, k\u1ef9 s\u01b0 ho\u1eb7c nh\u00e2n vi\u00ean k\u1ef9 thu\u1eadt c\u00f3 th\u1ec3 ti\u1ebfn h\u00e0nh l\u1eafp r\u00e1p t\u1ea1i ch\u1ed7 v\u00e0 ph\u00e2n ph\u1ed1i d\u00e2y chuy\u1ec1n s\u1ea3n xu\u1ea5t. M\u1eb7c d\u00f9 c\u00e1c s\u1ea3n ph\u1ea9m ho\u00e0n thi\u1ec7n m\u00e0 Taizy cung c\u1ea5p c\u00f3 \u0111\u1eb7c \u0111i\u1ec3m l\u00e0 \u00edt ph\u1ea3i b\u1ea3o tr\u00ec, v\u1eadn h\u00e0nh v\u00e0 v\u1ec7 sinh d\u1ec5 d\u00e0ng, Taizy c\u0169ng cung c\u1ea5p cho kh\u00e1ch h\u00e0ng c\u00e1c d\u1ecbch v\u1ee5 sau b\u00e1n h\u00e0ng chuy\u00ean nghi\u1ec7p v\u00e0 h\u01b0\u1edbng d\u1eabn s\u1eed d\u1ee5ng d\u00e0nh cho ch\u1ee7 s\u1edf h\u1eefu, bao g\u1ed3m c\u1ea3 vi\u1ec7c b\u1ea3o tr\u00ec v\u00e0 s\u1eeda ch\u1eefa \u0111\u1ecbnh k\u1ef3.<\/p>","protected":false},"excerpt":{"rendered":"<p>QUALITY CONTROL &nbsp;&nbsp;&nbsp;&nbsp;The premium food processing equipment as the combination of practical use and aesthetic request are designed by our talented designer, besides, in accordance with different market demand and production requirement, food processing equipment Taizy designed can be customized by size, shape, color, means of power supply, et cetera. &nbsp;&nbsp;&nbsp;&nbsp;For quality control, given that [&hellip;]<\/p>\n","protected":false},"author":1,"featured_media":0,"parent":0,"menu_order":0,"comment_status":"open","ping_status":"closed","template":"","meta":{"footnotes":""},"class_list":["post-24","page","type-page","status-publish","hentry"],"_links":{"self":[{"href":"https:\/\/www.taizyfoodmachine.com\/vi\/wp-json\/wp\/v2\/pages\/24","targetHints":{"allow":["GET"]}}],"collection":[{"href":"https:\/\/www.taizyfoodmachine.com\/vi\/wp-json\/wp\/v2\/pages"}],"about":[{"href":"https:\/\/www.taizyfoodmachine.com\/vi\/wp-json\/wp\/v2\/types\/page"}],"author":[{"embeddable":true,"href":"https:\/\/www.taizyfoodmachine.com\/vi\/wp-json\/wp\/v2\/users\/1"}],"replies":[{"embeddable":true,"href":"https:\/\/www.taizyfoodmachine.com\/vi\/wp-json\/wp\/v2\/comments?post=24"}],"version-history":[{"count":0,"href":"https:\/\/www.taizyfoodmachine.com\/vi\/wp-json\/wp\/v2\/pages\/24\/revisions"}],"wp:attachment":[{"href":"https:\/\/www.taizyfoodmachine.com\/vi\/wp-json\/wp\/v2\/media?parent=24"}],"curies":[{"name":"wp","href":"https:\/\/api.w.org\/{rel}","templated":true}]}}